{"id":11173,"date":"2026-03-11T10:06:04","date_gmt":"2026-03-11T09:06:04","guid":{"rendered":"https:\/\/www.campingversiliamare.it\/?page_id=11173"},"modified":"2026-03-11T10:33:49","modified_gmt":"2026-03-11T09:33:49","slug":"bike-tour","status":"publish","type":"page","link":"https:\/\/www.campingversiliamare.it\/ru\/bike-tour\/","title":{"rendered":"\u0412\u0435\u043b\u043e\u0442\u0443\u0440"},"content":{"rendered":"<div data-elementor-type=\"wp-page\" data-elementor-id=\"11173\" class=\"elementor elementor-11173\">\n\t\t\t\t\t\t<section class=\"elementor-section elementor-top-section elementor-element elementor-element-6f54e11 elementor-section-stretched elementor-section-boxed elementor-section-height-default elementor-section-height-default\" data-id=\"6f54e11\" data-element_type=\"section\" data-e-type=\"section\" data-settings=\"{&quot;stretch_section&quot;:&quot;section-stretched&quot;,&quot;background_background&quot;:&quot;classic&quot;}\">\n\t\t\t\t\t\t\t<div class=\"elementor-background-overlay\"><\/div>\n\t\t\t\t\t\t\t<div class=\"elementor-container elementor-column-gap-default\">\n\t\t\t\t\t<div class=\"elementor-column elementor-col-100 elementor-top-column elementor-element elementor-element-a6acc77\" data-id=\"a6acc77\" data-element_type=\"column\" data-e-type=\"column\">\n\t\t\t<div class=\"elementor-widget-wrap elementor-element-populated\">\n\t\t\t\t\t\t<div class=\"elementor-element elementor-element-936c07d elementor-widget elementor-widget-heading\" data-id=\"936c07d\" data-element_type=\"widget\" data-e-type=\"widget\" data-widget_type=\"heading.default\">\n\t\t\t\t<div class=\"elementor-widget-container\">\n\t\t\t\t\t<h1 class=\"elementor-heading-title elementor-size-default\">\u0412\u0435\u043b\u043e\u0442\u0443\u0440<\/h1>\t\t\t\t<\/div>\n\t\t\t\t<\/div>\n\t\t\t\t\t<\/div>\n\t\t<\/div>\n\t\t\t\t\t<\/div>\n\t\t<\/section>\n\t\t\t\t<section class=\"elementor-section elementor-top-section elementor-element elementor-element-f0db389 elementor-section-boxed elementor-section-height-default elementor-section-height-default\" data-id=\"f0db389\" data-element_type=\"section\" data-e-type=\"section\">\n\t\t\t\t\t\t<div class=\"elementor-container elementor-column-gap-default\">\n\t\t\t\t\t<div class=\"elementor-column elementor-col-50 elementor-top-column elementor-element elementor-element-348cef2\" data-id=\"348cef2\" data-element_type=\"column\" data-e-type=\"column\">\n\t\t\t<div class=\"elementor-widget-wrap elementor-element-populated\">\n\t\t\t\t\t\t<div class=\"elementor-element elementor-element-e864c39 elementor-widget elementor-widget-text-editor\" data-id=\"e864c39\" data-element_type=\"widget\" data-e-type=\"widget\" data-widget_type=\"text-editor.default\">\n\t\t\t\t<div class=\"elementor-widget-container\">\n\t\t\t\t\t\t\t\t\t<h2>\u0425\u0430\u0440\u0430\u043a\u0442\u0435\u0440\u0438\u0441\u0442\u0438\u043a\u0438 \u0434\u0435\u044f\u0442\u0435\u043b\u044c\u043d\u043e\u0441\u0442\u0438<\/h2><ul><li>\u0414\u043d\u0435\u0432\u043d\u0430\u044f \u0432\u0435\u043b\u043e\u043f\u0440\u043e\u0433\u0443\u043b\u043a\u0430<\/li><li>\u0413\u0440\u0443\u043f\u043f\u044b <b>\u043c\u0438\u043d\u0438\u043c\u0443\u043c 6 \u0447\u0435\u043b\u043e\u0432\u0435\u043a \u0438 \u043c\u0430\u043a\u0441\u0438\u043c\u0443\u043c 10 \u0447\u0435\u043b\u043e\u0432\u0435\u043a<\/b> \u0434\u043b\u044f \u043e\u0431\u0435\u0441\u043f\u0435\u0447\u0435\u043d\u0438\u044f \u0431\u0435\u0437\u043e\u043f\u0430\u0441\u043d\u043e\u0441\u0442\u0438 \u0438 \u043a\u0430\u0447\u0435\u0441\u0442\u0432\u0430.<\/li><li><b>\u0414\u0435\u0442\u0438 \u0441\u0442\u0430\u0440\u0448\u0435 8 \u043b\u0435\u0442<\/b>.<\/li><li>\u0412\u043e\u0437\u043c\u043e\u0436\u043d\u043e\u0441\u0442\u044c \u0441\u0430\u043c\u043e\u0441\u0442\u043e\u044f\u0442\u0435\u043b\u044c\u043d\u043e\u0439 \u0438\u043d\u0442\u0435\u0433\u0440\u0430\u0446\u0438\u0438 \u0441\u0438\u0441\u0442\u0435\u043c\u044b \u043f\u0440\u043e\u043a\u0430\u0442\u0430 \u0432\u0435\u043b\u043e\u0441\u0438\u043f\u0435\u0434\u043e\u0432 Camping Versilia Mare.<\/li><li>\u0412\u0441\u0442\u0440\u0435\u0447\u0430\u0435\u043c\u0441\u044f \u0432 16:00 \u0432 \u043a\u0435\u043c\u043f\u0438\u043d\u0433\u0435.<\/li><li>\u041c\u0435\u0440\u043e\u043f\u0440\u0438\u044f\u0442\u0438\u0435 \u0437\u0430\u0432\u0435\u0440\u0448\u0438\u0442\u0441\u044f \u043f\u0440\u0438\u0431\u043b\u0438\u0437\u0438\u0442\u0435\u043b\u044c\u043d\u043e \u0432 18:30.<\/li><\/ul><p>\u0426\u0435\u043d\u044b \u043c\u043e\u0433\u0443\u0442 \u043c\u0435\u043d\u044f\u0442\u044c\u0441\u044f \u0432 \u0437\u0430\u0432\u0438\u0441\u0438\u043c\u043e\u0441\u0442\u0438 \u043e\u0442 \u043a\u043e\u043b\u0438\u0447\u0435\u0441\u0442\u0432\u0430 \u0443\u0447\u0430\u0441\u0442\u043d\u0438\u043a\u043e\u0432. \u0421\u0442\u043e\u0438\u043c\u043e\u0441\u0442\u044c \u043c\u0435\u0440\u043e\u043f\u0440\u0438\u044f\u0442\u0438\u0439 \u0432\u0430\u0440\u044c\u0438\u0440\u0443\u0435\u0442\u0441\u044f \u043e\u0442 20,00 \u0434\u043e 30,00 \u0435\u0432\u0440\u043e \u0441 \u0447\u0435\u043b\u043e\u0432\u0435\u043a\u0430.<\/p><ul><li>\u0413\u0440\u0443\u043f\u043f\u044b \u0438\u0437 6 \u0447\u0435\u043b\u043e\u0432\u0435\u043a: 30,00 \u0435\u0432\u0440\u043e \u0441 \u0447\u0435\u043b\u043e\u0432\u0435\u043a\u0430.<\/li><li>\u0413\u0440\u0443\u043f\u043f\u0430 \u0438\u0437 8 \u0447\u0435\u043b\u043e\u0432\u0435\u043a: 25,00 \u0435\u0432\u0440\u043e \u0441 \u0447\u0435\u043b\u043e\u0432\u0435\u043a\u0430.<\/li><li>\u0413\u0440\u0443\u043f\u043f\u0430 \u0438\u0437 10 \u0447\u0435\u043b\u043e\u0432\u0435\u043a: 20,00 \u0435\u0432\u0440\u043e \u0441 \u0447\u0435\u043b\u043e\u0432\u0435\u043a\u0430.<\/li><li>\u0414\u043e\u043f\u043e\u043b\u043d\u0438\u0442\u0435\u043b\u044c\u043d\u0430\u044f \u0443\u0441\u043b\u0443\u0433\u0430 \u043f\u0440\u043e\u043a\u0430\u0442\u0430 \u0432\u0435\u043b\u043e\u0441\u0438\u043f\u0435\u0434\u043e\u0432<\/li><\/ul>\t\t\t\t\t\t\t\t<\/div>\n\t\t\t\t<\/div>\n\t\t\t\t\t<\/div>\n\t\t<\/div>\n\t\t\t\t<div class=\"elementor-column elementor-col-50 elementor-top-column elementor-element elementor-element-22b910b\" data-id=\"22b910b\" data-element_type=\"column\" data-e-type=\"column\" data-settings=\"{&quot;background_background&quot;:&quot;classic&quot;}\">\n\t\t\t<div class=\"elementor-widget-wrap elementor-element-populated\">\n\t\t\t\t\t\t<div class=\"elementor-element elementor-element-7e71fb7 elementor-widget elementor-widget-heading\" data-id=\"7e71fb7\" data-element_type=\"widget\" data-e-type=\"widget\" data-widget_type=\"heading.default\">\n\t\t\t\t<div class=\"elementor-widget-container\">\n\t\t\t\t\t<h2 class=\"elementor-heading-title elementor-size-default\">\u041a\u0430\u043b\u0435\u043d\u0434\u0430\u0440\u044c \u043c\u0435\u0440\u043e\u043f\u0440\u0438\u044f\u0442\u0438\u0439<\/h2>\t\t\t\t<\/div>\n\t\t\t\t<\/div>\n\t\t\t\t<div class=\"elementor-element elementor-element-fcc3ba1 elementor-widget elementor-widget-text-editor\" data-id=\"fcc3ba1\" data-element_type=\"widget\" data-e-type=\"widget\" data-widget_type=\"text-editor.default\">\n\t\t\t\t<div class=\"elementor-widget-container\">\n\t\t\t\t\t\t\t\t\t<p><strong>23 \u0438\u044e\u043d\u044f 2026 \u0433. | \u0412\u0435\u043b\u043e\u0441\u0438\u043f\u0435\u0434\u043d\u044b\u0439 \u0442\u0443\u0440 \u043f\u043e \u0412\u0438\u0430\u0440\u0435\u0434\u0436\u043e<\/strong><br \/><strong>\u0422\u0438\u043f\u043e\u043b\u043e\u0433\u0438\u044f<\/strong>\u0412\u0435\u043b\u043e\u043f\u0440\u043e\u0433\u0443\u043b\u043a\u0430 \u043c\u0435\u0436\u0434\u0443 \u041b\u0438\u0431\u0435\u0440\u0442\u0438 \u0438 \u0421\u0430\u043b\u044c\u043c\u0430\u0441\u0442\u0440\u043e<br \/><strong>\u041f\u043b\u0430\u043d<\/strong>\u041d\u0435\u0441\u043f\u0435\u0448\u043d\u0430\u044f \u043f\u0440\u043e\u0433\u0443\u043b\u043a\u0430 \u043f\u043e \u043c\u043e\u043d\u0443\u043c\u0435\u043d\u0442\u0430\u043b\u044c\u043d\u044b\u043c \u043f\u0440\u043e\u0441\u043f\u0435\u043a\u0442\u0430\u043c, \u0438\u0441\u0442\u043e\u0440\u0438\u0447\u0435\u0441\u043a\u0438\u043c \u043a\u0430\u0444\u0435 \u0438 \u0441\u0430\u043c\u044b\u043c \u0445\u0430\u0440\u0430\u043a\u0442\u0435\u0440\u043d\u044b\u043c \u043c\u0435\u0441\u0442\u0430\u043c \u0412\u0438\u0430\u0440\u0435\u0434\u0436\u043e.<\/p>\t\t\t\t\t\t\t\t<\/div>\n\t\t\t\t<\/div>\n\t\t\t\t\t<\/div>\n\t\t<\/div>\n\t\t\t\t\t<\/div>\n\t\t<\/section>\n\t\t\t\t<\/div>","protected":false},"excerpt":{"rendered":"<p>\u041e\u0441\u043e\u0431\u0435\u043d\u043d\u043e\u0441\u0442\u0438 \u0432\u0435\u043b\u043e\u0442\u0443\u0440\u0430: \u0414\u043d\u0435\u0432\u043d\u043e\u0439 \u0432\u0435\u043b\u043e\u0442\u0443\u0440. \u0414\u043b\u044f \u043e\u0431\u0435\u0441\u043f\u0435\u0447\u0435\u043d\u0438\u044f \u0431\u0435\u0437\u043e\u043f\u0430\u0441\u043d\u043e\u0441\u0442\u0438 \u0438 \u043a\u0430\u0447\u0435\u0441\u0442\u0432\u0430 \u0433\u0440\u0443\u043f\u043f\u0430 \u0434\u043e\u043b\u0436\u043d\u0430 \u0441\u043e\u0441\u0442\u043e\u044f\u0442\u044c \u043d\u0435 \u043c\u0435\u043d\u0435\u0435 \u0447\u0435\u043c \u0438\u0437 6 \u0438 \u043d\u0435 \u0431\u043e\u043b\u0435\u0435 \u0447\u0435\u043c \u0438\u0437 10 \u0447\u0435\u043b\u043e\u0432\u0435\u043a. \u0414\u0435\u0442\u0438 \u0441\u0442\u0430\u0440\u0448\u0435 8 \u043b\u0435\u0442 \u043f\u0440\u0438\u0432\u0435\u0442\u0441\u0442\u0432\u0443\u044e\u0442\u0441\u044f. \u0412\u043e\u0437\u043c\u043e\u0436\u043d\u0430 \u0434\u043e\u043f\u043b\u0430\u0442\u0430 \u0437\u0430 \u043f\u0440\u043e\u043a\u0430\u0442 \u0432\u0435\u043b\u043e\u0441\u0438\u043f\u0435\u0434\u043e\u0432 Camping Versilia Mare. \u041c\u0435\u0441\u0442\u043e \u0432\u0441\u0442\u0440\u0435\u0447\u0438: 16:00 \u0432 \u043a\u0435\u043c\u043f\u0438\u043d\u0433\u0435. \u041c\u0435\u0440\u043e\u043f\u0440\u0438\u044f\u0442\u0438\u0435 \u0437\u0430\u043a\u0430\u043d\u0447\u0438\u0432\u0430\u0435\u0442\u0441\u044f \u043f\u0440\u0438\u0431\u043b\u0438\u0437\u0438\u0442\u0435\u043b\u044c\u043d\u043e \u0432 18:30. \u0421\u0442\u043e\u0438\u043c\u043e\u0441\u0442\u044c \u043c\u043e\u0436\u0435\u0442 \u043c\u0435\u043d\u044f\u0442\u044c\u0441\u044f. <a href=\"https:\/\/www.campingversiliamare.it\/ru\/bike-tour\/\" class=\"hover:text-pink-700\">\u0427\u0438\u0442\u0430\u0442\u044c \u0432\u0441\u0435<\/a><\/p>","protected":false},"author":1,"featured_media":10608,"parent":0,"menu_order":0,"comment_status":"closed","ping_status":"closed","template":"","meta":{"_acf_changed":false,"footnotes":""},"class_list":["post-11173","page","type-page","status-publish","has-post-thumbnail","hentry"],"acf":[],"yoast_head":"<!-- This site is optimized with the Yoast SEO plugin v27.4 - https:\/\/yoast.com\/product\/yoast-seo-wordpress\/ -->\n<title>Bike Tour - Camping Versilia Mare<\/title>\n<meta name=\"robots\" content=\"index, follow, max-snippet:-1, max-image-preview:large, max-video-preview:-1\" \/>\n<link rel=\"canonical\" href=\"https:\/\/www.campingversiliamare.it\/ru\/\u0432\u0435\u043b\u043e\u0442\u0443\u0440\/\" \/>\n<meta property=\"og:locale\" content=\"ru_RU\" \/>\n<meta property=\"og:type\" content=\"article\" \/>\n<meta property=\"og:title\" content=\"Bike Tour - Camping Versilia Mare\" \/>\n<meta property=\"og:description\" content=\"Bike Tour Caratteristiche delle attivit\u00e0 Cicloturismo pomeridiano Gruppi di minimo 6 persone e massimo di 10 persone per garantire sicurezza e qualit\u00e0. Bambini sopra gli 8 anni. Possibilit\u00e0 di integrare in autonomia il noleggio bici del Camping Versilia Mare Ritrovo ore 16:00 presso il Camping. Termite dell\u2019attivit\u00e0 alle ore 18:30 circa Il tariffario \u00e8 soggetto &hellip; Leggi tutto\" \/>\n<meta property=\"og:url\" content=\"https:\/\/www.campingversiliamare.it\/ru\/\u0432\u0435\u043b\u043e\u0442\u0443\u0440\/\" \/>\n<meta property=\"og:site_name\" content=\"Camping Versilia Mare\" \/>\n<meta property=\"article:modified_time\" content=\"2026-03-11T09:33:49+00:00\" \/>\n<meta property=\"og:image\" content=\"https:\/\/www.campingversiliamare.it\/wp-content\/uploads\/2024\/03\/pexels-timur-saglambilek-87224-scaled.jpg\" \/>\n\t<meta property=\"og:image:width\" content=\"2560\" \/>\n\t<meta property=\"og:image:height\" content=\"1707\" \/>\n\t<meta property=\"og:image:type\" content=\"image\/jpeg\" \/>\n<meta name=\"twitter:card\" content=\"summary_large_image\" \/>\n<meta name=\"twitter:label1\" content=\"\u041f\u0440\u0438\u043c\u0435\u0440\u043d\u043e\u0435 \u0432\u0440\u0435\u043c\u044f \u0434\u043b\u044f \u0447\u0442\u0435\u043d\u0438\u044f\" \/>\n\t<meta name=\"twitter:data1\" content=\"1 \u043c\u0438\u043d\u0443\u0442\u0430\" \/>\n<script type=\"application\/ld+json\" class=\"yoast-schema-graph\">{\"@context\":\"https:\\\/\\\/schema.org\",\"@graph\":[{\"@type\":\"WebPage\",\"@id\":\"https:\\\/\\\/www.campingversiliamare.it\\\/bike-tour\\\/\",\"url\":\"https:\\\/\\\/www.campingversiliamare.it\\\/bike-tour\\\/\",\"name\":\"Bike Tour - Camping Versilia Mare\",\"isPartOf\":{\"@id\":\"https:\\\/\\\/www.campingversiliamare.it\\\/ru\\\/#website\"},\"primaryImageOfPage\":{\"@id\":\"https:\\\/\\\/www.campingversiliamare.it\\\/bike-tour\\\/#primaryimage\"},\"image\":{\"@id\":\"https:\\\/\\\/www.campingversiliamare.it\\\/bike-tour\\\/#primaryimage\"},\"thumbnailUrl\":\"https:\\\/\\\/www.campingversiliamare.it\\\/wp-content\\\/uploads\\\/2024\\\/03\\\/pexels-timur-saglambilek-87224-scaled.jpg\",\"datePublished\":\"2026-03-11T09:06:04+00:00\",\"dateModified\":\"2026-03-11T09:33:49+00:00\",\"breadcrumb\":{\"@id\":\"https:\\\/\\\/www.campingversiliamare.it\\\/bike-tour\\\/#breadcrumb\"},\"inLanguage\":\"ru-RU\",\"potentialAction\":[{\"@type\":\"ReadAction\",\"target\":[\"https:\\\/\\\/www.campingversiliamare.it\\\/bike-tour\\\/\"]}]},{\"@type\":\"ImageObject\",\"inLanguage\":\"ru-RU\",\"@id\":\"https:\\\/\\\/www.campingversiliamare.it\\\/bike-tour\\\/#primaryimage\",\"url\":\"https:\\\/\\\/www.campingversiliamare.it\\\/wp-content\\\/uploads\\\/2024\\\/03\\\/pexels-timur-saglambilek-87224-scaled.jpg\",\"contentUrl\":\"https:\\\/\\\/www.campingversiliamare.it\\\/wp-content\\\/uploads\\\/2024\\\/03\\\/pexels-timur-saglambilek-87224-scaled.jpg\",\"width\":2560,\"height\":1707},{\"@type\":\"BreadcrumbList\",\"@id\":\"https:\\\/\\\/www.campingversiliamare.it\\\/bike-tour\\\/#breadcrumb\",\"itemListElement\":[{\"@type\":\"ListItem\",\"position\":1,\"name\":\"Home\",\"item\":\"https:\\\/\\\/www.campingversiliamare.it\\\/\"},{\"@type\":\"ListItem\",\"position\":2,\"name\":\"Bike Tour\"}]},{\"@type\":\"WebSite\",\"@id\":\"https:\\\/\\\/www.campingversiliamare.it\\\/ru\\\/#website\",\"url\":\"https:\\\/\\\/www.campingversiliamare.it\\\/ru\\\/\",\"name\":\"Camping Versilia Mare\",\"description\":\"La tua vacanza in Versilia\",\"potentialAction\":[{\"@type\":\"SearchAction\",\"target\":{\"@type\":\"EntryPoint\",\"urlTemplate\":\"https:\\\/\\\/www.campingversiliamare.it\\\/ru\\\/?s={search_term_string}\"},\"query-input\":{\"@type\":\"PropertyValueSpecification\",\"valueRequired\":true,\"valueName\":\"search_term_string\"}}],\"inLanguage\":\"ru-RU\"}]}<\/script>\n<!-- \/ Yoast SEO plugin. -->","yoast_head_json":{"title":"\u0412\u0435\u043b\u043e\u0442\u0443\u0440 - Camping Versilia Mare","robots":{"index":"index","follow":"follow","max-snippet":"max-snippet:-1","max-image-preview":"max-image-preview:large","max-video-preview":"max-video-preview:-1"},"canonical":"https:\/\/www.campingversiliamare.it\/ru\/\u0432\u0435\u043b\u043e\u0442\u0443\u0440\/","og_locale":"ru_RU","og_type":"article","og_title":"Bike Tour - Camping Versilia Mare","og_description":"Bike Tour Caratteristiche delle attivit\u00e0 Cicloturismo pomeridiano Gruppi di minimo 6 persone e massimo di 10 persone per garantire sicurezza e qualit\u00e0. Bambini sopra gli 8 anni. Possibilit\u00e0 di integrare in autonomia il noleggio bici del Camping Versilia Mare Ritrovo ore 16:00 presso il Camping. Termite dell\u2019attivit\u00e0 alle ore 18:30 circa Il tariffario \u00e8 soggetto &hellip; Leggi tutto","og_url":"https:\/\/www.campingversiliamare.it\/ru\/\u0432\u0435\u043b\u043e\u0442\u0443\u0440\/","og_site_name":"Camping Versilia Mare","article_modified_time":"2026-03-11T09:33:49+00:00","og_image":[{"width":2560,"height":1707,"url":"https:\/\/www.campingversiliamare.it\/wp-content\/uploads\/2024\/03\/pexels-timur-saglambilek-87224-scaled.jpg","type":"image\/jpeg"}],"twitter_card":"summary_large_image","twitter_misc":{"\u041f\u0440\u0438\u043c\u0435\u0440\u043d\u043e\u0435 \u0432\u0440\u0435\u043c\u044f \u0434\u043b\u044f \u0447\u0442\u0435\u043d\u0438\u044f":"1 \u043c\u0438\u043d\u0443\u0442\u0430"},"schema":{"@context":"https:\/\/schema.org","@graph":[{"@type":"WebPage","@id":"https:\/\/www.campingversiliamare.it\/bike-tour\/","url":"https:\/\/www.campingversiliamare.it\/bike-tour\/","name":"\u0412\u0435\u043b\u043e\u0442\u0443\u0440 - Camping Versilia Mare","isPartOf":{"@id":"https:\/\/www.campingversiliamare.it\/ru\/#website"},"primaryImageOfPage":{"@id":"https:\/\/www.campingversiliamare.it\/bike-tour\/#primaryimage"},"image":{"@id":"https:\/\/www.campingversiliamare.it\/bike-tour\/#primaryimage"},"thumbnailUrl":"https:\/\/www.campingversiliamare.it\/wp-content\/uploads\/2024\/03\/pexels-timur-saglambilek-87224-scaled.jpg","datePublished":"2026-03-11T09:06:04+00:00","dateModified":"2026-03-11T09:33:49+00:00","breadcrumb":{"@id":"https:\/\/www.campingversiliamare.it\/bike-tour\/#breadcrumb"},"inLanguage":"ru-RU","potentialAction":[{"@type":"ReadAction","target":["https:\/\/www.campingversiliamare.it\/bike-tour\/"]}]},{"@type":"ImageObject","inLanguage":"ru-RU","@id":"https:\/\/www.campingversiliamare.it\/bike-tour\/#primaryimage","url":"https:\/\/www.campingversiliamare.it\/wp-content\/uploads\/2024\/03\/pexels-timur-saglambilek-87224-scaled.jpg","contentUrl":"https:\/\/www.campingversiliamare.it\/wp-content\/uploads\/2024\/03\/pexels-timur-saglambilek-87224-scaled.jpg","width":2560,"height":1707},{"@type":"BreadcrumbList","@id":"https:\/\/www.campingversiliamare.it\/bike-tour\/#breadcrumb","itemListElement":[{"@type":"ListItem","position":1,"name":"Home","item":"https:\/\/www.campingversiliamare.it\/"},{"@type":"ListItem","position":2,"name":"Bike Tour"}]},{"@type":"WebSite","@id":"https:\/\/www.campingversiliamare.it\/ru\/#website","url":"https:\/\/www.campingversiliamare.it\/ru\/","name":"\u041a\u0435\u043c\u043f\u0438\u043d\u0433 Versilia Mare","description":"\u0412\u0430\u0448 \u043e\u0442\u0434\u044b\u0445 \u0432 \u0412\u0435\u0440\u0441\u0438\u043b\u0438\u0438","potentialAction":[{"@type":"SearchAction","target":{"@type":"EntryPoint","urlTemplate":"https:\/\/www.campingversiliamare.it\/ru\/?s={search_term_string}"},"query-input":{"@type":"PropertyValueSpecification","valueRequired":true,"valueName":"search_term_string"}}],"inLanguage":"ru-RU"}]}},"_links":{"self":[{"href":"https:\/\/www.campingversiliamare.it\/ru\/wp-json\/wp\/v2\/pages\/11173","targetHints":{"allow":["GET"]}}],"collection":[{"href":"https:\/\/www.campingversiliamare.it\/ru\/wp-json\/wp\/v2\/pages"}],"about":[{"href":"https:\/\/www.campingversiliamare.it\/ru\/wp-json\/wp\/v2\/types\/page"}],"author":[{"embeddable":true,"href":"https:\/\/www.campingversiliamare.it\/ru\/wp-json\/wp\/v2\/users\/1"}],"replies":[{"embeddable":true,"href":"https:\/\/www.campingversiliamare.it\/ru\/wp-json\/wp\/v2\/comments?post=11173"}],"version-history":[{"count":32,"href":"https:\/\/www.campingversiliamare.it\/ru\/wp-json\/wp\/v2\/pages\/11173\/revisions"}],"predecessor-version":[{"id":11211,"href":"https:\/\/www.campingversiliamare.it\/ru\/wp-json\/wp\/v2\/pages\/11173\/revisions\/11211"}],"wp:featuredmedia":[{"embeddable":true,"href":"https:\/\/www.campingversiliamare.it\/ru\/wp-json\/wp\/v2\/media\/10608"}],"wp:attachment":[{"href":"https:\/\/www.campingversiliamare.it\/ru\/wp-json\/wp\/v2\/media?parent=11173"}],"curies":[{"name":"WP","href":"https:\/\/api.w.org\/{rel}","templated":true}]}}