{"id":10615,"date":"2024-03-11T12:20:43","date_gmt":"2024-03-11T11:20:43","guid":{"rendered":"https:\/\/www.campingversiliamare.it\/?page_id=10615"},"modified":"2024-03-11T12:23:19","modified_gmt":"2024-03-11T11:23:19","slug":"%d0%be%d1%82%d0%ba%d1%80%d1%8b%d1%82%d1%8b%d0%b9-%d0%bf%d1%83%d1%82%d1%8c","status":"publish","type":"page","link":"https:\/\/www.campingversiliamare.it\/ru\/percorso-aperto\/","title":{"rendered":"\u041e\u0442\u043a\u0440\u044b\u0442\u044b\u0439 \u043c\u0430\u0440\u0448\u0440\u0443\u0442"},"content":{"rendered":"<div data-elementor-type=\"wp-page\" data-elementor-id=\"10615\" class=\"elementor elementor-10615\">\n\t\t\t\t\t\t<section class=\"elementor-section elementor-top-section elementor-element elementor-element-2e28228 elementor-section-stretched elementor-section-boxed elementor-section-height-default elementor-section-height-default\" data-id=\"2e28228\" data-element_type=\"section\" data-e-type=\"section\" data-settings=\"{&quot;stretch_section&quot;:&quot;section-stretched&quot;,&quot;background_background&quot;:&quot;classic&quot;}\">\n\t\t\t\t\t\t\t<div class=\"elementor-background-overlay\"><\/div>\n\t\t\t\t\t\t\t<div class=\"elementor-container elementor-column-gap-default\">\n\t\t\t\t\t<div class=\"elementor-column elementor-col-100 elementor-top-column elementor-element elementor-element-a8653bc\" data-id=\"a8653bc\" data-element_type=\"column\" data-e-type=\"column\">\n\t\t\t<div class=\"elementor-widget-wrap elementor-element-populated\">\n\t\t\t\t\t\t<div class=\"elementor-element elementor-element-5ddab7b elementor-widget elementor-widget-heading\" data-id=\"5ddab7b\" data-element_type=\"widget\" data-e-type=\"widget\" data-widget_type=\"heading.default\">\n\t\t\t\t<div class=\"elementor-widget-container\">\n\t\t\t\t\t<span class=\"elementor-heading-title elementor-size-xl\">\u0422\u0420\u0415\u041a\u041a\u0418\u041d\u0413 \u041c\u0410\u0420\u0428\u0420\u0423\u0422\u042b<\/span>\t\t\t\t<\/div>\n\t\t\t\t<\/div>\n\t\t\t\t\t<\/div>\n\t\t<\/div>\n\t\t\t\t\t<\/div>\n\t\t<\/section>\n\t\t\t\t<section class=\"elementor-section elementor-top-section elementor-element elementor-element-ef05c68 elementor-section-boxed elementor-section-height-default elementor-section-height-default\" data-id=\"ef05c68\" data-element_type=\"section\" data-e-type=\"section\">\n\t\t\t\t\t\t<div class=\"elementor-container elementor-column-gap-default\">\n\t\t\t\t\t<div class=\"elementor-column elementor-col-100 elementor-top-column elementor-element elementor-element-f68875c\" data-id=\"f68875c\" data-element_type=\"column\" data-e-type=\"column\">\n\t\t\t<div class=\"elementor-widget-wrap elementor-element-populated\">\n\t\t\t\t\t\t<div class=\"elementor-element elementor-element-de324b8 elementor-widget elementor-widget-heading\" data-id=\"de324b8\" data-element_type=\"widget\" data-e-type=\"widget\" data-widget_type=\"heading.default\">\n\t\t\t\t<div class=\"elementor-widget-container\">\n\t\t\t\t\t<h1 class=\"elementor-heading-title elementor-size-default\">\u041c\u0430\u0440\u0448\u0440\u0443\u0442 \u041f\u043e\u0437\u043d\u0430\u043a\u043e\u043c\u044c\u0442\u0435\u0441\u044c \u0441 \u0412\u0435\u0440\u0441\u0438\u043b\u0438\u0435\u0439<\/h1>\t\t\t\t<\/div>\n\t\t\t\t<\/div>\n\t\t\t\t<div class=\"elementor-element elementor-element-179c0a7 elementor-widget elementor-widget-heading\" data-id=\"179c0a7\" data-element_type=\"widget\" data-e-type=\"widget\" data-widget_type=\"heading.default\">\n\t\t\t\t<div class=\"elementor-widget-container\">\n\t\t\t\t\t<h2 class=\"elementor-heading-title elementor-size-default\">\u042d\u0442\u043e\u0442 \u043f\u0440\u043e\u0441\u0442\u043e\u0439 \u043c\u0430\u0440\u0448\u0440\u0443\u0442 \u043e\u0440\u0433\u0430\u043d\u0438\u0437\u0443\u0435\u0442\u0441\u044f \u043a\u0430\u0436\u0434\u044b\u0439 \u043f\u043e\u043d\u0435\u0434\u0435\u043b\u044c\u043d\u0438\u043a \u0438 \u043e\u0442\u043a\u0440\u044b\u0442 \u0434\u043b\u044f \u0432\u0441\u0435\u0445 \u0433\u043e\u0441\u0442\u0435\u0439 \u043a\u0435\u043c\u043f\u0438\u043d\u0433\u0430 Village Versilia Mare.<\/h2>\t\t\t\t<\/div>\n\t\t\t\t<\/div>\n\t\t\t\t<div class=\"elementor-element elementor-element-b2ab78f elementor-widget elementor-widget-text-editor\" data-id=\"b2ab78f\" data-element_type=\"widget\" data-e-type=\"widget\" data-widget_type=\"text-editor.default\">\n\t\t\t\t<div class=\"elementor-widget-container\">\n\t\t\t\t\t\t\t\t\t<p>\u0426\u0435\u043b\u044c \u043c\u0430\u0440\u0448\u0440\u0443\u0442\u0430 \u2013 \u043f\u043e\u0437\u043d\u0430\u043a\u043e\u043c\u0438\u0442\u044c \u0441 \u0412\u0435\u0440\u0441\u0438\u043b\u0438\u0435\u0439 \u0438 \u0435\u0435 \u0434\u043e\u0441\u0442\u043e\u043f\u0440\u0438\u043c\u0435\u0447\u0430\u0442\u0435\u043b\u044c\u043d\u043e\u0441\u0442\u044f\u043c\u0438 \u0442\u0435\u0445, \u043a\u0442\u043e \u043f\u0440\u0438\u0435\u0437\u0436\u0430\u0435\u0442 \u043d\u0430 \u043e\u0442\u0434\u044b\u0445 \u0432\u043f\u0435\u0440\u0432\u044b\u0435 \u0438\u043b\u0438 \u0442\u0435\u0445, \u043a\u0442\u043e \u0445\u043e\u0447\u0435\u0442 \u0443\u0433\u043b\u0443\u0431\u0438\u0442\u044c \u0441\u0432\u043e\u0438 \u0437\u043d\u0430\u043d\u0438\u044f \u043e \u043f\u043e\u0431\u0435\u0440\u0435\u0436\u044c\u0435.<\/p><p>\u042d\u0442\u043e \u043f\u0440\u043e\u0441\u0442\u043e\u0439 \u043c\u0430\u0440\u0448\u0440\u0443\u0442, \u043e\u0442\u043a\u0440\u044b\u0442\u044b\u0439 \u0434\u043b\u044f \u0432\u0441\u0435\u0445 \u0433\u043e\u0441\u0442\u0435\u0439 \u043a\u0435\u043c\u043f\u0438\u043d\u0433\u0430. \u0412 \u043a\u0435\u043c\u043f\u0438\u043d\u0433\u0435 \u0431\u0435\u0441\u043f\u043b\u0430\u0442\u043d\u043e \u043f\u0440\u0435\u0434\u043e\u0441\u0442\u0430\u0432\u043b\u044f\u044e\u0442\u0441\u044f \u043a\u0430\u043a \u044d\u043b\u0435\u043a\u0442\u0440\u0438\u0447\u0435\u0441\u043a\u0438\u0435, \u0442\u0430\u043a \u0438 \u0442\u0440\u0430\u0434\u0438\u0446\u0438\u043e\u043d\u043d\u044b\u0435 \u0432\u0435\u043b\u043e\u0441\u0438\u043f\u0435\u0434\u044b, \u043f\u043e\u043a\u0430 \u0435\u0441\u0442\u044c \u043c\u0435\u0441\u0442\u0430.<\/p><p style=\"--tw-translate-x: 0; --tw-translate-y: 0; --tw-rotate: 0; --tw-skew-x: 0; --tw-skew-y: 0; --tw-scale-x: 1; --tw-scale-y: 1; --tw-scroll-snap-strictness: proximity; --tw-ring-offset-width: 0px; --tw-ring-offset-color: #fff; --tw-ring-color: rgba(59,130,246,.5); --tw-ring-offset-shadow: 0 0 #0000; --tw-ring-shadow: 0 0 #0000; --tw-shadow: 0 0 #0000; --tw-shadow-colored: 0 0 #0000;\">\u041e\u0442\u043f\u0440\u0430\u0432\u043b\u0435\u043d\u0438\u0435 \u0437\u0430\u043f\u043b\u0430\u043d\u0438\u0440\u043e\u0432\u0430\u043d\u043e \u043e\u043a\u043e\u043b\u043e 15:30 \u043a\u0430\u0436\u0434\u044b\u0439 \u043f\u043e\u043d\u0435\u0434\u0435\u043b\u044c\u043d\u0438\u043a \u0438\u0437 \u0412\u0435\u0440\u0441\u0438\u043b\u0438\u0438-\u041c\u0430\u0440\u0435, \u043f\u0440\u0438\u0431\u044b\u0432\u0430\u044e\u0449\u0435\u0433\u043e \u0432 \u043f\u043e\u0440\u0442 \u0412\u0438\u0430\u0440\u0435\u0434\u0436\u043e, \u043e\u0431\u0440\u0430\u0442\u043d\u044b\u0439 \u043f\u0443\u0442\u044c \u043f\u0440\u043e\u0445\u043e\u0434\u0438\u0442 \u0447\u0435\u0440\u0435\u0437<span style=\"color: var(--tw-prose-body); font-size: 1rem; font-family: ui-sans-serif, system-ui, -apple-system, BlinkMacSystemFont, 'Segoe UI', Roboto, 'Helvetica Neue', Arial, 'Noto Sans', sans-serif, 'Apple Color Emoji', 'Segoe UI Emoji', 'Segoe UI Symbol', 'Noto Color Emoji';\">\u00a0\u0424\u043e\u0440\u0442\u0435 \u0434\u0435\u0439 \u041c\u0430\u0440\u043c\u0438 \u0438 \u0432\u043e\u0437\u0432\u0440\u0430\u0449\u0435\u043d\u0438\u0435 \u043d\u0430 Camping Versilia Mare \u043e\u043a\u043e\u043b\u043e 17:00. \u0412\u0441\u044f \u044d\u043a\u0441\u043a\u0443\u0440\u0441\u0438\u044f\u00a0<\/span><span style=\"color: var(--tw-prose-body); font-size: 1rem; font-family: ui-sans-serif, system-ui, -apple-system, BlinkMacSystemFont, 'Segoe UI', Roboto, 'Helvetica Neue', Arial, 'Noto Sans', sans-serif, 'Apple Color Emoji', 'Segoe UI Emoji', 'Segoe UI Symbol', 'Noto Color Emoji';\">\u043e\u0441\u0443\u0449\u0435\u0441\u0442\u0432\u043b\u044f\u0435\u0442\u0441\u044f \u043f\u043e \u0432\u0435\u043b\u043e\u0434\u043e\u0440\u043e\u0436\u043a\u0435 \u0432\u0434\u043e\u043b\u044c \u043c\u043e\u0440\u044f.<\/span><\/p>\t\t\t\t\t\t\t\t<\/div>\n\t\t\t\t<\/div>\n\t\t\t\t<div class=\"elementor-element elementor-element-1dcffd7 elementor-widget elementor-widget-heading\" data-id=\"1dcffd7\" data-element_type=\"widget\" data-e-type=\"widget\" data-widget_type=\"heading.default\">\n\t\t\t\t<div class=\"elementor-widget-container\">\n\t\t\t\t\t<h3 class=\"elementor-heading-title elementor-size-default\">\u041f\u043e\u0434\u0440\u043e\u0431\u043d\u043e\u0441\u0442\u0438<\/h3>\t\t\t\t<\/div>\n\t\t\t\t<\/div>\n\t\t\t\t<div class=\"elementor-element elementor-element-709761b elementor-widget elementor-widget-text-editor\" data-id=\"709761b\" data-element_type=\"widget\" data-e-type=\"widget\" data-widget_type=\"text-editor.default\">\n\t\t\t\t<div class=\"elementor-widget-container\">\n\t\t\t\t\t\t\t\t\t<ul><li>\u041f\u0440\u043e\u0434\u043e\u043b\u0436\u0438\u0442\u0435\u043b\u044c\u043d\u043e\u0441\u0442\u044c: 1,30 \u0447\u0430\u0441\u0430 \u043f\u043b\u044e\u0441 \u043b\u044e\u0431\u043e\u0435 \u0432\u0440\u0435\u043c\u044f \u0434\u043b\u044f \u043e\u0431\u044a\u044f\u0441\u043d\u0435\u043d\u0438\u0439.<\/li><li>\u0420\u0430\u0441\u0441\u0442\u043e\u044f\u043d\u0438\u0435: \u043f\u0440\u0438\u043c\u0435\u0440\u043d\u043e 26,4 \u043a\u043c<\/li><li>\u0421\u043b\u043e\u0436\u043d\u043e\u0441\u0442\u044c: \u043b\u0435\u0433\u043a\u043e<\/li><li><span style=\"color: #111827;\"><b>\u0420\u0435\u0433\u0438\u0441\u0442\u0440\u0430\u0446\u0438\u043e\u043d\u043d\u044b\u0439 \u0432\u0437\u043d\u043e\u0441 \u043d\u0435 \u0432\u0437\u0438\u043c\u0430\u0435\u0442\u0441\u044f, \u043d\u043e \u0442\u0440\u0435\u0431\u0443\u0435\u0442\u0441\u044f \u043f\u0440\u0435\u0434\u0432\u0430\u0440\u0438\u0442\u0435\u043b\u044c\u043d\u0430\u044f \u0437\u0430\u043f\u0438\u0441\u044c.<\/b><\/span><\/li><\/ul>\t\t\t\t\t\t\t\t<\/div>\n\t\t\t\t<\/div>\n\t\t\t\t<div class=\"elementor-element elementor-element-e497371 gallery-spacing-custom elementor-widget elementor-widget-image-gallery\" data-id=\"e497371\" data-element_type=\"widget\" data-e-type=\"widget\" data-widget_type=\"image-gallery.default\">\n\t\t\t\t<div class=\"elementor-widget-container\">\n\t\t\t\t\t\t\t<div class=\"elementor-image-gallery\">\n\t\t\t<div id='gallery-1' class='gallery galleryid-10615 gallery-columns-2 gallery-size-medium_large'><figure class='gallery-item'>\n\t\t\t<div class='gallery-icon landscape'>\n\t\t\t\t<a data-elementor-open-lightbox=\"yes\" data-elementor-lightbox-slideshow=\"e497371\" data-elementor-lightbox-title=\"Forte_dei_Marmi\" data-e-action-hash=\"#elementor-action%3Aaction%3Dlightbox%26settings%3DeyJpZCI6MTA2MjAsInVybCI6Imh0dHBzOlwvXC93d3cuY2FtcGluZ3ZlcnNpbGlhbWFyZS5pdFwvd3AtY29udGVudFwvdXBsb2Fkc1wvMjAyNFwvMDNcL0ZvcnRlX2RlaV9NYXJtaS5qcGciLCJzbGlkZXNob3ciOiJlNDk3MzcxIn0%3D\" href='https:\/\/www.campingversiliamare.it\/wp-content\/uploads\/2024\/03\/Forte_dei_Marmi.jpg'><img fetchpriority=\"high\" decoding=\"async\" width=\"768\" height=\"432\" src=\"https:\/\/www.campingversiliamare.it\/wp-content\/uploads\/2024\/03\/Forte_dei_Marmi-768x432.jpg\" class=\"attachment-medium_large size-medium_large\" alt=\"\" srcset=\"https:\/\/www.campingversiliamare.it\/wp-content\/uploads\/2024\/03\/Forte_dei_Marmi-768x432.jpg 768w, https:\/\/www.campingversiliamare.it\/wp-content\/uploads\/2024\/03\/Forte_dei_Marmi-300x169.jpg 300w, https:\/\/www.campingversiliamare.it\/wp-content\/uploads\/2024\/03\/Forte_dei_Marmi-1024x576.jpg 1024w, https:\/\/www.campingversiliamare.it\/wp-content\/uploads\/2024\/03\/Forte_dei_Marmi-1536x864.jpg 1536w, https:\/\/www.campingversiliamare.it\/wp-content\/uploads\/2024\/03\/Forte_dei_Marmi-18x10.jpg 18w, https:\/\/www.campingversiliamare.it\/wp-content\/uploads\/2024\/03\/Forte_dei_Marmi.jpg 2000w\" sizes=\"(max-width: 768px) 100vw, 768px\" \/><\/a>\n\t\t\t<\/div><\/figure>\n\t\t<\/div>\n\t\t<\/div>\n\t\t\t\t\t\t<\/div>\n\t\t\t\t<\/div>\n\t\t\t\t<div class=\"elementor-element elementor-element-7594b1c elementor-widget elementor-widget-heading\" data-id=\"7594b1c\" data-element_type=\"widget\" data-e-type=\"widget\" data-widget_type=\"heading.default\">\n\t\t\t\t<div class=\"elementor-widget-container\">\n\t\t\t\t\t<span class=\"elementor-heading-title elementor-size-default\">\u0410\u0432\u0442\u043e\u0440 Alerove \u2014 \u0441\u043e\u0431\u0441\u0442\u0432\u0435\u043d\u043d\u0430\u044f \u0440\u0430\u0431\u043e\u0442\u0430, CC BY-SA 4.0, https:\/\/commons.wikimedia.org\/w\/index.php?curid=106225414.<\/span>\t\t\t\t<\/div>\n\t\t\t\t<\/div>\n\t\t\t\t<div class=\"elementor-element elementor-element-3067fb4 elementor-widget elementor-widget-heading\" data-id=\"3067fb4\" data-element_type=\"widget\" data-e-type=\"widget\" data-widget_type=\"heading.default\">\n\t\t\t\t<div class=\"elementor-widget-container\">\n\t\t\t\t\t<h3 class=\"elementor-heading-title elementor-size-default\">\u041a\u0430\u0440\u0442\u0430<\/h3>\t\t\t\t<\/div>\n\t\t\t\t<\/div>\n\t\t\t\t<div class=\"elementor-element elementor-element-6e24525 elementor-widget elementor-widget-image\" data-id=\"6e24525\" data-element_type=\"widget\" data-e-type=\"widget\" data-widget_type=\"image.default\">\n\t\t\t\t<div class=\"elementor-widget-container\">\n\t\t\t\t\t\t\t\t\t\t\t\t\t\t\t<img decoding=\"async\" width=\"1024\" height=\"614\" src=\"https:\/\/www.campingversiliamare.it\/wp-content\/uploads\/2024\/03\/percorso-del-lunedi-1024x614.webp\" class=\"attachment-large size-large wp-image-10619\" alt=\"\" srcset=\"https:\/\/www.campingversiliamare.it\/wp-content\/uploads\/2024\/03\/percorso-del-lunedi-1024x614.webp 1024w, https:\/\/www.campingversiliamare.it\/wp-content\/uploads\/2024\/03\/percorso-del-lunedi-300x180.webp 300w, https:\/\/www.campingversiliamare.it\/wp-content\/uploads\/2024\/03\/percorso-del-lunedi-768x461.webp 768w, https:\/\/www.campingversiliamare.it\/wp-content\/uploads\/2024\/03\/percorso-del-lunedi-1536x922.webp 1536w, https:\/\/www.campingversiliamare.it\/wp-content\/uploads\/2024\/03\/percorso-del-lunedi-2048x1229.webp 2048w, https:\/\/www.campingversiliamare.it\/wp-content\/uploads\/2024\/03\/percorso-del-lunedi-18x12.webp 18w\" sizes=\"(max-width: 1024px) 100vw, 1024px\" \/>\t\t\t\t\t\t\t\t\t\t\t\t\t\t\t<\/div>\n\t\t\t\t<\/div>\n\t\t\t\t\t<\/div>\n\t\t<\/div>\n\t\t\t\t\t<\/div>\n\t\t<\/section>\n\t\t\t\t<\/div>","protected":false},"excerpt":{"rendered":"<p>\u041c\u0410\u0420\u0428\u0420\u0423\u0422\u042b \u041f\u041e\u0425\u041e\u0414\u041e\u0412 \u041e\u0442\u043a\u0440\u043e\u0439\u0442\u0435 \u0434\u043b\u044f \u0441\u0435\u0431\u044f \u043c\u0430\u0440\u0448\u0440\u0443\u0442 \u0412\u0435\u0440\u0441\u0438\u043b\u0438\u044f \u042d\u0442\u043e\u0442 \u043b\u0435\u0433\u043a\u0438\u0439 \u043c\u0430\u0440\u0448\u0440\u0443\u0442 \u043e\u0440\u0433\u0430\u043d\u0438\u0437\u0443\u0435\u0442\u0441\u044f \u043a\u0430\u0436\u0434\u044b\u0439 \u043f\u043e\u043d\u0435\u0434\u0435\u043b\u044c\u043d\u0438\u043a \u0438 \u043e\u0442\u043a\u0440\u044b\u0442 \u0434\u043b\u044f \u0432\u0441\u0435\u0445 \u0433\u043e\u0441\u0442\u0435\u0439 \u043a\u0435\u043c\u043f\u0438\u043d\u0433\u0430 Village Versilia Mare. \u0426\u0435\u043b\u044c \u044d\u043a\u0441\u043a\u0443\u0440\u0441\u0438\u0438 \u2014 \u043f\u043e\u0437\u043d\u0430\u043a\u043e\u043c\u0438\u0442\u044c \u0441 \u0412\u0435\u0440\u0441\u0438\u043b\u0438\u0435\u0439 \u0438 \u0435\u0435 \u0434\u043e\u0441\u0442\u043e\u043f\u0440\u0438\u043c\u0435\u0447\u0430\u0442\u0435\u043b\u044c\u043d\u043e\u0441\u0442\u044f\u043c\u0438 \u0442\u0435\u0445, \u043a\u0442\u043e \u043f\u0440\u0438\u0435\u0437\u0436\u0430\u0435\u0442 \u043d\u0430 \u043e\u0442\u0434\u044b\u0445 \u0432\u043f\u0435\u0440\u0432\u044b\u0435, \u0438\u043b\u0438 \u0442\u0435\u0445, \u043a\u0442\u043e \u0445\u043e\u0447\u0435\u0442 \u0443\u0437\u043d\u0430\u0442\u044c \u0431\u043e\u043b\u044c\u0448\u0435 \u043e \u2026 <a href=\"https:\/\/www.campingversiliamare.it\/ru\/percorso-aperto\/\" class=\"hover:text-pink-700\">\u0427\u0438\u0442\u0430\u0442\u044c \u0432\u0441\u0435<\/a><\/p>","protected":false},"author":1,"featured_media":0,"parent":0,"menu_order":0,"comment_status":"closed","ping_status":"closed","template":"","meta":{"_acf_changed":false,"footnotes":""},"class_list":["post-10615","page","type-page","status-publish","hentry"],"acf":[],"yoast_head":"<!-- This site is optimized with the Yoast SEO plugin v27.4 - https:\/\/yoast.com\/product\/yoast-seo-wordpress\/ -->\n<title>Percorso Aperto - Camping Versilia Mare<\/title>\n<meta name=\"robots\" content=\"index, follow, max-snippet:-1, max-image-preview:large, max-video-preview:-1\" \/>\n<link rel=\"canonical\" href=\"https:\/\/www.campingversiliamare.it\/ru\/\u043e\u0442\u043a\u0440\u044b\u0442\u044b\u0439-\u043f\u0443\u0442\u044c\/\" \/>\n<meta property=\"og:locale\" content=\"ru_RU\" \/>\n<meta property=\"og:type\" content=\"article\" \/>\n<meta property=\"og:title\" content=\"Percorso Aperto - Camping Versilia Mare\" \/>\n<meta property=\"og:description\" content=\"PERCORSI TREKKING Percorso Conosci la Versilia Questo percorso facile viene organizzato ogni luned\u00ec ed \u00e8 aperto a tutti gli ospiti del Camping Village Versilia Mare. Lo scopo del percorso \u00e8 quello di far conoscere la Versilia e le sue attrazioni a chi viene per la prima volta in vacanza oppure a chi vuol approfondire la &hellip; Leggi tutto\" \/>\n<meta property=\"og:url\" content=\"https:\/\/www.campingversiliamare.it\/ru\/\u043e\u0442\u043a\u0440\u044b\u0442\u044b\u0439-\u043f\u0443\u0442\u044c\/\" \/>\n<meta property=\"og:site_name\" content=\"Camping Versilia Mare\" \/>\n<meta property=\"article:modified_time\" content=\"2024-03-11T11:23:19+00:00\" \/>\n<meta property=\"og:image\" content=\"https:\/\/www.campingversiliamare.it\/wp-content\/uploads\/2024\/03\/Forte_dei_Marmi-768x432.jpg\" \/>\n<meta name=\"twitter:card\" content=\"summary_large_image\" \/>\n<meta name=\"twitter:label1\" content=\"\u041f\u0440\u0438\u043c\u0435\u0440\u043d\u043e\u0435 \u0432\u0440\u0435\u043c\u044f \u0434\u043b\u044f \u0447\u0442\u0435\u043d\u0438\u044f\" \/>\n\t<meta name=\"twitter:data1\" content=\"2 \u043c\u0438\u043d\u0443\u0442\u044b\" \/>\n<script type=\"application\/ld+json\" class=\"yoast-schema-graph\">{\"@context\":\"https:\\\/\\\/schema.org\",\"@graph\":[{\"@type\":\"WebPage\",\"@id\":\"https:\\\/\\\/www.campingversiliamare.it\\\/percorso-aperto\\\/\",\"url\":\"https:\\\/\\\/www.campingversiliamare.it\\\/percorso-aperto\\\/\",\"name\":\"Percorso Aperto - Camping Versilia Mare\",\"isPartOf\":{\"@id\":\"https:\\\/\\\/www.campingversiliamare.it\\\/ru\\\/#website\"},\"primaryImageOfPage\":{\"@id\":\"https:\\\/\\\/www.campingversiliamare.it\\\/percorso-aperto\\\/#primaryimage\"},\"image\":{\"@id\":\"https:\\\/\\\/www.campingversiliamare.it\\\/percorso-aperto\\\/#primaryimage\"},\"thumbnailUrl\":\"https:\\\/\\\/www.campingversiliamare.it\\\/wp-content\\\/uploads\\\/2024\\\/03\\\/Forte_dei_Marmi-768x432.jpg\",\"datePublished\":\"2024-03-11T11:20:43+00:00\",\"dateModified\":\"2024-03-11T11:23:19+00:00\",\"breadcrumb\":{\"@id\":\"https:\\\/\\\/www.campingversiliamare.it\\\/percorso-aperto\\\/#breadcrumb\"},\"inLanguage\":\"ru-RU\",\"potentialAction\":[{\"@type\":\"ReadAction\",\"target\":[\"https:\\\/\\\/www.campingversiliamare.it\\\/percorso-aperto\\\/\"]}]},{\"@type\":\"ImageObject\",\"inLanguage\":\"ru-RU\",\"@id\":\"https:\\\/\\\/www.campingversiliamare.it\\\/percorso-aperto\\\/#primaryimage\",\"url\":\"https:\\\/\\\/www.campingversiliamare.it\\\/wp-content\\\/uploads\\\/2024\\\/03\\\/Forte_dei_Marmi-768x432.jpg\",\"contentUrl\":\"https:\\\/\\\/www.campingversiliamare.it\\\/wp-content\\\/uploads\\\/2024\\\/03\\\/Forte_dei_Marmi-768x432.jpg\"},{\"@type\":\"BreadcrumbList\",\"@id\":\"https:\\\/\\\/www.campingversiliamare.it\\\/percorso-aperto\\\/#breadcrumb\",\"itemListElement\":[{\"@type\":\"ListItem\",\"position\":1,\"name\":\"Home\",\"item\":\"https:\\\/\\\/www.campingversiliamare.it\\\/\"},{\"@type\":\"ListItem\",\"position\":2,\"name\":\"Percorso Aperto\"}]},{\"@type\":\"WebSite\",\"@id\":\"https:\\\/\\\/www.campingversiliamare.it\\\/ru\\\/#website\",\"url\":\"https:\\\/\\\/www.campingversiliamare.it\\\/ru\\\/\",\"name\":\"Camping Versilia Mare\",\"description\":\"La tua vacanza in Versilia\",\"potentialAction\":[{\"@type\":\"SearchAction\",\"target\":{\"@type\":\"EntryPoint\",\"urlTemplate\":\"https:\\\/\\\/www.campingversiliamare.it\\\/ru\\\/?s={search_term_string}\"},\"query-input\":{\"@type\":\"PropertyValueSpecification\",\"valueRequired\":true,\"valueName\":\"search_term_string\"}}],\"inLanguage\":\"ru-RU\"}]}<\/script>\n<!-- \/ Yoast SEO plugin. -->","yoast_head_json":{"title":"\u041e\u0442\u043a\u0440\u044b\u0442\u044b\u0439 \u043c\u0430\u0440\u0448\u0440\u0443\u0442 - Camping Versilia Mare","robots":{"index":"index","follow":"follow","max-snippet":"max-snippet:-1","max-image-preview":"max-image-preview:large","max-video-preview":"max-video-preview:-1"},"canonical":"https:\/\/www.campingversiliamare.it\/ru\/\u043e\u0442\u043a\u0440\u044b\u0442\u044b\u0439-\u043f\u0443\u0442\u044c\/","og_locale":"ru_RU","og_type":"article","og_title":"Percorso Aperto - Camping Versilia Mare","og_description":"PERCORSI TREKKING Percorso Conosci la Versilia Questo percorso facile viene organizzato ogni luned\u00ec ed \u00e8 aperto a tutti gli ospiti del Camping Village Versilia Mare. Lo scopo del percorso \u00e8 quello di far conoscere la Versilia e le sue attrazioni a chi viene per la prima volta in vacanza oppure a chi vuol approfondire la &hellip; Leggi tutto","og_url":"https:\/\/www.campingversiliamare.it\/ru\/\u043e\u0442\u043a\u0440\u044b\u0442\u044b\u0439-\u043f\u0443\u0442\u044c\/","og_site_name":"Camping Versilia Mare","article_modified_time":"2024-03-11T11:23:19+00:00","og_image":[{"url":"https:\/\/www.campingversiliamare.it\/wp-content\/uploads\/2024\/03\/Forte_dei_Marmi-768x432.jpg","type":"","width":"","height":""}],"twitter_card":"summary_large_image","twitter_misc":{"\u041f\u0440\u0438\u043c\u0435\u0440\u043d\u043e\u0435 \u0432\u0440\u0435\u043c\u044f \u0434\u043b\u044f \u0447\u0442\u0435\u043d\u0438\u044f":"2 \u043c\u0438\u043d\u0443\u0442\u044b"},"schema":{"@context":"https:\/\/schema.org","@graph":[{"@type":"WebPage","@id":"https:\/\/www.campingversiliamare.it\/percorso-aperto\/","url":"https:\/\/www.campingversiliamare.it\/percorso-aperto\/","name":"\u041e\u0442\u043a\u0440\u044b\u0442\u044b\u0439 \u043c\u0430\u0440\u0448\u0440\u0443\u0442 - Camping Versilia Mare","isPartOf":{"@id":"https:\/\/www.campingversiliamare.it\/ru\/#website"},"primaryImageOfPage":{"@id":"https:\/\/www.campingversiliamare.it\/percorso-aperto\/#primaryimage"},"image":{"@id":"https:\/\/www.campingversiliamare.it\/percorso-aperto\/#primaryimage"},"thumbnailUrl":"https:\/\/www.campingversiliamare.it\/wp-content\/uploads\/2024\/03\/Forte_dei_Marmi-768x432.jpg","datePublished":"2024-03-11T11:20:43+00:00","dateModified":"2024-03-11T11:23:19+00:00","breadcrumb":{"@id":"https:\/\/www.campingversiliamare.it\/percorso-aperto\/#breadcrumb"},"inLanguage":"ru-RU","potentialAction":[{"@type":"ReadAction","target":["https:\/\/www.campingversiliamare.it\/percorso-aperto\/"]}]},{"@type":"ImageObject","inLanguage":"ru-RU","@id":"https:\/\/www.campingversiliamare.it\/percorso-aperto\/#primaryimage","url":"https:\/\/www.campingversiliamare.it\/wp-content\/uploads\/2024\/03\/Forte_dei_Marmi-768x432.jpg","contentUrl":"https:\/\/www.campingversiliamare.it\/wp-content\/uploads\/2024\/03\/Forte_dei_Marmi-768x432.jpg"},{"@type":"BreadcrumbList","@id":"https:\/\/www.campingversiliamare.it\/percorso-aperto\/#breadcrumb","itemListElement":[{"@type":"ListItem","position":1,"name":"Home","item":"https:\/\/www.campingversiliamare.it\/"},{"@type":"ListItem","position":2,"name":"Percorso Aperto"}]},{"@type":"WebSite","@id":"https:\/\/www.campingversiliamare.it\/ru\/#website","url":"https:\/\/www.campingversiliamare.it\/ru\/","name":"\u041a\u0435\u043c\u043f\u0438\u043d\u0433 Versilia Mare","description":"\u0412\u0430\u0448 \u043e\u0442\u0434\u044b\u0445 \u0432 \u0412\u0435\u0440\u0441\u0438\u043b\u0438\u0438","potentialAction":[{"@type":"SearchAction","target":{"@type":"EntryPoint","urlTemplate":"https:\/\/www.campingversiliamare.it\/ru\/?s={search_term_string}"},"query-input":{"@type":"PropertyValueSpecification","valueRequired":true,"valueName":"search_term_string"}}],"inLanguage":"ru-RU"}]}},"_links":{"self":[{"href":"https:\/\/www.campingversiliamare.it\/ru\/wp-json\/wp\/v2\/pages\/10615","targetHints":{"allow":["GET"]}}],"collection":[{"href":"https:\/\/www.campingversiliamare.it\/ru\/wp-json\/wp\/v2\/pages"}],"about":[{"href":"https:\/\/www.campingversiliamare.it\/ru\/wp-json\/wp\/v2\/types\/page"}],"author":[{"embeddable":true,"href":"https:\/\/www.campingversiliamare.it\/ru\/wp-json\/wp\/v2\/users\/1"}],"replies":[{"embeddable":true,"href":"https:\/\/www.campingversiliamare.it\/ru\/wp-json\/wp\/v2\/comments?post=10615"}],"version-history":[{"count":5,"href":"https:\/\/www.campingversiliamare.it\/ru\/wp-json\/wp\/v2\/pages\/10615\/revisions"}],"predecessor-version":[{"id":10623,"href":"https:\/\/www.campingversiliamare.it\/ru\/wp-json\/wp\/v2\/pages\/10615\/revisions\/10623"}],"wp:attachment":[{"href":"https:\/\/www.campingversiliamare.it\/ru\/wp-json\/wp\/v2\/media?parent=10615"}],"curies":[{"name":"WP","href":"https:\/\/api.w.org\/{rel}","templated":true}]}}