{"id":783,"date":"2021-03-11T09:44:55","date_gmt":"2021-03-11T08:44:55","guid":{"rendered":"https:\/\/www.campingversiliamare.it\/?page_id=783"},"modified":"2022-05-24T11:00:12","modified_gmt":"2022-05-24T09:00:12","slug":"termini-e-condizioni-di-prenotazione-online","status":"publish","type":"page","link":"https:\/\/www.campingversiliamare.it\/en\/termini-e-condizioni-di-prenotazione-online\/","title":{"rendered":"Online booking terms and conditions"},"content":{"rendered":"<p>The online booking is personal and non-transferable and will be accepted limited to availability and the period; the number of the booked resource will be assigned by the management taking into account the client&#039;s requests; however, if this, due to force majeure or organizational reasons, is not possible, it will not be able to give rise to complaints, waivers or requests for compensation. The signing of this form implies full acceptance of the General Terms and Conditions of Online Booking.<\/p>\n\n\n\n<p>To confirm the reservation, the customer will make the total payment of the price of the stay. The payment must be made via PayPal with a credit card on the online booking. In case of non-acceptance of the request by Camping Versilia Mare Srl the payment will be fully refunded.<\/p>\n\n\n\n<p>To confirm the reservation, our acceptance commitment will be sent indicating the period of stay and the amount paid.<\/p>\n\n\n\n<p>Any waivers \/ cancellations must be made by written communication to the address holiday@campingversiliamare.it. The amount will be refunded in the following ways: up to 90 days before the scheduled arrival, 90% of the total will be returned; from 89 to 60 days before the scheduled arrival, 50% of the total will be returned; from 59 to 30 days before the scheduled arrival, 30% of the total will be returned; no refunds will be made after these terms.<\/p>\n\n\n\n<p>The reserved resource will be available from 4.00 pm and, upon departure, must be vacated before 11.00 am. Any delay beyond 24:00 on the day of arrival must be promptly communicated, under penalty of cancellation of the reservation. In case of delays in arrival or early departure for reasons not attributable to the Management (damage-bad weather-illness-theft ...), the payment of the stay is due for the entire booked period.<\/p>\n\n\n\n<p>Customers must, all (adults, minors and children of all ages) show an identity document for PS registrations Minors can access the Village only accompanied by an adult who stays with them for the duration of their stay, assuming the responsibility.<\/p>\n\n\n\n<p>To protect the privacy of customers, guests will be accepted only if previously authorized by the host customer. Camping Versilia Mare Srl also identified with the term &quot;data controller&quot; in the meaning of the current legislation on privacy and therefore the protection of personal data, refers to the complete privacy policy also posted at the entrance to the campsite and warns and informs the interested parties (in the meaning of the current legislation on privacy) and therefore also the customers who in the absence of express authorization, if the interested party and \/ or their minor children and \/ or their guests (it will obviously be the customer&#039;s responsibility to alert the their guest) do not wish to be filmed and \/ or that their images are in any way disseminated, it is necessary that they DO NOT participate in the daily events organized by the owner where the audiovisual recording is present or planned, given that the recovery itself will be present and visible on the website or facebook or other social networks or in brochures and the like.<\/p>\n\n\n\n<p>It is mandatory to read and follow the internal regulations visible at the following link: <a href=\"https:\/\/www.campingversiliamare.it\/en\/regulation-camping-versilia-sea\/\">https:\/\/www.campingversiliamare.it\/regolamento-camping-versilia-mare<\/a><\/p>\n\n\n\n<p>The customer is required to check the accuracy of the registrations, to report any discrepancies to the management and to notify in advance any changes such as the arrival and departure of people.<\/p>","protected":false},"excerpt":{"rendered":"<p>The online booking is personal and non-transferable and will be accepted subject to availability and period; the number of the booked resource will be assigned by the management taking into account the customer&#039;s requests; however, if this is not possible due to force majeure or organizational reasons, it will not give rise to complaints, waivers or ... <a href=\"https:\/\/www.campingversiliamare.it\/en\/termini-e-condizioni-di-prenotazione-online\/\" class=\"hover:text-pink-700\">Read everything<\/a><\/p>","protected":false},"author":1,"featured_media":0,"parent":0,"menu_order":0,"comment_status":"closed","ping_status":"closed","template":"","meta":{"_acf_changed":false,"footnotes":""},"class_list":["post-783","page","type-page","status-publish","hentry"],"acf":[],"yoast_head":"<!-- This site is optimized with the Yoast SEO plugin v27.4 - https:\/\/yoast.com\/product\/yoast-seo-wordpress\/ -->\n<title>Termini e condizioni di prenotazione online - Camping Versilia Mare<\/title>\n<meta name=\"robots\" content=\"index, follow, max-snippet:-1, max-image-preview:large, max-video-preview:-1\" \/>\n<link rel=\"canonical\" href=\"https:\/\/www.campingversiliamare.it\/en\/online-booking-terms-and-conditions\/\" \/>\n<meta property=\"og:locale\" content=\"en_GB\" \/>\n<meta property=\"og:type\" content=\"article\" \/>\n<meta property=\"og:title\" content=\"Termini e condizioni di prenotazione online - Camping Versilia Mare\" \/>\n<meta property=\"og:description\" content=\"La prenotazione online \u00e8 personale e non cedibile e sar\u00e0 accettata limitatamente alla disponibilit\u00e0 e al periodo; il numero della risorsa prenotata sar\u00e0 assegnato dalla direzione tenendo conto delle richieste del cliente; tuttavia se questo, per cause di forza maggiore o per motivi organizzativi, non fosse possibile non potr\u00e0 dare adito a reclami, rinunce o &hellip; Leggi tutto\" \/>\n<meta property=\"og:url\" content=\"https:\/\/www.campingversiliamare.it\/en\/online-booking-terms-and-conditions\/\" \/>\n<meta property=\"og:site_name\" content=\"Camping Versilia Mare\" \/>\n<meta property=\"article:modified_time\" content=\"2022-05-24T09:00:12+00:00\" \/>\n<meta name=\"twitter:card\" content=\"summary_large_image\" \/>\n<meta name=\"twitter:label1\" content=\"Estimated reading time\" \/>\n\t<meta name=\"twitter:data1\" content=\"3 minutes\" \/>\n<script type=\"application\/ld+json\" class=\"yoast-schema-graph\">{\"@context\":\"https:\\\/\\\/schema.org\",\"@graph\":[{\"@type\":\"WebPage\",\"@id\":\"https:\\\/\\\/www.campingversiliamare.it\\\/termini-e-condizioni-di-prenotazione-online\\\/\",\"url\":\"https:\\\/\\\/www.campingversiliamare.it\\\/termini-e-condizioni-di-prenotazione-online\\\/\",\"name\":\"Termini e condizioni di prenotazione online - Camping Versilia Mare\",\"isPartOf\":{\"@id\":\"https:\\\/\\\/www.campingversiliamare.it\\\/ru\\\/#website\"},\"datePublished\":\"2021-03-11T08:44:55+00:00\",\"dateModified\":\"2022-05-24T09:00:12+00:00\",\"breadcrumb\":{\"@id\":\"https:\\\/\\\/www.campingversiliamare.it\\\/termini-e-condizioni-di-prenotazione-online\\\/#breadcrumb\"},\"inLanguage\":\"en-GB\",\"potentialAction\":[{\"@type\":\"ReadAction\",\"target\":[\"https:\\\/\\\/www.campingversiliamare.it\\\/termini-e-condizioni-di-prenotazione-online\\\/\"]}]},{\"@type\":\"BreadcrumbList\",\"@id\":\"https:\\\/\\\/www.campingversiliamare.it\\\/termini-e-condizioni-di-prenotazione-online\\\/#breadcrumb\",\"itemListElement\":[{\"@type\":\"ListItem\",\"position\":1,\"name\":\"Home\",\"item\":\"https:\\\/\\\/www.campingversiliamare.it\\\/\"},{\"@type\":\"ListItem\",\"position\":2,\"name\":\"Termini e condizioni di prenotazione online\"}]},{\"@type\":\"WebSite\",\"@id\":\"https:\\\/\\\/www.campingversiliamare.it\\\/ru\\\/#website\",\"url\":\"https:\\\/\\\/www.campingversiliamare.it\\\/ru\\\/\",\"name\":\"Camping Versilia Mare\",\"description\":\"La tua vacanza in Versilia\",\"potentialAction\":[{\"@type\":\"SearchAction\",\"target\":{\"@type\":\"EntryPoint\",\"urlTemplate\":\"https:\\\/\\\/www.campingversiliamare.it\\\/ru\\\/?s={search_term_string}\"},\"query-input\":{\"@type\":\"PropertyValueSpecification\",\"valueRequired\":true,\"valueName\":\"search_term_string\"}}],\"inLanguage\":\"en-GB\"}]}<\/script>\n<!-- \/ Yoast SEO plugin. -->","yoast_head_json":{"title":"Online booking terms and conditions - Camping Versilia Mare","robots":{"index":"index","follow":"follow","max-snippet":"max-snippet:-1","max-image-preview":"max-image-preview:large","max-video-preview":"max-video-preview:-1"},"canonical":"https:\/\/www.campingversiliamare.it\/en\/online-booking-terms-and-conditions\/","og_locale":"en_GB","og_type":"article","og_title":"Termini e condizioni di prenotazione online - Camping Versilia Mare","og_description":"La prenotazione online \u00e8 personale e non cedibile e sar\u00e0 accettata limitatamente alla disponibilit\u00e0 e al periodo; il numero della risorsa prenotata sar\u00e0 assegnato dalla direzione tenendo conto delle richieste del cliente; tuttavia se questo, per cause di forza maggiore o per motivi organizzativi, non fosse possibile non potr\u00e0 dare adito a reclami, rinunce o &hellip; Leggi tutto","og_url":"https:\/\/www.campingversiliamare.it\/en\/online-booking-terms-and-conditions\/","og_site_name":"Camping Versilia Mare","article_modified_time":"2022-05-24T09:00:12+00:00","twitter_card":"summary_large_image","twitter_misc":{"Estimated reading time":"3 minutes"},"schema":{"@context":"https:\/\/schema.org","@graph":[{"@type":"WebPage","@id":"https:\/\/www.campingversiliamare.it\/termini-e-condizioni-di-prenotazione-online\/","url":"https:\/\/www.campingversiliamare.it\/termini-e-condizioni-di-prenotazione-online\/","name":"Online booking terms and conditions - Camping Versilia Mare","isPartOf":{"@id":"https:\/\/www.campingversiliamare.it\/ru\/#website"},"datePublished":"2021-03-11T08:44:55+00:00","dateModified":"2022-05-24T09:00:12+00:00","breadcrumb":{"@id":"https:\/\/www.campingversiliamare.it\/termini-e-condizioni-di-prenotazione-online\/#breadcrumb"},"inLanguage":"en-GB","potentialAction":[{"@type":"ReadAction","target":["https:\/\/www.campingversiliamare.it\/termini-e-condizioni-di-prenotazione-online\/"]}]},{"@type":"BreadcrumbList","@id":"https:\/\/www.campingversiliamare.it\/termini-e-condizioni-di-prenotazione-online\/#breadcrumb","itemListElement":[{"@type":"ListItem","position":1,"name":"Home","item":"https:\/\/www.campingversiliamare.it\/"},{"@type":"ListItem","position":2,"name":"Termini e condizioni di prenotazione online"}]},{"@type":"WebSite","@id":"https:\/\/www.campingversiliamare.it\/ru\/#website","url":"https:\/\/www.campingversiliamare.it\/ru\/","name":"Camping Versilia Mare","description":"Your holiday in Versilia","potentialAction":[{"@type":"SearchAction","target":{"@type":"EntryPoint","urlTemplate":"https:\/\/www.campingversiliamare.it\/ru\/?s={search_term_string}"},"query-input":{"@type":"PropertyValueSpecification","valueRequired":true,"valueName":"search_term_string"}}],"inLanguage":"en-GB"}]}},"_links":{"self":[{"href":"https:\/\/www.campingversiliamare.it\/en\/wp-json\/wp\/v2\/pages\/783","targetHints":{"allow":["GET"]}}],"collection":[{"href":"https:\/\/www.campingversiliamare.it\/en\/wp-json\/wp\/v2\/pages"}],"about":[{"href":"https:\/\/www.campingversiliamare.it\/en\/wp-json\/wp\/v2\/types\/page"}],"author":[{"embeddable":true,"href":"https:\/\/www.campingversiliamare.it\/en\/wp-json\/wp\/v2\/users\/1"}],"replies":[{"embeddable":true,"href":"https:\/\/www.campingversiliamare.it\/en\/wp-json\/wp\/v2\/comments?post=783"}],"version-history":[{"count":0,"href":"https:\/\/www.campingversiliamare.it\/en\/wp-json\/wp\/v2\/pages\/783\/revisions"}],"wp:attachment":[{"href":"https:\/\/www.campingversiliamare.it\/en\/wp-json\/wp\/v2\/media?parent=783"}],"curies":[{"name":"wp","href":"https:\/\/api.w.org\/{rel}","templated":true}]}}