{"id":10615,"date":"2024-03-11T12:20:43","date_gmt":"2024-03-11T11:20:43","guid":{"rendered":"https:\/\/www.campingversiliamare.it\/?page_id=10615"},"modified":"2024-03-11T12:23:19","modified_gmt":"2024-03-11T11:23:19","slug":"open-path","status":"publish","type":"page","link":"https:\/\/www.campingversiliamare.it\/en\/percorso-aperto\/","title":{"rendered":"Open Path"},"content":{"rendered":"<div data-elementor-type=\"wp-page\" data-elementor-id=\"10615\" class=\"elementor elementor-10615\">\n\t\t\t\t\t\t<section class=\"elementor-section elementor-top-section elementor-element elementor-element-2e28228 elementor-section-stretched elementor-section-boxed elementor-section-height-default elementor-section-height-default\" data-id=\"2e28228\" data-element_type=\"section\" data-e-type=\"section\" data-settings=\"{&quot;stretch_section&quot;:&quot;section-stretched&quot;,&quot;background_background&quot;:&quot;classic&quot;}\">\n\t\t\t\t\t\t\t<div class=\"elementor-background-overlay\"><\/div>\n\t\t\t\t\t\t\t<div class=\"elementor-container elementor-column-gap-default\">\n\t\t\t\t\t<div class=\"elementor-column elementor-col-100 elementor-top-column elementor-element elementor-element-a8653bc\" data-id=\"a8653bc\" data-element_type=\"column\" data-e-type=\"column\">\n\t\t\t<div class=\"elementor-widget-wrap elementor-element-populated\">\n\t\t\t\t\t\t<div class=\"elementor-element elementor-element-5ddab7b elementor-widget elementor-widget-heading\" data-id=\"5ddab7b\" data-element_type=\"widget\" data-e-type=\"widget\" data-widget_type=\"heading.default\">\n\t\t\t\t<div class=\"elementor-widget-container\">\n\t\t\t\t\t<span class=\"elementor-heading-title elementor-size-xl\">TREKKING ROUTES<\/span>\t\t\t\t<\/div>\n\t\t\t\t<\/div>\n\t\t\t\t\t<\/div>\n\t\t<\/div>\n\t\t\t\t\t<\/div>\n\t\t<\/section>\n\t\t\t\t<section class=\"elementor-section elementor-top-section elementor-element elementor-element-ef05c68 elementor-section-boxed elementor-section-height-default elementor-section-height-default\" data-id=\"ef05c68\" data-element_type=\"section\" data-e-type=\"section\">\n\t\t\t\t\t\t<div class=\"elementor-container elementor-column-gap-default\">\n\t\t\t\t\t<div class=\"elementor-column elementor-col-100 elementor-top-column elementor-element elementor-element-f68875c\" data-id=\"f68875c\" data-element_type=\"column\" data-e-type=\"column\">\n\t\t\t<div class=\"elementor-widget-wrap elementor-element-populated\">\n\t\t\t\t\t\t<div class=\"elementor-element elementor-element-de324b8 elementor-widget elementor-widget-heading\" data-id=\"de324b8\" data-element_type=\"widget\" data-e-type=\"widget\" data-widget_type=\"heading.default\">\n\t\t\t\t<div class=\"elementor-widget-container\">\n\t\t\t\t\t<h1 class=\"elementor-heading-title elementor-size-default\">Itinerary Get to know Versilia<\/h1>\t\t\t\t<\/div>\n\t\t\t\t<\/div>\n\t\t\t\t<div class=\"elementor-element elementor-element-179c0a7 elementor-widget elementor-widget-heading\" data-id=\"179c0a7\" data-element_type=\"widget\" data-e-type=\"widget\" data-widget_type=\"heading.default\">\n\t\t\t\t<div class=\"elementor-widget-container\">\n\t\t\t\t\t<h2 class=\"elementor-heading-title elementor-size-default\">This easy route is organized every Monday and is open to all guests of Camping Village Versilia Mare.<\/h2>\t\t\t\t<\/div>\n\t\t\t\t<\/div>\n\t\t\t\t<div class=\"elementor-element elementor-element-b2ab78f elementor-widget elementor-widget-text-editor\" data-id=\"b2ab78f\" data-element_type=\"widget\" data-e-type=\"widget\" data-widget_type=\"text-editor.default\">\n\t\t\t\t<div class=\"elementor-widget-container\">\n\t\t\t\t\t\t\t\t\t<p>The purpose of the tour is to introduce Versilia and its attractions to those who come on holiday for the first time or to those who want to deepen their knowledge of the coast.<\/p><p>This is an easy route open to all camping guests and the campsite offers both electric and traditional bicycles free of charge, subject to availability.<\/p><p style=\"--tw-translate-x: 0; --tw-translate-y: 0; --tw-rotate: 0; --tw-skew-x: 0; --tw-skew-y: 0; --tw-scale-x: 1; --tw-scale-y: 1; --tw-scroll-snap-strictness: proximity; --tw-ring-offset-width: 0px; --tw-ring-offset-color: #fff; --tw-ring-color: rgba(59,130,246,.5); --tw-ring-offset-shadow: 0 0 #0000; --tw-ring-shadow: 0 0 #0000; --tw-shadow: 0 0 #0000; --tw-shadow-colored: 0 0 #0000;\">Departure is scheduled around 3.30pm every Monday from VERSILIA MARE, arriving at the port of Viareggio, the return passing through<span style=\"color: var(--tw-prose-body); font-size: 1rem; font-family: ui-sans-serif, system-ui, -apple-system, BlinkMacSystemFont, 'Segoe UI', Roboto, 'Helvetica Neue', Arial, 'Noto Sans', sans-serif, 'Apple Color Emoji', 'Segoe UI Emoji', 'Segoe UI Symbol', 'Noto Color Emoji';\">\u00a0Forte dei Marmi, and return to Camping Versilia Mare, around 17:00. The entire excursion\u00a0<\/span><span style=\"color: var(--tw-prose-body); font-size: 1rem; font-family: ui-sans-serif, system-ui, -apple-system, BlinkMacSystemFont, 'Segoe UI', Roboto, 'Helvetica Neue', Arial, 'Noto Sans', sans-serif, 'Apple Color Emoji', 'Segoe UI Emoji', 'Segoe UI Symbol', 'Noto Color Emoji';\">It is carried out along the cycle path along the sea.<\/span><\/p>\t\t\t\t\t\t\t\t<\/div>\n\t\t\t\t<\/div>\n\t\t\t\t<div class=\"elementor-element elementor-element-1dcffd7 elementor-widget elementor-widget-heading\" data-id=\"1dcffd7\" data-element_type=\"widget\" data-e-type=\"widget\" data-widget_type=\"heading.default\">\n\t\t\t\t<div class=\"elementor-widget-container\">\n\t\t\t\t\t<h3 class=\"elementor-heading-title elementor-size-default\">Details<\/h3>\t\t\t\t<\/div>\n\t\t\t\t<\/div>\n\t\t\t\t<div class=\"elementor-element elementor-element-709761b elementor-widget elementor-widget-text-editor\" data-id=\"709761b\" data-element_type=\"widget\" data-e-type=\"widget\" data-widget_type=\"text-editor.default\">\n\t\t\t\t<div class=\"elementor-widget-container\">\n\t\t\t\t\t\t\t\t\t<ul><li>Duration: 1.30 hours plus any time for explanations<\/li><li>Distance: approximately 26.4 km<\/li><li>Difficulty: easy<\/li><li><span style=\"color: #111827;\"><b>No registration fee, but reservation is mandatory<\/b><\/span><\/li><\/ul>\t\t\t\t\t\t\t\t<\/div>\n\t\t\t\t<\/div>\n\t\t\t\t<div class=\"elementor-element elementor-element-e497371 gallery-spacing-custom elementor-widget elementor-widget-image-gallery\" data-id=\"e497371\" data-element_type=\"widget\" data-e-type=\"widget\" data-widget_type=\"image-gallery.default\">\n\t\t\t\t<div class=\"elementor-widget-container\">\n\t\t\t\t\t\t\t<div class=\"elementor-image-gallery\">\n\t\t\t<div id='gallery-1' class='gallery galleryid-10615 gallery-columns-2 gallery-size-medium_large'><figure class='gallery-item'>\n\t\t\t<div class='gallery-icon landscape'>\n\t\t\t\t<a data-elementor-open-lightbox=\"yes\" data-elementor-lightbox-slideshow=\"e497371\" data-elementor-lightbox-title=\"Forte_dei_Marmi\" data-e-action-hash=\"#elementor-action%3Aaction%3Dlightbox%26settings%3DeyJpZCI6MTA2MjAsInVybCI6Imh0dHBzOlwvXC93d3cuY2FtcGluZ3ZlcnNpbGlhbWFyZS5pdFwvd3AtY29udGVudFwvdXBsb2Fkc1wvMjAyNFwvMDNcL0ZvcnRlX2RlaV9NYXJtaS5qcGciLCJzbGlkZXNob3ciOiJlNDk3MzcxIn0%3D\" href='https:\/\/www.campingversiliamare.it\/wp-content\/uploads\/2024\/03\/Forte_dei_Marmi.jpg'><img fetchpriority=\"high\" decoding=\"async\" width=\"768\" height=\"432\" src=\"https:\/\/www.campingversiliamare.it\/wp-content\/uploads\/2024\/03\/Forte_dei_Marmi-768x432.jpg\" class=\"attachment-medium_large size-medium_large\" alt=\"\" srcset=\"https:\/\/www.campingversiliamare.it\/wp-content\/uploads\/2024\/03\/Forte_dei_Marmi-768x432.jpg 768w, https:\/\/www.campingversiliamare.it\/wp-content\/uploads\/2024\/03\/Forte_dei_Marmi-300x169.jpg 300w, https:\/\/www.campingversiliamare.it\/wp-content\/uploads\/2024\/03\/Forte_dei_Marmi-1024x576.jpg 1024w, https:\/\/www.campingversiliamare.it\/wp-content\/uploads\/2024\/03\/Forte_dei_Marmi-1536x864.jpg 1536w, https:\/\/www.campingversiliamare.it\/wp-content\/uploads\/2024\/03\/Forte_dei_Marmi-18x10.jpg 18w, https:\/\/www.campingversiliamare.it\/wp-content\/uploads\/2024\/03\/Forte_dei_Marmi.jpg 2000w\" sizes=\"(max-width: 768px) 100vw, 768px\" \/><\/a>\n\t\t\t<\/div><\/figure>\n\t\t<\/div>\n\t\t<\/div>\n\t\t\t\t\t\t<\/div>\n\t\t\t\t<\/div>\n\t\t\t\t<div class=\"elementor-element elementor-element-7594b1c elementor-widget elementor-widget-heading\" data-id=\"7594b1c\" data-element_type=\"widget\" data-e-type=\"widget\" data-widget_type=\"heading.default\">\n\t\t\t\t<div class=\"elementor-widget-container\">\n\t\t\t\t\t<span class=\"elementor-heading-title elementor-size-default\">By Alerove - Own work, CC BY-SA 4.0, https:\/\/commons.wikimedia.org\/w\/index.php?curid=106225414<\/span>\t\t\t\t<\/div>\n\t\t\t\t<\/div>\n\t\t\t\t<div class=\"elementor-element elementor-element-3067fb4 elementor-widget elementor-widget-heading\" data-id=\"3067fb4\" data-element_type=\"widget\" data-e-type=\"widget\" data-widget_type=\"heading.default\">\n\t\t\t\t<div class=\"elementor-widget-container\">\n\t\t\t\t\t<h3 class=\"elementor-heading-title elementor-size-default\">The map<\/h3>\t\t\t\t<\/div>\n\t\t\t\t<\/div>\n\t\t\t\t<div class=\"elementor-element elementor-element-6e24525 elementor-widget elementor-widget-image\" data-id=\"6e24525\" data-element_type=\"widget\" data-e-type=\"widget\" data-widget_type=\"image.default\">\n\t\t\t\t<div class=\"elementor-widget-container\">\n\t\t\t\t\t\t\t\t\t\t\t\t\t\t\t<img decoding=\"async\" width=\"1024\" height=\"614\" src=\"https:\/\/www.campingversiliamare.it\/wp-content\/uploads\/2024\/03\/percorso-del-lunedi-1024x614.webp\" class=\"attachment-large size-large wp-image-10619\" alt=\"\" srcset=\"https:\/\/www.campingversiliamare.it\/wp-content\/uploads\/2024\/03\/percorso-del-lunedi-1024x614.webp 1024w, https:\/\/www.campingversiliamare.it\/wp-content\/uploads\/2024\/03\/percorso-del-lunedi-300x180.webp 300w, https:\/\/www.campingversiliamare.it\/wp-content\/uploads\/2024\/03\/percorso-del-lunedi-768x461.webp 768w, https:\/\/www.campingversiliamare.it\/wp-content\/uploads\/2024\/03\/percorso-del-lunedi-1536x922.webp 1536w, https:\/\/www.campingversiliamare.it\/wp-content\/uploads\/2024\/03\/percorso-del-lunedi-2048x1229.webp 2048w, https:\/\/www.campingversiliamare.it\/wp-content\/uploads\/2024\/03\/percorso-del-lunedi-18x12.webp 18w\" sizes=\"(max-width: 1024px) 100vw, 1024px\" \/>\t\t\t\t\t\t\t\t\t\t\t\t\t\t\t<\/div>\n\t\t\t\t<\/div>\n\t\t\t\t\t<\/div>\n\t\t<\/div>\n\t\t\t\t\t<\/div>\n\t\t<\/section>\n\t\t\t\t<\/div>","protected":false},"excerpt":{"rendered":"<p>TREKKING ROUTES Discover Versilia Route This easy route is organized every Monday and is open to all guests of Camping Village Versilia Mare. The purpose of the route is to introduce Versilia and its attractions to those who come on holiday for the first time or to those who want to learn more about \u2026 <a href=\"https:\/\/www.campingversiliamare.it\/en\/percorso-aperto\/\" class=\"hover:text-pink-700\">Read everything<\/a><\/p>","protected":false},"author":1,"featured_media":0,"parent":0,"menu_order":0,"comment_status":"closed","ping_status":"closed","template":"","meta":{"_acf_changed":false,"footnotes":""},"class_list":["post-10615","page","type-page","status-publish","hentry"],"acf":[],"yoast_head":"<!-- This site is optimized with the Yoast SEO plugin v27.4 - https:\/\/yoast.com\/product\/yoast-seo-wordpress\/ -->\n<title>Percorso Aperto - Camping Versilia Mare<\/title>\n<meta name=\"robots\" content=\"index, follow, max-snippet:-1, max-image-preview:large, max-video-preview:-1\" \/>\n<link rel=\"canonical\" href=\"https:\/\/www.campingversiliamare.it\/en\/open-path\/\" \/>\n<meta property=\"og:locale\" content=\"en_GB\" \/>\n<meta property=\"og:type\" content=\"article\" \/>\n<meta property=\"og:title\" content=\"Percorso Aperto - Camping Versilia Mare\" \/>\n<meta property=\"og:description\" content=\"PERCORSI TREKKING Percorso Conosci la Versilia Questo percorso facile viene organizzato ogni luned\u00ec ed \u00e8 aperto a tutti gli ospiti del Camping Village Versilia Mare. Lo scopo del percorso \u00e8 quello di far conoscere la Versilia e le sue attrazioni a chi viene per la prima volta in vacanza oppure a chi vuol approfondire la &hellip; Leggi tutto\" \/>\n<meta property=\"og:url\" content=\"https:\/\/www.campingversiliamare.it\/en\/open-path\/\" \/>\n<meta property=\"og:site_name\" content=\"Camping Versilia Mare\" \/>\n<meta property=\"article:modified_time\" content=\"2024-03-11T11:23:19+00:00\" \/>\n<meta property=\"og:image\" content=\"https:\/\/www.campingversiliamare.it\/wp-content\/uploads\/2024\/03\/Forte_dei_Marmi-768x432.jpg\" \/>\n<meta name=\"twitter:card\" content=\"summary_large_image\" \/>\n<meta name=\"twitter:label1\" content=\"Estimated reading time\" \/>\n\t<meta name=\"twitter:data1\" content=\"2 minutes\" \/>\n<script type=\"application\/ld+json\" class=\"yoast-schema-graph\">{\"@context\":\"https:\\\/\\\/schema.org\",\"@graph\":[{\"@type\":\"WebPage\",\"@id\":\"https:\\\/\\\/www.campingversiliamare.it\\\/percorso-aperto\\\/\",\"url\":\"https:\\\/\\\/www.campingversiliamare.it\\\/percorso-aperto\\\/\",\"name\":\"Percorso Aperto - Camping Versilia Mare\",\"isPartOf\":{\"@id\":\"https:\\\/\\\/www.campingversiliamare.it\\\/ru\\\/#website\"},\"primaryImageOfPage\":{\"@id\":\"https:\\\/\\\/www.campingversiliamare.it\\\/percorso-aperto\\\/#primaryimage\"},\"image\":{\"@id\":\"https:\\\/\\\/www.campingversiliamare.it\\\/percorso-aperto\\\/#primaryimage\"},\"thumbnailUrl\":\"https:\\\/\\\/www.campingversiliamare.it\\\/wp-content\\\/uploads\\\/2024\\\/03\\\/Forte_dei_Marmi-768x432.jpg\",\"datePublished\":\"2024-03-11T11:20:43+00:00\",\"dateModified\":\"2024-03-11T11:23:19+00:00\",\"breadcrumb\":{\"@id\":\"https:\\\/\\\/www.campingversiliamare.it\\\/percorso-aperto\\\/#breadcrumb\"},\"inLanguage\":\"en-GB\",\"potentialAction\":[{\"@type\":\"ReadAction\",\"target\":[\"https:\\\/\\\/www.campingversiliamare.it\\\/percorso-aperto\\\/\"]}]},{\"@type\":\"ImageObject\",\"inLanguage\":\"en-GB\",\"@id\":\"https:\\\/\\\/www.campingversiliamare.it\\\/percorso-aperto\\\/#primaryimage\",\"url\":\"https:\\\/\\\/www.campingversiliamare.it\\\/wp-content\\\/uploads\\\/2024\\\/03\\\/Forte_dei_Marmi-768x432.jpg\",\"contentUrl\":\"https:\\\/\\\/www.campingversiliamare.it\\\/wp-content\\\/uploads\\\/2024\\\/03\\\/Forte_dei_Marmi-768x432.jpg\"},{\"@type\":\"BreadcrumbList\",\"@id\":\"https:\\\/\\\/www.campingversiliamare.it\\\/percorso-aperto\\\/#breadcrumb\",\"itemListElement\":[{\"@type\":\"ListItem\",\"position\":1,\"name\":\"Home\",\"item\":\"https:\\\/\\\/www.campingversiliamare.it\\\/\"},{\"@type\":\"ListItem\",\"position\":2,\"name\":\"Percorso Aperto\"}]},{\"@type\":\"WebSite\",\"@id\":\"https:\\\/\\\/www.campingversiliamare.it\\\/ru\\\/#website\",\"url\":\"https:\\\/\\\/www.campingversiliamare.it\\\/ru\\\/\",\"name\":\"Camping Versilia Mare\",\"description\":\"La tua vacanza in Versilia\",\"potentialAction\":[{\"@type\":\"SearchAction\",\"target\":{\"@type\":\"EntryPoint\",\"urlTemplate\":\"https:\\\/\\\/www.campingversiliamare.it\\\/ru\\\/?s={search_term_string}\"},\"query-input\":{\"@type\":\"PropertyValueSpecification\",\"valueRequired\":true,\"valueName\":\"search_term_string\"}}],\"inLanguage\":\"en-GB\"}]}<\/script>\n<!-- \/ Yoast SEO plugin. -->","yoast_head_json":{"title":"Open Path - Camping Versilia Mare","robots":{"index":"index","follow":"follow","max-snippet":"max-snippet:-1","max-image-preview":"max-image-preview:large","max-video-preview":"max-video-preview:-1"},"canonical":"https:\/\/www.campingversiliamare.it\/en\/open-path\/","og_locale":"en_GB","og_type":"article","og_title":"Percorso Aperto - Camping Versilia Mare","og_description":"PERCORSI TREKKING Percorso Conosci la Versilia Questo percorso facile viene organizzato ogni luned\u00ec ed \u00e8 aperto a tutti gli ospiti del Camping Village Versilia Mare. Lo scopo del percorso \u00e8 quello di far conoscere la Versilia e le sue attrazioni a chi viene per la prima volta in vacanza oppure a chi vuol approfondire la &hellip; Leggi tutto","og_url":"https:\/\/www.campingversiliamare.it\/en\/open-path\/","og_site_name":"Camping Versilia Mare","article_modified_time":"2024-03-11T11:23:19+00:00","og_image":[{"url":"https:\/\/www.campingversiliamare.it\/wp-content\/uploads\/2024\/03\/Forte_dei_Marmi-768x432.jpg","type":"","width":"","height":""}],"twitter_card":"summary_large_image","twitter_misc":{"Estimated reading time":"2 minutes"},"schema":{"@context":"https:\/\/schema.org","@graph":[{"@type":"WebPage","@id":"https:\/\/www.campingversiliamare.it\/percorso-aperto\/","url":"https:\/\/www.campingversiliamare.it\/percorso-aperto\/","name":"Open Path - Camping Versilia Mare","isPartOf":{"@id":"https:\/\/www.campingversiliamare.it\/ru\/#website"},"primaryImageOfPage":{"@id":"https:\/\/www.campingversiliamare.it\/percorso-aperto\/#primaryimage"},"image":{"@id":"https:\/\/www.campingversiliamare.it\/percorso-aperto\/#primaryimage"},"thumbnailUrl":"https:\/\/www.campingversiliamare.it\/wp-content\/uploads\/2024\/03\/Forte_dei_Marmi-768x432.jpg","datePublished":"2024-03-11T11:20:43+00:00","dateModified":"2024-03-11T11:23:19+00:00","breadcrumb":{"@id":"https:\/\/www.campingversiliamare.it\/percorso-aperto\/#breadcrumb"},"inLanguage":"en-GB","potentialAction":[{"@type":"ReadAction","target":["https:\/\/www.campingversiliamare.it\/percorso-aperto\/"]}]},{"@type":"ImageObject","inLanguage":"en-GB","@id":"https:\/\/www.campingversiliamare.it\/percorso-aperto\/#primaryimage","url":"https:\/\/www.campingversiliamare.it\/wp-content\/uploads\/2024\/03\/Forte_dei_Marmi-768x432.jpg","contentUrl":"https:\/\/www.campingversiliamare.it\/wp-content\/uploads\/2024\/03\/Forte_dei_Marmi-768x432.jpg"},{"@type":"BreadcrumbList","@id":"https:\/\/www.campingversiliamare.it\/percorso-aperto\/#breadcrumb","itemListElement":[{"@type":"ListItem","position":1,"name":"Home","item":"https:\/\/www.campingversiliamare.it\/"},{"@type":"ListItem","position":2,"name":"Percorso Aperto"}]},{"@type":"WebSite","@id":"https:\/\/www.campingversiliamare.it\/ru\/#website","url":"https:\/\/www.campingversiliamare.it\/ru\/","name":"Camping Versilia Mare","description":"Your holiday in Versilia","potentialAction":[{"@type":"SearchAction","target":{"@type":"EntryPoint","urlTemplate":"https:\/\/www.campingversiliamare.it\/ru\/?s={search_term_string}"},"query-input":{"@type":"PropertyValueSpecification","valueRequired":true,"valueName":"search_term_string"}}],"inLanguage":"en-GB"}]}},"_links":{"self":[{"href":"https:\/\/www.campingversiliamare.it\/en\/wp-json\/wp\/v2\/pages\/10615","targetHints":{"allow":["GET"]}}],"collection":[{"href":"https:\/\/www.campingversiliamare.it\/en\/wp-json\/wp\/v2\/pages"}],"about":[{"href":"https:\/\/www.campingversiliamare.it\/en\/wp-json\/wp\/v2\/types\/page"}],"author":[{"embeddable":true,"href":"https:\/\/www.campingversiliamare.it\/en\/wp-json\/wp\/v2\/users\/1"}],"replies":[{"embeddable":true,"href":"https:\/\/www.campingversiliamare.it\/en\/wp-json\/wp\/v2\/comments?post=10615"}],"version-history":[{"count":5,"href":"https:\/\/www.campingversiliamare.it\/en\/wp-json\/wp\/v2\/pages\/10615\/revisions"}],"predecessor-version":[{"id":10623,"href":"https:\/\/www.campingversiliamare.it\/en\/wp-json\/wp\/v2\/pages\/10615\/revisions\/10623"}],"wp:attachment":[{"href":"https:\/\/www.campingversiliamare.it\/en\/wp-json\/wp\/v2\/media?parent=10615"}],"curies":[{"name":"wp","href":"https:\/\/api.w.org\/{rel}","templated":true}]}}