{"id":785,"date":"2021-03-11T09:50:56","date_gmt":"2021-03-11T08:50:56","guid":{"rendered":"https:\/\/www.campingversiliamare.it\/?page_id=785"},"modified":"2025-05-07T12:37:14","modified_gmt":"2025-05-07T10:37:14","slug":"regolamento-camping-versilia-mare","status":"publish","type":"page","link":"https:\/\/www.campingversiliamare.it\/de\/regolamento-camping-versilia-mare\/","title":{"rendered":"Camping Versilia Stutenvorschriften"},"content":{"rendered":"<h3 class=\"wp-block-heading\">Art. 1 \u2013 Eintritt<\/h3>\n\n\n\n<p>Der Campingplatz darf nur mit Genehmigung der Gesch\u00e4ftsleitung betreten werden.<\/p>\n\n\n\n<p>Nach der Ankunft ist f\u00fcr jeden Gast ein g\u00fcltiger Ausweis erforderlich, um die entsprechenden gesetzlichen Registrierungen abzuschlie\u00dfen. Gleichzeitig werden Kopien des Dokuments \u00fcber die Verarbeitung sensibler Daten (gem\u00e4\u00df Artikel 13 der EU-Verordnung 679\/2016) und dieser Verordnung zugestellt, die zur Lieferung und Annahme gegengezeichnet sind. Andernfalls darf die Struktur nicht betreten werden.&nbsp;<\/p>\n\n\n\n<p>Sie werden auch nach dem Kennzeichen des zum Parken zugelassenen Begleitwagens und der Mobiltelefonnummer des Buchungskontaktpersonals oder Gruppenleiters gefragt, die von der Verwaltungssoftware zum Zeitpunkt des Check-ins generiert wurden.<\/p>\n\n\n\n<p>Der Kunde ist verpflichtet, die Richtigkeit der Registrierungen zu \u00fcberpr\u00fcfen und Ungenauigkeiten unverz\u00fcglich zu melden.<\/p>\n\n\n\n<p><strong>Die Einreise in Minderj\u00e4hrige ist nur gestattet, wenn die schriftliche Genehmigung des Elternteils oder des gesetzlich anerkannten Erziehungsberechtigten vorliegt.<\/strong><\/p>\n\n\n\n<p>Der Zugang und die Anwesenheit von Unbefugten auf dem Campingplatz stellen einen Versto\u00df gegen die Vorschriften zur \u00f6ffentlichen Sicherheit dar. 614 CP (Verletzung des Wohnsitzes), der Kunst. 633 CP (Invasion von Grundst\u00fccken und Geb\u00e4uden), Kunst. 624 CP (Diebstahl von Dienstleistungen) und das Verbrechen des Vertragsbetrugs. Der Ein- und Ausstieg vom Campingplatz ist nur \u00fcber die entsprechenden Eing\u00e4nge gestattet. Es ist strengstens untersagt, \u00fcber die Z\u00e4une zu klettern oder die Notausg\u00e4nge entlang der Begrenzungsgrenzen zu benutzen.<\/p>\n\n\n\n<h3 class=\"wp-block-heading\">Art. 2 - Mindestaufenthalt<\/h3>\n\n\n\n<p>Der Mindestaufenthalt, sofern vorgesehen, ist in der Preisliste und \/ oder in den Sonderangeboten f\u00fcr Urlaubsreisen angegeben.<\/p>\n\n\n\n<h3 class=\"wp-block-heading\">Art. 3 - Variationen<\/h3>\n\n\n\n<p>Der Kunde ist verpflichtet, das Management \u00fcber jede \u00c4nderung des Aufenthalts zu informieren, wenn sich etwas von der Buchung oder der Registrierung (Check-in) bei seiner Ankunft unterscheidet.<\/p>\n\n\n\n<h3 class=\"wp-block-heading\">Art. 4 - Grenzwerte f\u00fcr Besatzungen pro Stellplatz<\/h3>\n\n\n\n<p>Es ist absolut verboten, mehr als eine Besatzung (bis zu maximal 4\/5 Personen) pro Stellplatz unterzubringen, sofern die Gesch\u00e4ftsleitung nichts anderes gem\u00e4\u00df den geltenden Gesetzen genehmigt.<\/p>\n\n\n\n<h3 class=\"wp-block-heading\">Art. 5 - Auswahl und Verwendung von Stellpl\u00e4tzen<\/h3>\n\n\n\n<p>Die Stellpl\u00e4tze werden von der Gesch\u00e4ftsleitung zugewiesen und d\u00fcrfen nur ge\u00e4ndert werden, wenn dies von der Gesch\u00e4ftsleitung genehmigt wurde.<\/p>\n\n\n\n<p>Im Falle einer berechtigten Notwendigkeit kann es erforderlich sein, auf eine andere Tonh\u00f6he zu wechseln.<\/p>\n\n\n\n<p>Alle Ger\u00e4te m\u00fcssen innerhalb der Grenzen des Spielfelds ordentlich angeordnet sein.<\/p>\n\n\n\n<p>Autos sind auf den Stellpl\u00e4tzen nicht gestattet, au\u00dfer in Selbstzelten und solchen, die von der Gesch\u00e4ftsleitung genehmigt wurden.<\/p>\n\n\n\n<p>Es ist verboten, Zubeh\u00f6rstrukturen f\u00fcr Wohnmobile, Wohnwagen, Auto-Zelte oder Zelte zu installieren, es sei denn, dies wurde von der Gesch\u00e4ftsleitung genehmigt.<\/p>\n\n\n\n<h3 class=\"wp-block-heading\">Art. 6 - Elektrischer Anschluss<\/h3>\n\n\n\n<p>Der elektrische Anschluss an die S\u00e4ulen auf dem Spielfeld muss von der Gesch\u00e4ftsleitung genehmigt werden.<\/p>\n\n\n\n<p>Es muss die definierten Sicherheitsmerkmale widerspiegeln<\/p>\n\n\n\n<p>gesetzlich und genauer:<\/p>\n\n\n\n<ul class=\"wp-block-list\">\n<li>Verbindungskabel N1VVK (blaues Flammschutzmittel) der Sekte. mindestens 3 \u00d7 1,5 mm. ohne Konjunktionen;<\/li>\n\n\n\n<li>Es ist nicht m\u00f6glich, externe Lampen zu installieren, au\u00dfer mit Schutzart IP65.<\/li>\n\n\n\n<li>Die Erdungsverbindung muss in jeder Komponente vorhanden sein und funktionieren.<\/li>\n<\/ul>\n\n\n\n<p>Das Management lehnt jede Verantwortung f\u00fcr Verbindungen mit fehlerhaften Kabeln oder Ger\u00e4ten ab und teilt mit, dass \u00dcberpr\u00fcfungen jederzeit geplant werden k\u00f6nnen, wobei ohne vorherige Ank\u00fcndigung alles entfernt wird, was nicht den oben genannten detaillierten Informationen entspricht.<\/p>\n\n\n\n<p>Die Leistung der von den S\u00e4ulen auf dem Spielfeld verteilten Elektrizit\u00e4t betr\u00e4gt 6 Ampere.<\/p>\n\n\n\n<p>Es ist absolut verboten, die elektrischen Systeme in irgendeiner Weise zu manipulieren.<\/p>\n\n\n\n<p>Am Ende jeder Aufenthaltsdauer muss der Kunde den Spezialschalter in der Spalte auf dem Spielfeld im AUS-Modus platzieren.<\/p>\n\n\n\n<h3 class=\"wp-block-heading\">Art. 7 - Camper Service und Wasserversorgung<\/h3>\n\n\n\n<p>Es wird m\u00f6glich sein, die Schwarz- und Grauwassertanks in bestimmten Bereichen und auf die vom Management angegebene Weise zu leeren.&nbsp;<\/p>\n\n\n\n<h3 class=\"wp-block-heading\">Art. 8 - Verschiedene Dienstleistungen<\/h3>\n\n\n\n<p>Bei der Benutzung der Toiletten empfehlen wir die maximale Zusammenarbeit mit einem starken Sinn f\u00fcr H\u00f6flichkeit und Bildung.<\/p>\n\n\n\n<p>Es ist nicht gestattet, Feuer anzuz\u00fcnden oder offenes Feuer zu benutzen.<\/p>\n\n\n\n<p>Die Abf\u00e4lle m\u00fcssen differenziert (organisch, Glas, Kunststoff, Papier und undifferenziert) und in den speziellen Beh\u00e4ltern im \u00f6kologischen Bereich des Parkplatzes deponiert werden.<\/p>\n\n\n\n<p>Sperr- und Metallabf\u00e4lle m\u00fcssen bei der zust\u00e4ndigen kommunalen Sammelstelle entsorgt werden.<\/p>\n\n\n\n<h3 class=\"wp-block-heading\">Art. 9 \u2013 An- und Abreise<\/h3>\n\n\n\n<p><strong><em>\u00a0<\/em><\/strong><em><strong>Check-in Zeit<\/strong>\u00a0: <em>von 8:00 bis 20:00 Uhr (nach dieser Zeit ist kein Check-in mehr m\u00f6glich)<\/em><\/em>)<em><em>;<\/em><\/em><\/p>\n\n\n\n<p><em><strong>Abreisezeit:\u00a0<\/strong><em>von 80:00 bis 10:00 Uhr (au\u00dfer<\/em><\/em> Mitteilungen, die nicht von der Gesch\u00e4ftsleitung stammen).<\/p>\n\n\n\n<h3 class=\"wp-block-heading\">Art. 10 \u2013 Besucher<\/h3>\n\n\n\n<p>Ordnungsgem\u00e4\u00df registrierte Kunden des Campingplatzes d\u00fcrfen die Struktur tags\u00fcber nur betreten, nachdem sie an der Rezeption einen g\u00fcltigen Ausweis hinterlassen haben.<\/p>\n\n\n\n<p>Der Eintritt ist nur f\u00fcr eine Stunde frei und ausschlie\u00dflich ohne Nutzung der Service- und Freizeiteinrichtungen, die mit den organisatorischen Anforderungen des Campingplatzes vereinbar sind. Ein l\u00e4ngerer Aufenthalt muss von der Gesch\u00e4ftsleitung nach Zahlung des in der Preisliste angegebenen relativen Betrags genehmigt werden.<\/p>\n\n\n\n<p>Nach der Genehmigung ist der Eingang zum Campingplatz ausschlie\u00dflich f\u00fcr Fu\u00dfg\u00e4nger zug\u00e4nglich.<\/p>\n\n\n\n<p>Der Kunde des Campingplatzes, der Besuche erh\u00e4lt, muss sicherstellen, dass seine G\u00e4ste von der Gesch\u00e4ftsleitung zum Betreten berechtigt wurden und f\u00fcr sein Verhalten auf dem Campingplatz verantwortlich sind.<\/p>\n\n\n\n<h3 class=\"wp-block-heading\">Art. 11 - Tiere<\/h3>\n\n\n\n<p>Die Aufnahme von Hunden und anderen Tieren erfolgt nur mit ausdr\u00fccklicher Genehmigung des Managements.<\/p>\n\n\n\n<p>Die Besitzer m\u00fcssen die Hunde an der Leine halten, auf ihre Hygiene achten, \u00fcber das entsprechende Gesundheitsbuch mit den neuesten Impfungen verf\u00fcgen, sie f\u00fcr ihre physiologischen Bed\u00fcrfnisse au\u00dferhalb des Campingplatzes begleiten und auf jeden Fall die entsprechenden Werkzeuge (B\u00fcrste und Tasche) verwenden ) f\u00fcr ihre Entfernung. sofort;<\/p>\n\n\n\n<p>Die Tiere k\u00f6nnen in keiner Weise auf die gemeinsamen Dienste des Campingplatzes zugreifen und d\u00fcrfen nicht unbeaufsichtigt bleiben oder andere G\u00e4ste st\u00f6ren.<\/p>\n\n\n\n<p>F\u00fcr Sch\u00e4den, die an Dritten verursacht werden, liegt die volle Verantwortung in jeder Hinsicht beim Besitzer des Tieres.<\/p>\n\n\n\n<h3 class=\"wp-block-heading\">Art. 12 - Verbote<\/h3>\n\n\n\n<p>Es ist jederzeit strengstens VERBOTEN, die Campingg\u00e4ste durch r\u00fccksichtsloses Verhalten oder durch den Einsatz von Dingen oder Aktivit\u00e4ten zu st\u00f6ren, die das gute Leben in der Struktur untergraben k\u00f6nnten.<\/p>\n\n\n\n<p>Insbesondere von 13.30 bis 15.30 Uhr und von 23.30 bis 08.00 Uhr ist strikt zu beachten&nbsp;<strong>Schweigen<\/strong>.<\/p>\n\n\n\n<p>Kunden k\u00f6nnen im Empfangsbereich von 22.30 bis 8.00 Uhr nur mit dem Auto anreisen, au\u00dfer in offensichtlichen Notf\u00e4llen.<\/p>\n\n\n\n<p>Dem Kunden wird w\u00e4hrend der gesamten Dauer des Aufenthalts auf dem Campingplatz ein nummerierter Parkplatz beim Ceek-In zugewiesen. Daher darf er den Wohnbereich nur zum Zeitpunkt seiner Ankunft und relativen Abreise mit dem Auto zum Entladen betreten und Laden. ihrer eigenen Sachen. Kunden k\u00f6nnen sich nach einer Anfrage an der Rezeption mit dem Golfwagen in den f\u00fcr sie reservierten Bereich begleiten lassen.<\/p>\n\n\n\n<p>Vom internen Parkplatz aus k\u00f6nnen Sie jederzeit ein- oder aussteigen. w\u00e4hrend der ganzen Nacht, w\u00e4hrend der Portier nicht berechtigt ist, diejenigen einzulassen, die noch nicht registriert sind, und das Recht hat, ein g\u00fcltiges Ausweisdokument anzufordern, das der Kunde am n\u00e4chsten Tag an der Rezeption abholt.<\/p>\n\n\n\n<p>Der Kunde darf nicht auf anderen als den zugewiesenen Parkpl\u00e4tzen parken, auch wenn diese leer sind.<\/p>\n\n\n\n<h3 class=\"wp-block-heading\">Art. 13 \u2013 Fahrzeugverkehr<\/h3>\n\n\n\n<p>Wohnmobile d\u00fcrfen nur zu zul\u00e4ssigen Zeiten und mit einer H\u00f6chstgeschwindigkeit von 5 km \/ h fahren<\/p>\n\n\n\n<p>Der Campingplatz darf mit reduzierter Geschwindigkeit umrundet werden.<\/p>\n\n\n\n<h3 class=\"wp-block-heading\">Art. 14 - Kinder<\/h3>\n\n\n\n<p>Kinder sind &quot;sehr willkommene G\u00e4ste&quot; auf Camping Versilia Mare, die ihre Eltern daran erinnern m\u00f6chten, wachsam und pr\u00e4sent \u00fcber ihr Verhalten zu sein, damit die anderen G\u00e4ste keine Probleme mit Frieden, Sicherheit und Hygiene haben.<\/p>\n\n\n\n<p>In den Toiletten m\u00fcssen Kinder immer von ihren Eltern begleitet werden.<\/p>\n\n\n\n<p>Die Nutzung des Spielplatzes durch Kinder ist nur unter Aufsicht eines Erwachsenen sowie f\u00fcr die Nutzung der Schwimmb\u00e4der gem\u00e4\u00df den am Eingang zum Badebereich angegebenen Vorschriften gestattet.<\/p>\n\n\n\n<h3 class=\"wp-block-heading\">Art. 15 - Parken von Begleitfahrzeugen<\/h3>\n\n\n\n<p>Das Parken ist auf dem Campingplatz gestattet&nbsp;<strong>Nur ein Auto pro Stellplatz \/ Bungalow in den entsprechenden nummerierten R\u00e4umen<\/strong>;; Das Parken zus\u00e4tzlicher Autos, bewertet die m\u00f6gliche Verf\u00fcgbarkeit, wird zu einem t\u00e4glichen Preis von 5,00 \u20ac bezahlt.<\/p>\n\n\n\n<h3 class=\"wp-block-heading\">Art. 16 - Verschiedene Verbote<\/h3>\n\n\n\n<p>Es ist absolut verboten:<\/p>\n\n\n\n<ul class=\"wp-block-list\">\n<li>Abfall aus den entsprechenden Beh\u00e4ltern werfen;<\/li>\n\n\n\n<li>L\u00f6cher oder Kan\u00e4le in den Boden graben;<\/li>\n\n\n\n<li>Kultivieren Sie Gem\u00fcseg\u00e4rten, G\u00e4rten, Blumenbeete oder pflastern Sie die Fl\u00e4che;<\/li>\n\n\n\n<li>Grenzen schaffen mit Z\u00e4unen, Hecken oder anderem;<\/li>\n\n\n\n<li>Besch\u00e4digen Sie die Vegetation;<\/li>\n\n\n\n<li>Gie\u00dfen Sie \u00d6le, Kraftstoffe, kochende, salzige oder Abfallfl\u00fcssigkeiten auf den Boden.<\/li>\n\n\n\n<li>Waschen Sie Autos oder andere Fahrzeuge auf dem Feld.<\/li>\n\n\n\n<li>Waschen Sie Geschirr und Bettw\u00e4sche au\u00dferhalb der speziellen Waschbecken.<\/li>\n\n\n\n<li>Wasser unsachgem\u00e4\u00df verschwenden oder verwenden;<\/li>\n\n\n\n<li>Legen Sie Z\u00e4une aus, beschatten Sie Planen, binden oder verankern Sie etwas an den Pflanzen, ziehen Sie Seile auf Augenh\u00f6he und installieren Sie alles andere, was eine potenzielle Gefahr darstellen und den freien Durchgang behindern k\u00f6nnte.<\/li>\n\n\n\n<li>Hinterlegen Sie alles unter den mit den Bungalows gelieferten Aufenthaltsmitteln und \/ oder Veranden.<\/li>\n\n\n\n<li>Verwenden Sie andere als die mitgelieferten und in jedem Fall zugelassenen elektrischen Heizsysteme.<\/li>\n<\/ul>\n\n\n\n<h3 class=\"wp-block-heading\">Art. 17 - Fundsachen<\/h3>\n\n\n\n<p>Die auf dem Campingplatz gefundenen Gegenst\u00e4nde m\u00fcssen der Gesch\u00e4ftsleitung f\u00fcr die gesetzlich vorgeschriebenen Formalit\u00e4ten \u00fcbergeben werden.<\/p>\n\n\n\n<h3 class=\"wp-block-heading\">Art. 18 - Haftung<\/h3>\n\n\n\n<p>Bei der Nutzung aller Sport- und Freizeitger\u00e4te auf dem Campingplatz ist der Kunde direkt f\u00fcr Sch\u00e4den verantwortlich, die an seiner Person, an einem anderen Gast oder an der Struktur selbst verursacht wurden.<\/p>\n\n\n\n<p>Das Management ist in keiner Weise verantwortlich f\u00fcr:<\/p>\n\n\n\n<ul class=\"wp-block-list\">\n<li>Diebstahl von Gegenst\u00e4nden und Wertsachen, die nicht in Gewahrsam genommen wurden;<\/li>\n\n\n\n<li>Sch\u00e4den durch andere G\u00e4ste, Naturkatastrophen, Insekten, Krankheiten und Epidemien (einschlie\u00dflich Pflanzen) oder andere Ursachen, die nicht von einer fahrl\u00e4ssigen Verwaltung des Campingplatzes und seines Personals abh\u00e4ngen;<\/li>\n\n\n\n<li>Jede Unterbrechung der Strom-, Wasser- oder sonstigen Versorgung des Campingplatzes aufgrund von Ausf\u00e4llen oder Ursachen h\u00f6herer Gewalt;<\/li>\n<\/ul>\n\n\n\n<p>F\u00fcr das oben Genannte wird keine Entsch\u00e4digung oder Erstattung jeglicher Art anerkannt und f\u00e4llig.<\/p>\n\n\n\n<h3 class=\"wp-block-heading\">Art. 19 - Eigenschaften der Fahrzeuge<\/h3>\n\n\n\n<p>Nur autonome, f\u00fcr den Verkehr geeignete Unterbringungsm\u00f6glichkeiten d\u00fcrfen gem\u00e4\u00df den geltenden Bestimmungen auf dem Campingplatz geparkt werden.<\/p>\n\n\n\n<p>Fahrzeuge, die die vorgeschriebenen Eigenschaften nicht erf\u00fcllen, m\u00fcssen innerhalb von f\u00fcnfzehn Tagen nach Feststellung des Versto\u00dfes von und auf Kosten des Fahrzeugbesitzers entfernt werden.<\/p>\n\n\n\n<p>Verbindungen und Verankerungen am Boden, die zu \u00c4nderungen f\u00fchren, die nicht sofort auf die unvermeidbare Mobilit\u00e4t der im Au\u00dfenunterkunftskomplex vorhandenen Aufenthaltsmittel zur\u00fcckgef\u00fchrt werden k\u00f6nnen, sind verboten.<\/p>\n\n\n\n<h3 class=\"wp-block-heading\">Art. 20 \u2013 Schlie\u00dfzeiten<\/h3>\n\n\n\n<p>Das Management wird mindestens 60 Tage im Voraus kommunizieren, wobei die j\u00e4hrlichen Sperrfristen insgesamt 90 Tage nicht \u00fcberschreiten, wobei die Ver\u00f6ffentlichung vor Ort und \u00fcber die von der Struktur verwendeten Kommunikationsmittel erfolgt.<\/p>\n\n\n\n<h3 class=\"wp-block-heading\">Art. 21 - Ausweisung, Entfernung, Unterbrechung<\/h3>\n\n\n\n<p>Das Management beh\u00e4lt sich das Recht vor, diejenigen auszuschlie\u00dfen, die seiner Meinung nach gegen die Verordnung versto\u00dfen oder auf jeden Fall die Harmonie und den Geist der Unterkunft st\u00f6ren, den guten Verlauf des Gemeinschaftslebens und die Interessen des Unterkunftskomplexes beeintr\u00e4chtigen.<\/p>\n\n\n\n<p>Bereits ausgeschlossene Kunden k\u00f6nnen ohne eine neue ausdr\u00fcckliche Genehmigung der Gesch\u00e4ftsleitung nicht mehr auf den Campingplatz zugreifen.<\/p>\n\n\n\n<p>F\u00fcr den Fall, dass der Kunde sein Fahrzeug nicht entfernt, das nicht den in den geltenden Vorschriften festgelegten Merkmalen entspricht, wird das ungeeignete Fahrzeug und sein Zubeh\u00f6r mit Gewalt entfernt, wobei die Kosten dem Eigent\u00fcmer in Rechnung gestellt werden.<\/p>\n\n\n\n<p>Wenn der Eigent\u00fcmer des Wohnwagens oder Wohnmobils nach Ablauf der vereinbarten Parkdauer das Fahrzeug nicht sofort vom Campingplatz entfernt, lehnt die Gesch\u00e4ftsf\u00fchrung die Verantwortung f\u00fcr das Sorgerecht f\u00fcr das Fahrzeug ab und lehnt es ab, indem er die Kosten dem Fahrzeug in Rechnung stellt Inhaber.<\/p>\n\n\n\n<p>Der Aufenthalt gilt als gesetzlich unterbrochen f\u00fcr Ereignisse h\u00f6herer Gewalt oder auf Anordnung der zust\u00e4ndigen Beh\u00f6rden oder f\u00fcr die Notwendigkeit struktureller \u00c4nderungen.<\/p>\n\n\n\n<p>Bei Eintritt einer der oben genannten Bedingungen hat der Kunde nur und ausschlie\u00dflich Anspruch auf Erstattung der Geb\u00fchren, die bereits f\u00fcr den auf dem Campingplatz nicht genutzten Zeitraum gezahlt wurden.<\/p>\n\n\n\n<h3 class=\"wp-block-heading\">Art. 22 - Variationen<\/h3>\n\n\n\n<p>\u00c4nderungen der Verordnung werden mit einem Hinweis am Schwarzen Brett mitgeteilt und haben sofortige G\u00fcltigkeit.<\/p>\n\n\n\n<h3 class=\"wp-block-heading\">Art. 23 - Stornierungen und R\u00fcckerstattungen<\/h3>\n\n\n\n<p>F\u00fcr alle eingegangenen Buchungen (online von der Website oder direkt per E-Mail) m\u00fcssen Verzichtserkl\u00e4rungen \/ Stornierungen durch schriftliche Mitteilung an die Adresse erfolgen <a href=\"mailto:holiday@campingversiliamare.it\">holiday@campingversiliamare.it<\/a>. Der Betrag wird auf folgende Weise zur\u00fcckerstattet: Bis zu 90 Tage vor der geplanten Ankunft werden 90% des Gesamtbetrags zur\u00fcckerstattet. 89 bis 60 Tage vor der geplanten Ankunft werden 50% des Gesamtbetrags zur\u00fcckgegeben. 59 bis 30 Tage vor der geplanten Ankunft werden 30% des Gesamtbetrags zur\u00fcckgegeben; Nach diesen Bedingungen ist keine Erstattung vorgesehen.<\/p>","protected":false},"excerpt":{"rendered":"<p>Art. 1 \u2013 Zutritt. Der Zutritt zum Campingplatz ist nur mit Genehmigung der Gesch\u00e4ftsleitung m\u00f6glich. Bei der Ankunft wird von jedem Gast ein g\u00fcltiger Ausweis verlangt, um die entsprechenden gesetzlichen Registrierungen vorzunehmen. Gleichzeitig werden Kopien des Dokuments zur Verarbeitung sensibler Daten (gem\u00e4\u00df Art. 13 der EU-Verordnung 679\/2016) ausgeh\u00e4ndigt. <a href=\"https:\/\/www.campingversiliamare.it\/de\/regolamento-camping-versilia-mare\/\" class=\"hover:text-pink-700\">Lesen Sie alles<\/a><\/p>","protected":false},"author":1,"featured_media":0,"parent":0,"menu_order":0,"comment_status":"closed","ping_status":"closed","template":"","meta":{"_acf_changed":false,"footnotes":""},"class_list":["post-785","page","type-page","status-publish","hentry"],"acf":[],"yoast_head":"<!-- This site is optimized with the Yoast SEO plugin v27.4 - https:\/\/yoast.com\/product\/yoast-seo-wordpress\/ -->\n<title>Regolamento Camping Versilia Mare - Camping Versilia Mare<\/title>\n<meta name=\"robots\" content=\"index, follow, max-snippet:-1, max-image-preview:large, max-video-preview:-1\" \/>\n<link rel=\"canonical\" href=\"https:\/\/www.campingversiliamare.it\/de\/verordnung-camping-versilia-meer\/\" \/>\n<meta property=\"og:locale\" content=\"de_DE\" \/>\n<meta property=\"og:type\" content=\"article\" \/>\n<meta property=\"og:title\" content=\"Regolamento Camping Versilia Mare - Camping Versilia Mare\" \/>\n<meta property=\"og:description\" content=\"Art.&nbsp;1 \u2013 Ingresso E\u2019 possibile entrare in campeggio solo se autorizzati della Direzione. Una volta arrivati, sar\u00e0 richiesto il documento d\u2019identit\u00e0 in corso di validit\u00e0 per ogni ospite,&nbsp; al fine di espletare le relative registrazioni di legge; contestualmente saranno consegnate le copie del documento&nbsp; sul trattamento dei dati sensibili (ai sensi dell\u2019art.13 del reg.EU 679\/2016) &hellip; Leggi tutto\" \/>\n<meta property=\"og:url\" content=\"https:\/\/www.campingversiliamare.it\/de\/verordnung-camping-versilia-meer\/\" \/>\n<meta property=\"og:site_name\" content=\"Camping Versilia Mare\" \/>\n<meta property=\"article:modified_time\" content=\"2025-05-07T10:37:14+00:00\" \/>\n<meta name=\"twitter:card\" content=\"summary_large_image\" \/>\n<meta name=\"twitter:label1\" content=\"Gesch\u00e4tzte Lesezeit\" \/>\n\t<meta name=\"twitter:data1\" content=\"11\u00a0Minuten\" \/>\n<script type=\"application\/ld+json\" class=\"yoast-schema-graph\">{\"@context\":\"https:\\\/\\\/schema.org\",\"@graph\":[{\"@type\":\"WebPage\",\"@id\":\"https:\\\/\\\/www.campingversiliamare.it\\\/regolamento-camping-versilia-mare\\\/\",\"url\":\"https:\\\/\\\/www.campingversiliamare.it\\\/regolamento-camping-versilia-mare\\\/\",\"name\":\"Regolamento Camping Versilia Mare - Camping Versilia Mare\",\"isPartOf\":{\"@id\":\"https:\\\/\\\/www.campingversiliamare.it\\\/ru\\\/#website\"},\"datePublished\":\"2021-03-11T08:50:56+00:00\",\"dateModified\":\"2025-05-07T10:37:14+00:00\",\"breadcrumb\":{\"@id\":\"https:\\\/\\\/www.campingversiliamare.it\\\/regolamento-camping-versilia-mare\\\/#breadcrumb\"},\"inLanguage\":\"de\",\"potentialAction\":[{\"@type\":\"ReadAction\",\"target\":[\"https:\\\/\\\/www.campingversiliamare.it\\\/regolamento-camping-versilia-mare\\\/\"]}]},{\"@type\":\"BreadcrumbList\",\"@id\":\"https:\\\/\\\/www.campingversiliamare.it\\\/regolamento-camping-versilia-mare\\\/#breadcrumb\",\"itemListElement\":[{\"@type\":\"ListItem\",\"position\":1,\"name\":\"Home\",\"item\":\"https:\\\/\\\/www.campingversiliamare.it\\\/\"},{\"@type\":\"ListItem\",\"position\":2,\"name\":\"Regolamento Camping Versilia Mare\"}]},{\"@type\":\"WebSite\",\"@id\":\"https:\\\/\\\/www.campingversiliamare.it\\\/ru\\\/#website\",\"url\":\"https:\\\/\\\/www.campingversiliamare.it\\\/ru\\\/\",\"name\":\"Camping Versilia Mare\",\"description\":\"La tua vacanza in Versilia\",\"potentialAction\":[{\"@type\":\"SearchAction\",\"target\":{\"@type\":\"EntryPoint\",\"urlTemplate\":\"https:\\\/\\\/www.campingversiliamare.it\\\/ru\\\/?s={search_term_string}\"},\"query-input\":{\"@type\":\"PropertyValueSpecification\",\"valueRequired\":true,\"valueName\":\"search_term_string\"}}],\"inLanguage\":\"de\"}]}<\/script>\n<!-- \/ Yoast SEO plugin. -->","yoast_head_json":{"title":"Vorschrift Camping Versilia Mare - Camping Versilia Mare","robots":{"index":"index","follow":"follow","max-snippet":"max-snippet:-1","max-image-preview":"max-image-preview:large","max-video-preview":"max-video-preview:-1"},"canonical":"https:\/\/www.campingversiliamare.it\/de\/verordnung-camping-versilia-meer\/","og_locale":"de_DE","og_type":"article","og_title":"Regolamento Camping Versilia Mare - Camping Versilia Mare","og_description":"Art.&nbsp;1 \u2013 Ingresso E\u2019 possibile entrare in campeggio solo se autorizzati della Direzione. Una volta arrivati, sar\u00e0 richiesto il documento d\u2019identit\u00e0 in corso di validit\u00e0 per ogni ospite,&nbsp; al fine di espletare le relative registrazioni di legge; contestualmente saranno consegnate le copie del documento&nbsp; sul trattamento dei dati sensibili (ai sensi dell\u2019art.13 del reg.EU 679\/2016) &hellip; Leggi tutto","og_url":"https:\/\/www.campingversiliamare.it\/de\/verordnung-camping-versilia-meer\/","og_site_name":"Camping Versilia Mare","article_modified_time":"2025-05-07T10:37:14+00:00","twitter_card":"summary_large_image","twitter_misc":{"Gesch\u00e4tzte Lesezeit":"11\u00a0Minuten"},"schema":{"@context":"https:\/\/schema.org","@graph":[{"@type":"WebPage","@id":"https:\/\/www.campingversiliamare.it\/regolamento-camping-versilia-mare\/","url":"https:\/\/www.campingversiliamare.it\/regolamento-camping-versilia-mare\/","name":"Vorschrift Camping Versilia Mare - Camping Versilia Mare","isPartOf":{"@id":"https:\/\/www.campingversiliamare.it\/ru\/#website"},"datePublished":"2021-03-11T08:50:56+00:00","dateModified":"2025-05-07T10:37:14+00:00","breadcrumb":{"@id":"https:\/\/www.campingversiliamare.it\/regolamento-camping-versilia-mare\/#breadcrumb"},"inLanguage":"de","potentialAction":[{"@type":"ReadAction","target":["https:\/\/www.campingversiliamare.it\/regolamento-camping-versilia-mare\/"]}]},{"@type":"BreadcrumbList","@id":"https:\/\/www.campingversiliamare.it\/regolamento-camping-versilia-mare\/#breadcrumb","itemListElement":[{"@type":"ListItem","position":1,"name":"Home","item":"https:\/\/www.campingversiliamare.it\/"},{"@type":"ListItem","position":2,"name":"Regolamento Camping Versilia Mare"}]},{"@type":"WebSite","@id":"https:\/\/www.campingversiliamare.it\/ru\/#website","url":"https:\/\/www.campingversiliamare.it\/ru\/","name":"Camping Versilia Mare","description":"Ihr Urlaub in Versilia","potentialAction":[{"@type":"SearchAction","target":{"@type":"EntryPoint","urlTemplate":"https:\/\/www.campingversiliamare.it\/ru\/?s={search_term_string}"},"query-input":{"@type":"PropertyValueSpecification","valueRequired":true,"valueName":"search_term_string"}}],"inLanguage":"de"}]}},"_links":{"self":[{"href":"https:\/\/www.campingversiliamare.it\/de\/wp-json\/wp\/v2\/pages\/785","targetHints":{"allow":["GET"]}}],"collection":[{"href":"https:\/\/www.campingversiliamare.it\/de\/wp-json\/wp\/v2\/pages"}],"about":[{"href":"https:\/\/www.campingversiliamare.it\/de\/wp-json\/wp\/v2\/types\/page"}],"author":[{"embeddable":true,"href":"https:\/\/www.campingversiliamare.it\/de\/wp-json\/wp\/v2\/users\/1"}],"replies":[{"embeddable":true,"href":"https:\/\/www.campingversiliamare.it\/de\/wp-json\/wp\/v2\/comments?post=785"}],"version-history":[{"count":3,"href":"https:\/\/www.campingversiliamare.it\/de\/wp-json\/wp\/v2\/pages\/785\/revisions"}],"predecessor-version":[{"id":10999,"href":"https:\/\/www.campingversiliamare.it\/de\/wp-json\/wp\/v2\/pages\/785\/revisions\/10999"}],"wp:attachment":[{"href":"https:\/\/www.campingversiliamare.it\/de\/wp-json\/wp\/v2\/media?parent=785"}],"curies":[{"name":"wp","href":"https:\/\/api.w.org\/{rel}","templated":true}]}}