{"id":783,"date":"2021-03-11T09:44:55","date_gmt":"2021-03-11T08:44:55","guid":{"rendered":"https:\/\/www.campingversiliamare.it\/?page_id=783"},"modified":"2022-05-24T11:00:12","modified_gmt":"2022-05-24T09:00:12","slug":"termini-e-condizioni-di-prenotazione-online","status":"publish","type":"page","link":"https:\/\/www.campingversiliamare.it\/de\/termini-e-condizioni-di-prenotazione-online\/","title":{"rendered":"Online-Buchungsbedingungen"},"content":{"rendered":"<p>Die Online-Buchung ist pers\u00f6nlich und nicht \u00fcbertragbar und wird je nach Verf\u00fcgbarkeit und Zeitraum akzeptiert. Die Nummer der gebuchten Ressource wird vom Management unter Ber\u00fccksichtigung der Kundenanfragen vergeben. Wenn dies jedoch aus Gr\u00fcnden h\u00f6herer Gewalt oder aus organisatorischen Gr\u00fcnden nicht m\u00f6glich ist, kann dies nicht zu Beschwerden, Verzichtserkl\u00e4rungen oder Antr\u00e4gen auf Entsch\u00e4digung f\u00fchren. Die Unterzeichnung dieses Formulars setzt die vollst\u00e4ndige Annahme der Allgemeinen Gesch\u00e4ftsbedingungen f\u00fcr Online-Buchungen voraus.<\/p>\n\n\n\n<p>Um die Reservierung zu best\u00e4tigen, leistet der Kunde die Gesamtzahlung des Aufenthaltspreises. Die Zahlung muss \u00fcber PayPal mit einer Kreditkarte bei der Online-Buchung erfolgen. Bei Nichtannahme der Anfrage durch Camping Versilia Mare Srl wird die Zahlung vollst\u00e4ndig zur\u00fcckerstattet.<\/p>\n\n\n\n<p>Zur Best\u00e4tigung der Reservierung wird unsere Annahmezusage mit Angabe der Aufenthaltsdauer und des gezahlten Betrags gesendet.<\/p>\n\n\n\n<p>Verzichtserkl\u00e4rungen \/ Stornierungen m\u00fcssen schriftlich an die Adresse Holiday@campingversiliamare.it erfolgen. Der Betrag wird auf folgende Weise zur\u00fcckerstattet: Bis zu 90 Tage vor der geplanten Ankunft werden 90% des Gesamtbetrags zur\u00fcckerstattet. 89 bis 60 Tage vor der geplanten Ankunft werden 50% des Gesamtbetrags zur\u00fcckgegeben. 59 bis 30 Tage vor der geplanten Ankunft werden 30% des Gesamtbetrags zur\u00fcckgegeben; Nach diesen Bedingungen ist keine Erstattung vorgesehen.<\/p>\n\n\n\n<p>Die reservierte Ressource ist ab 16.00 Uhr verf\u00fcgbar und muss bei der Abreise vor 11.00 Uhr ger\u00e4umt werden. Jede Versp\u00e4tung nach 24:00 Uhr am Anreisetag muss unter Strafe der Stornierung der Reservierung unverz\u00fcglich mitgeteilt werden. Bei Versp\u00e4tungen bei der Ankunft oder vorzeitigen Abreise aus Gr\u00fcnden, die nicht dem Management zuzurechnen sind (Schaden, schlechtes Wetter, Krankheit, Diebstahl ...), ist die Zahlung des Aufenthalts f\u00fcr den gesamten gebuchten Zeitraum f\u00e4llig.<\/p>\n\n\n\n<p>Kunden m\u00fcssen alle (Erwachsene, Minderj\u00e4hrige und Kinder jeden Alters) einen Ausweis f\u00fcr PS-Registrierungen vorlegen. Minderj\u00e4hrige k\u00f6nnen das Dorf nur in Begleitung eines Erwachsenen betreten, der f\u00fcr die Dauer ihres Aufenthalts bei ihnen bleibt und die Verantwortung \u00fcbernimmt.<\/p>\n\n\n\n<p>Zum Schutz der Privatsph\u00e4re der Kunden werden G\u00e4ste nur akzeptiert, wenn dies zuvor vom Host-Kunden genehmigt wurde. Camping Versilia Mare Srl identifiziert sich auch mit dem Begriff &quot;Datenverantwortlicher&quot; im Sinne der aktuellen Gesetzgebung zum Datenschutz und damit zum Schutz personenbezogener Daten, verweist auf die vollst\u00e4ndige Datenschutzrichtlinie, die ebenfalls am Eingang des Campingplatzes angebracht ist, und warnt und informiert die Interessierten Parteien (im Sinne der aktuellen Datenschutzgesetzgebung) und damit auch die Kunden, die ohne ausdr\u00fcckliche Genehmigung, wenn die interessierte Partei und \/ oder ihre minderj\u00e4hrigen Kinder und \/ oder ihre G\u00e4ste (es liegt offensichtlich in der Verantwortung des Kunden, darauf aufmerksam zu machen) Der Gast m\u00f6chte nicht gefilmt werden und \/ oder dass seine Bilder in irgendeiner Weise verbreitet werden. Es ist erforderlich, dass er NICHT an den vom Eigent\u00fcmer organisierten t\u00e4glichen Veranstaltungen teilnimmt, bei denen die audiovisuelle Aufzeichnung vorhanden oder geplant ist, da die Die Wiederherstellung selbst wird auf der Website oder auf Facebook oder anderen sozialen Netzwerken oder in Brosch\u00fcren und dergleichen vorhanden und sichtbar sein.<\/p>\n\n\n\n<p>Es ist obligatorisch, die internen Vorschriften zu lesen und zu befolgen, die unter folgendem Link angezeigt werden: <a href=\"https:\/\/www.campingversiliamare.it\/de\/verordnung-camping-versilia-meer\/\">https:\/\/www.campingversiliamare.it\/regolamento-camping-versilia-mare<\/a><\/p>\n\n\n\n<p>Der Kunde ist verpflichtet, die Richtigkeit der Registrierungen zu \u00fcberpr\u00fcfen, etwaige Unstimmigkeiten dem Management zu melden und \u00c4nderungen wie Ankunft und Abreise von Personen im Voraus mitzuteilen.<\/p>","protected":false},"excerpt":{"rendered":"<p>Die Online-Reservierung ist pers\u00f6nlich und nicht \u00fcbertragbar und wird vorbehaltlich Verf\u00fcgbarkeit und Zeitraum akzeptiert. Die Nummer der gebuchten Ressource wird vom Management unter Ber\u00fccksichtigung der Kundenw\u00fcnsche zugewiesen. Wenn dies jedoch aufgrund h\u00f6herer Gewalt oder aus organisatorischen Gr\u00fcnden nicht m\u00f6glich ist, gibt dies keinen Anlass zu Beschwerden, Verzicht oder ... <a href=\"https:\/\/www.campingversiliamare.it\/de\/termini-e-condizioni-di-prenotazione-online\/\" class=\"hover:text-pink-700\">Lesen Sie alles<\/a><\/p>","protected":false},"author":1,"featured_media":0,"parent":0,"menu_order":0,"comment_status":"closed","ping_status":"closed","template":"","meta":{"_acf_changed":false,"footnotes":""},"class_list":["post-783","page","type-page","status-publish","hentry"],"acf":[],"yoast_head":"<!-- This site is optimized with the Yoast SEO plugin v27.4 - https:\/\/yoast.com\/product\/yoast-seo-wordpress\/ -->\n<title>Termini e condizioni di prenotazione online - Camping Versilia Mare<\/title>\n<meta name=\"robots\" content=\"index, follow, max-snippet:-1, max-image-preview:large, max-video-preview:-1\" \/>\n<link rel=\"canonical\" href=\"https:\/\/www.campingversiliamare.it\/de\/online-buchungsbedingungen\/\" \/>\n<meta property=\"og:locale\" content=\"de_DE\" \/>\n<meta property=\"og:type\" content=\"article\" \/>\n<meta property=\"og:title\" content=\"Termini e condizioni di prenotazione online - Camping Versilia Mare\" \/>\n<meta property=\"og:description\" content=\"La prenotazione online \u00e8 personale e non cedibile e sar\u00e0 accettata limitatamente alla disponibilit\u00e0 e al periodo; il numero della risorsa prenotata sar\u00e0 assegnato dalla direzione tenendo conto delle richieste del cliente; tuttavia se questo, per cause di forza maggiore o per motivi organizzativi, non fosse possibile non potr\u00e0 dare adito a reclami, rinunce o &hellip; Leggi tutto\" \/>\n<meta property=\"og:url\" content=\"https:\/\/www.campingversiliamare.it\/de\/online-buchungsbedingungen\/\" \/>\n<meta property=\"og:site_name\" content=\"Camping Versilia Mare\" \/>\n<meta property=\"article:modified_time\" content=\"2022-05-24T09:00:12+00:00\" \/>\n<meta name=\"twitter:card\" content=\"summary_large_image\" \/>\n<meta name=\"twitter:label1\" content=\"Gesch\u00e4tzte Lesezeit\" \/>\n\t<meta name=\"twitter:data1\" content=\"3\u00a0Minuten\" \/>\n<script type=\"application\/ld+json\" class=\"yoast-schema-graph\">{\"@context\":\"https:\\\/\\\/schema.org\",\"@graph\":[{\"@type\":\"WebPage\",\"@id\":\"https:\\\/\\\/www.campingversiliamare.it\\\/termini-e-condizioni-di-prenotazione-online\\\/\",\"url\":\"https:\\\/\\\/www.campingversiliamare.it\\\/termini-e-condizioni-di-prenotazione-online\\\/\",\"name\":\"Termini e condizioni di prenotazione online - Camping Versilia Mare\",\"isPartOf\":{\"@id\":\"https:\\\/\\\/www.campingversiliamare.it\\\/ru\\\/#website\"},\"datePublished\":\"2021-03-11T08:44:55+00:00\",\"dateModified\":\"2022-05-24T09:00:12+00:00\",\"breadcrumb\":{\"@id\":\"https:\\\/\\\/www.campingversiliamare.it\\\/termini-e-condizioni-di-prenotazione-online\\\/#breadcrumb\"},\"inLanguage\":\"de\",\"potentialAction\":[{\"@type\":\"ReadAction\",\"target\":[\"https:\\\/\\\/www.campingversiliamare.it\\\/termini-e-condizioni-di-prenotazione-online\\\/\"]}]},{\"@type\":\"BreadcrumbList\",\"@id\":\"https:\\\/\\\/www.campingversiliamare.it\\\/termini-e-condizioni-di-prenotazione-online\\\/#breadcrumb\",\"itemListElement\":[{\"@type\":\"ListItem\",\"position\":1,\"name\":\"Home\",\"item\":\"https:\\\/\\\/www.campingversiliamare.it\\\/\"},{\"@type\":\"ListItem\",\"position\":2,\"name\":\"Termini e condizioni di prenotazione online\"}]},{\"@type\":\"WebSite\",\"@id\":\"https:\\\/\\\/www.campingversiliamare.it\\\/ru\\\/#website\",\"url\":\"https:\\\/\\\/www.campingversiliamare.it\\\/ru\\\/\",\"name\":\"Camping Versilia Mare\",\"description\":\"La tua vacanza in Versilia\",\"potentialAction\":[{\"@type\":\"SearchAction\",\"target\":{\"@type\":\"EntryPoint\",\"urlTemplate\":\"https:\\\/\\\/www.campingversiliamare.it\\\/ru\\\/?s={search_term_string}\"},\"query-input\":{\"@type\":\"PropertyValueSpecification\",\"valueRequired\":true,\"valueName\":\"search_term_string\"}}],\"inLanguage\":\"de\"}]}<\/script>\n<!-- \/ Yoast SEO plugin. -->","yoast_head_json":{"title":"Allgemeine Gesch\u00e4ftsbedingungen f\u00fcr Online-Buchungen - Camping Versilia Mare","robots":{"index":"index","follow":"follow","max-snippet":"max-snippet:-1","max-image-preview":"max-image-preview:large","max-video-preview":"max-video-preview:-1"},"canonical":"https:\/\/www.campingversiliamare.it\/de\/online-buchungsbedingungen\/","og_locale":"de_DE","og_type":"article","og_title":"Termini e condizioni di prenotazione online - Camping Versilia Mare","og_description":"La prenotazione online \u00e8 personale e non cedibile e sar\u00e0 accettata limitatamente alla disponibilit\u00e0 e al periodo; il numero della risorsa prenotata sar\u00e0 assegnato dalla direzione tenendo conto delle richieste del cliente; tuttavia se questo, per cause di forza maggiore o per motivi organizzativi, non fosse possibile non potr\u00e0 dare adito a reclami, rinunce o &hellip; Leggi tutto","og_url":"https:\/\/www.campingversiliamare.it\/de\/online-buchungsbedingungen\/","og_site_name":"Camping Versilia Mare","article_modified_time":"2022-05-24T09:00:12+00:00","twitter_card":"summary_large_image","twitter_misc":{"Gesch\u00e4tzte Lesezeit":"3\u00a0Minuten"},"schema":{"@context":"https:\/\/schema.org","@graph":[{"@type":"WebPage","@id":"https:\/\/www.campingversiliamare.it\/termini-e-condizioni-di-prenotazione-online\/","url":"https:\/\/www.campingversiliamare.it\/termini-e-condizioni-di-prenotazione-online\/","name":"Allgemeine Gesch\u00e4ftsbedingungen f\u00fcr Online-Buchungen - Camping Versilia Mare","isPartOf":{"@id":"https:\/\/www.campingversiliamare.it\/ru\/#website"},"datePublished":"2021-03-11T08:44:55+00:00","dateModified":"2022-05-24T09:00:12+00:00","breadcrumb":{"@id":"https:\/\/www.campingversiliamare.it\/termini-e-condizioni-di-prenotazione-online\/#breadcrumb"},"inLanguage":"de","potentialAction":[{"@type":"ReadAction","target":["https:\/\/www.campingversiliamare.it\/termini-e-condizioni-di-prenotazione-online\/"]}]},{"@type":"BreadcrumbList","@id":"https:\/\/www.campingversiliamare.it\/termini-e-condizioni-di-prenotazione-online\/#breadcrumb","itemListElement":[{"@type":"ListItem","position":1,"name":"Home","item":"https:\/\/www.campingversiliamare.it\/"},{"@type":"ListItem","position":2,"name":"Termini e condizioni di prenotazione online"}]},{"@type":"WebSite","@id":"https:\/\/www.campingversiliamare.it\/ru\/#website","url":"https:\/\/www.campingversiliamare.it\/ru\/","name":"Camping Versilia Mare","description":"Ihr Urlaub in Versilia","potentialAction":[{"@type":"SearchAction","target":{"@type":"EntryPoint","urlTemplate":"https:\/\/www.campingversiliamare.it\/ru\/?s={search_term_string}"},"query-input":{"@type":"PropertyValueSpecification","valueRequired":true,"valueName":"search_term_string"}}],"inLanguage":"de"}]}},"_links":{"self":[{"href":"https:\/\/www.campingversiliamare.it\/de\/wp-json\/wp\/v2\/pages\/783","targetHints":{"allow":["GET"]}}],"collection":[{"href":"https:\/\/www.campingversiliamare.it\/de\/wp-json\/wp\/v2\/pages"}],"about":[{"href":"https:\/\/www.campingversiliamare.it\/de\/wp-json\/wp\/v2\/types\/page"}],"author":[{"embeddable":true,"href":"https:\/\/www.campingversiliamare.it\/de\/wp-json\/wp\/v2\/users\/1"}],"replies":[{"embeddable":true,"href":"https:\/\/www.campingversiliamare.it\/de\/wp-json\/wp\/v2\/comments?post=783"}],"version-history":[{"count":0,"href":"https:\/\/www.campingversiliamare.it\/de\/wp-json\/wp\/v2\/pages\/783\/revisions"}],"wp:attachment":[{"href":"https:\/\/www.campingversiliamare.it\/de\/wp-json\/wp\/v2\/media?parent=783"}],"curies":[{"name":"wp","href":"https:\/\/api.w.org\/{rel}","templated":true}]}}