{"id":40,"date":"2020-07-22T12:25:56","date_gmt":"2020-07-22T10:25:56","guid":{"rendered":"http:\/\/camping.h474412.linp024.arubabusiness.it\/?page_id=40"},"modified":"2022-07-12T18:04:58","modified_gmt":"2022-07-12T16:04:58","slug":"mare-natura-cultura-e-montagna","status":"publish","type":"page","link":"https:\/\/www.campingversiliamare.it\/de\/mare-natura-cultura-e-montagna\/","title":{"rendered":"Meer, Natur, Kultur und Berge"},"content":{"rendered":"<div data-elementor-type=\"wp-page\" data-elementor-id=\"40\" class=\"elementor elementor-40\">\n\t\t\t\t\t\t<section class=\"elementor-section elementor-top-section elementor-element elementor-element-2caacba elementor-section-stretched elementor-section-boxed elementor-section-height-default elementor-section-height-default\" data-id=\"2caacba\" data-element_type=\"section\" data-e-type=\"section\" data-settings=\"{&quot;background_background&quot;:&quot;classic&quot;,&quot;shape_divider_bottom&quot;:&quot;triangle-asymmetrical&quot;,&quot;stretch_section&quot;:&quot;section-stretched&quot;}\">\n\t\t\t\t\t<div class=\"elementor-shape elementor-shape-bottom\" aria-hidden=\"true\" data-negative=\"false\">\n\t\t\t<svg xmlns=\"http:\/\/www.w3.org\/2000\/svg\" viewbox=\"0 0 1000 100\" preserveaspectratio=\"none\">\n\t<path class=\"elementor-shape-fill\" d=\"M738,99l262-93V0H0v5.6L738,99z\"\/>\n<\/svg>\t\t<\/div>\n\t\t\t\t\t<div class=\"elementor-container elementor-column-gap-default\">\n\t\t\t\t\t<div class=\"elementor-column elementor-col-100 elementor-top-column elementor-element elementor-element-e75eb7b\" data-id=\"e75eb7b\" data-element_type=\"column\" data-e-type=\"column\">\n\t\t\t<div class=\"elementor-widget-wrap elementor-element-populated\">\n\t\t\t\t\t\t<div class=\"elementor-element elementor-element-a960d3d elementor-widget elementor-widget-heading\" data-id=\"a960d3d\" data-element_type=\"widget\" data-e-type=\"widget\" data-widget_type=\"heading.default\">\n\t\t\t\t<div class=\"elementor-widget-container\">\n\t\t\t\t\t<span class=\"elementor-heading-title elementor-size-xl\">DAS TERRITORIUM<\/span>\t\t\t\t<\/div>\n\t\t\t\t<\/div>\n\t\t\t\t\t<\/div>\n\t\t<\/div>\n\t\t\t\t\t<\/div>\n\t\t<\/section>\n\t\t\t\t<section class=\"elementor-section elementor-top-section elementor-element elementor-element-356033f elementor-section-boxed elementor-section-height-default elementor-section-height-default\" data-id=\"356033f\" data-element_type=\"section\" data-e-type=\"section\">\n\t\t\t\t\t\t<div class=\"elementor-container elementor-column-gap-default\">\n\t\t\t\t\t<div class=\"elementor-column elementor-col-100 elementor-top-column elementor-element elementor-element-f23bb64\" data-id=\"f23bb64\" data-element_type=\"column\" data-e-type=\"column\">\n\t\t\t<div class=\"elementor-widget-wrap elementor-element-populated\">\n\t\t\t\t\t\t<div class=\"elementor-element elementor-element-7cef1a5 elementor-widget elementor-widget-heading\" data-id=\"7cef1a5\" data-element_type=\"widget\" data-e-type=\"widget\" data-widget_type=\"heading.default\">\n\t\t\t\t<div class=\"elementor-widget-container\">\n\t\t\t\t\t<h2 class=\"elementor-heading-title elementor-size-default\">Die Gemeinde Camaiore ist ein Gebiet, das an verschiedenen Orten reich ist. In kurzer Zeit gelangen Sie vom Strand von Lido di Camaiore in die gr\u00fcne Landschaft, die H\u00fcgel, die Garfagnana und die Apuanischen Alpen.<\/h2>\t\t\t\t<\/div>\n\t\t\t\t<\/div>\n\t\t\t\t<div class=\"elementor-element elementor-element-3faca3c elementor-widget elementor-widget-text-editor\" data-id=\"3faca3c\" data-element_type=\"widget\" data-e-type=\"widget\" data-widget_type=\"text-editor.default\">\n\t\t\t\t<div class=\"elementor-widget-container\">\n\t\t\t\t\t\t\t\t\t<p><b>Die toskanische Via Francigena.\u00a0<\/b>Camaiore ist eine der Etappen der toskanischen Route der Via Francigena.<\/p><p>Eine lange und abwechslungsreiche Strecke der Toskana, bestehend aus 17 Etappen, darunter Camaiore mit seinem historischen Zentrum und dem alten Badia. Ein empfehlenswerter Zwischenstopp f\u00fcr die N\u00e4he zum Meer und das Panorama erstreckt sich in Richtung der H\u00fcgel und Berge, die zu Fu\u00df zur\u00fcckgelegt werden k\u00f6nnen, indem Sie den Routen an einem Tag oder an mehreren Tagen folgen, indem Sie die Route verl\u00e4ngern.<\/p><p><b>Die Via Francigena ist nicht nur ein alternativer Weg, auf dem Sie einzigartige Landschaften, D\u00f6rfer und Kunstwerke entdecken k\u00f6nnen, sondern auch die alten kulinarischen Traditionen und die echtesten toskanischen Lebensmittel.<\/b><\/p><p>Das Klima ist im Winter mild und im Sommer nie sehr hei\u00df.<\/p>\t\t\t\t\t\t\t\t<\/div>\n\t\t\t\t<\/div>\n\t\t\t\t\t<\/div>\n\t\t<\/div>\n\t\t\t\t\t<\/div>\n\t\t<\/section>\n\t\t\t\t<\/div>","protected":false},"excerpt":{"rendered":"<p>DAS GEBIET Die Gemeinde Camaiore ist ein Gebiet voller unterschiedlicher Orte. In kurzer Zeit gelangt man vom Strand von Lido di Camaiore in die gr\u00fcne Landschaft, die H\u00fcgel, die Garfagnana und die Apuanischen Alpen. Die toskanische Via Francigena. Camaiore ist eine der Stationen der toskanischen Route der Via Francigena. Eine lange und \u2026 <a href=\"https:\/\/www.campingversiliamare.it\/de\/mare-natura-cultura-e-montagna\/\" class=\"hover:text-pink-700\">Lesen Sie alles<\/a><\/p>","protected":false},"author":1,"featured_media":0,"parent":0,"menu_order":0,"comment_status":"closed","ping_status":"closed","template":"","meta":{"_acf_changed":false,"footnotes":""},"class_list":["post-40","page","type-page","status-publish","hentry"],"acf":[],"yoast_head":"<!-- This site is optimized with the Yoast SEO plugin v27.4 - https:\/\/yoast.com\/product\/yoast-seo-wordpress\/ -->\n<title>Mare, natura, cultura e montagna - Camping Versilia Mare<\/title>\n<meta name=\"robots\" content=\"index, follow, max-snippet:-1, max-image-preview:large, max-video-preview:-1\" \/>\n<link rel=\"canonical\" href=\"https:\/\/www.campingversiliamare.it\/de\/meer-natur-kultur-und-berge\/\" \/>\n<meta property=\"og:locale\" content=\"de_DE\" \/>\n<meta property=\"og:type\" content=\"article\" \/>\n<meta property=\"og:title\" content=\"Mare, natura, cultura e montagna - Camping Versilia Mare\" \/>\n<meta property=\"og:description\" content=\"IL TERRITORIO Il Comune di Camaiore \u00e8 un territorio ricco di luoghi diversi tra loro. In poco tempo si passa dalla spiaggia di Lido di Camaiore al verde della campagna, alle colline, alla Garfagnana e alle Alpi Apuane. La via Francigena toscana.\u00a0Camaiore \u00e8 una delle tappe del percorso toscano della via Francigena. Un lungo e &hellip; Leggi tutto\" \/>\n<meta property=\"og:url\" content=\"https:\/\/www.campingversiliamare.it\/de\/meer-natur-kultur-und-berge\/\" \/>\n<meta property=\"og:site_name\" content=\"Camping Versilia Mare\" \/>\n<meta property=\"article:modified_time\" content=\"2022-07-12T16:04:58+00:00\" \/>\n<meta name=\"twitter:card\" content=\"summary_large_image\" \/>\n<meta name=\"twitter:label1\" content=\"Gesch\u00e4tzte Lesezeit\" \/>\n\t<meta name=\"twitter:data1\" content=\"1\u00a0Minute\" \/>\n<script type=\"application\/ld+json\" class=\"yoast-schema-graph\">{\"@context\":\"https:\\\/\\\/schema.org\",\"@graph\":[{\"@type\":\"WebPage\",\"@id\":\"https:\\\/\\\/www.campingversiliamare.it\\\/mare-natura-cultura-e-montagna\\\/\",\"url\":\"https:\\\/\\\/www.campingversiliamare.it\\\/mare-natura-cultura-e-montagna\\\/\",\"name\":\"Mare, natura, cultura e montagna - Camping Versilia Mare\",\"isPartOf\":{\"@id\":\"https:\\\/\\\/www.campingversiliamare.it\\\/ru\\\/#website\"},\"datePublished\":\"2020-07-22T10:25:56+00:00\",\"dateModified\":\"2022-07-12T16:04:58+00:00\",\"breadcrumb\":{\"@id\":\"https:\\\/\\\/www.campingversiliamare.it\\\/mare-natura-cultura-e-montagna\\\/#breadcrumb\"},\"inLanguage\":\"de\",\"potentialAction\":[{\"@type\":\"ReadAction\",\"target\":[\"https:\\\/\\\/www.campingversiliamare.it\\\/mare-natura-cultura-e-montagna\\\/\"]}]},{\"@type\":\"BreadcrumbList\",\"@id\":\"https:\\\/\\\/www.campingversiliamare.it\\\/mare-natura-cultura-e-montagna\\\/#breadcrumb\",\"itemListElement\":[{\"@type\":\"ListItem\",\"position\":1,\"name\":\"Home\",\"item\":\"https:\\\/\\\/www.campingversiliamare.it\\\/\"},{\"@type\":\"ListItem\",\"position\":2,\"name\":\"Mare, natura, cultura e montagna\"}]},{\"@type\":\"WebSite\",\"@id\":\"https:\\\/\\\/www.campingversiliamare.it\\\/ru\\\/#website\",\"url\":\"https:\\\/\\\/www.campingversiliamare.it\\\/ru\\\/\",\"name\":\"Camping Versilia Mare\",\"description\":\"La tua vacanza in Versilia\",\"potentialAction\":[{\"@type\":\"SearchAction\",\"target\":{\"@type\":\"EntryPoint\",\"urlTemplate\":\"https:\\\/\\\/www.campingversiliamare.it\\\/ru\\\/?s={search_term_string}\"},\"query-input\":{\"@type\":\"PropertyValueSpecification\",\"valueRequired\":true,\"valueName\":\"search_term_string\"}}],\"inLanguage\":\"de\"}]}<\/script>\n<!-- \/ Yoast SEO plugin. -->","yoast_head_json":{"title":"Meer, Natur, Kultur und Berge - Camping Versilia Mare","robots":{"index":"index","follow":"follow","max-snippet":"max-snippet:-1","max-image-preview":"max-image-preview:large","max-video-preview":"max-video-preview:-1"},"canonical":"https:\/\/www.campingversiliamare.it\/de\/meer-natur-kultur-und-berge\/","og_locale":"de_DE","og_type":"article","og_title":"Mare, natura, cultura e montagna - Camping Versilia Mare","og_description":"IL TERRITORIO Il Comune di Camaiore \u00e8 un territorio ricco di luoghi diversi tra loro. In poco tempo si passa dalla spiaggia di Lido di Camaiore al verde della campagna, alle colline, alla Garfagnana e alle Alpi Apuane. La via Francigena toscana.\u00a0Camaiore \u00e8 una delle tappe del percorso toscano della via Francigena. Un lungo e &hellip; Leggi tutto","og_url":"https:\/\/www.campingversiliamare.it\/de\/meer-natur-kultur-und-berge\/","og_site_name":"Camping Versilia Mare","article_modified_time":"2022-07-12T16:04:58+00:00","twitter_card":"summary_large_image","twitter_misc":{"Gesch\u00e4tzte Lesezeit":"1\u00a0Minute"},"schema":{"@context":"https:\/\/schema.org","@graph":[{"@type":"WebPage","@id":"https:\/\/www.campingversiliamare.it\/mare-natura-cultura-e-montagna\/","url":"https:\/\/www.campingversiliamare.it\/mare-natura-cultura-e-montagna\/","name":"Meer, Natur, Kultur und Berge - Camping Versilia Mare","isPartOf":{"@id":"https:\/\/www.campingversiliamare.it\/ru\/#website"},"datePublished":"2020-07-22T10:25:56+00:00","dateModified":"2022-07-12T16:04:58+00:00","breadcrumb":{"@id":"https:\/\/www.campingversiliamare.it\/mare-natura-cultura-e-montagna\/#breadcrumb"},"inLanguage":"de","potentialAction":[{"@type":"ReadAction","target":["https:\/\/www.campingversiliamare.it\/mare-natura-cultura-e-montagna\/"]}]},{"@type":"BreadcrumbList","@id":"https:\/\/www.campingversiliamare.it\/mare-natura-cultura-e-montagna\/#breadcrumb","itemListElement":[{"@type":"ListItem","position":1,"name":"Home","item":"https:\/\/www.campingversiliamare.it\/"},{"@type":"ListItem","position":2,"name":"Mare, natura, cultura e montagna"}]},{"@type":"WebSite","@id":"https:\/\/www.campingversiliamare.it\/ru\/#website","url":"https:\/\/www.campingversiliamare.it\/ru\/","name":"Camping Versilia Mare","description":"Ihr Urlaub in Versilia","potentialAction":[{"@type":"SearchAction","target":{"@type":"EntryPoint","urlTemplate":"https:\/\/www.campingversiliamare.it\/ru\/?s={search_term_string}"},"query-input":{"@type":"PropertyValueSpecification","valueRequired":true,"valueName":"search_term_string"}}],"inLanguage":"de"}]}},"_links":{"self":[{"href":"https:\/\/www.campingversiliamare.it\/de\/wp-json\/wp\/v2\/pages\/40","targetHints":{"allow":["GET"]}}],"collection":[{"href":"https:\/\/www.campingversiliamare.it\/de\/wp-json\/wp\/v2\/pages"}],"about":[{"href":"https:\/\/www.campingversiliamare.it\/de\/wp-json\/wp\/v2\/types\/page"}],"author":[{"embeddable":true,"href":"https:\/\/www.campingversiliamare.it\/de\/wp-json\/wp\/v2\/users\/1"}],"replies":[{"embeddable":true,"href":"https:\/\/www.campingversiliamare.it\/de\/wp-json\/wp\/v2\/comments?post=40"}],"version-history":[{"count":0,"href":"https:\/\/www.campingversiliamare.it\/de\/wp-json\/wp\/v2\/pages\/40\/revisions"}],"wp:attachment":[{"href":"https:\/\/www.campingversiliamare.it\/de\/wp-json\/wp\/v2\/media?parent=40"}],"curies":[{"name":"wp","href":"https:\/\/api.w.org\/{rel}","templated":true}]}}