{"id":33,"date":"2020-07-22T12:16:01","date_gmt":"2020-07-22T10:16:01","guid":{"rendered":"http:\/\/camping.h474412.linp024.arubabusiness.it\/?page_id=33"},"modified":"2022-07-12T18:06:36","modified_gmt":"2022-07-12T16:06:36","slug":"der-versilia-strandcampingplatz","status":"publish","type":"page","link":"https:\/\/www.campingversiliamare.it\/de\/il-campeggio-versilia-mare\/","title":{"rendered":"Der Campingplatz Versilia Mare"},"content":{"rendered":"<div data-elementor-type=\"wp-page\" data-elementor-id=\"33\" class=\"elementor elementor-33\">\n\t\t\t\t\t\t<section class=\"elementor-section elementor-top-section elementor-element elementor-element-a01db85 elementor-section-stretched elementor-section-boxed elementor-section-height-default elementor-section-height-default\" data-id=\"a01db85\" data-element_type=\"section\" data-e-type=\"section\" data-settings=\"{&quot;background_background&quot;:&quot;classic&quot;,&quot;shape_divider_bottom&quot;:&quot;mountains&quot;,&quot;stretch_section&quot;:&quot;section-stretched&quot;}\">\n\t\t\t\t\t<div class=\"elementor-shape elementor-shape-bottom\" aria-hidden=\"true\" data-negative=\"false\">\n\t\t\t<svg xmlns=\"http:\/\/www.w3.org\/2000\/svg\" viewbox=\"0 0 1000 100\" preserveaspectratio=\"none\">\n\t<path class=\"elementor-shape-fill\" opacity=\"0.33\" d=\"M473,67.3c-203.9,88.3-263.1-34-320.3,0C66,119.1,0,59.7,0,59.7V0h1000v59.7 c0,0-62.1,26.1-94.9,29.3c-32.8,3.3-62.8-12.3-75.8-22.1C806,49.6,745.3,8.7,694.9,4.7S492.4,59,473,67.3z\"\/>\n\t<path class=\"elementor-shape-fill\" opacity=\"0.66\" d=\"M734,67.3c-45.5,0-77.2-23.2-129.1-39.1c-28.6-8.7-150.3-10.1-254,39.1 s-91.7-34.4-149.2,0C115.7,118.3,0,39.8,0,39.8V0h1000v36.5c0,0-28.2-18.5-92.1-18.5C810.2,18.1,775.7,67.3,734,67.3z\"\/>\n\t<path class=\"elementor-shape-fill\" d=\"M766.1,28.9c-200-57.5-266,65.5-395.1,19.5C242,1.8,242,5.4,184.8,20.6C128,35.8,132.3,44.9,89.9,52.5C28.6,63.7,0,0,0,0 h1000c0,0-9.9,40.9-83.6,48.1S829.6,47,766.1,28.9z\"\/>\n<\/svg>\t\t<\/div>\n\t\t\t\t\t<div class=\"elementor-container elementor-column-gap-default\">\n\t\t\t\t\t<div class=\"elementor-column elementor-col-100 elementor-top-column elementor-element elementor-element-02ca75b\" data-id=\"02ca75b\" data-element_type=\"column\" data-e-type=\"column\">\n\t\t\t<div class=\"elementor-widget-wrap elementor-element-populated\">\n\t\t\t\t\t\t<div class=\"elementor-element elementor-element-3d56a29 elementor-widget elementor-widget-heading\" data-id=\"3d56a29\" data-element_type=\"widget\" data-e-type=\"widget\" data-widget_type=\"heading.default\">\n\t\t\t\t<div class=\"elementor-widget-container\">\n\t\t\t\t\t<span class=\"elementor-heading-title elementor-size-xxl\">DAS CAMPING<\/span>\t\t\t\t<\/div>\n\t\t\t\t<\/div>\n\t\t\t\t\t<\/div>\n\t\t<\/div>\n\t\t\t\t\t<\/div>\n\t\t<\/section>\n\t\t\t\t<section class=\"elementor-section elementor-top-section elementor-element elementor-element-073dfd4 elementor-section-boxed elementor-section-height-default elementor-section-height-default\" data-id=\"073dfd4\" data-element_type=\"section\" data-e-type=\"section\">\n\t\t\t\t\t\t<div class=\"elementor-container elementor-column-gap-default\">\n\t\t\t\t\t<div class=\"elementor-column elementor-col-100 elementor-top-column elementor-element elementor-element-e18cb5c\" data-id=\"e18cb5c\" data-element_type=\"column\" data-e-type=\"column\">\n\t\t\t<div class=\"elementor-widget-wrap elementor-element-populated\">\n\t\t\t\t\t\t<div class=\"elementor-element elementor-element-3291b3c elementor-widget elementor-widget-heading\" data-id=\"3291b3c\" data-element_type=\"widget\" data-e-type=\"widget\" data-widget_type=\"heading.default\">\n\t\t\t\t<div class=\"elementor-widget-container\">\n\t\t\t\t\t<h2 class=\"elementor-heading-title elementor-size-default\">Der Campingplatz Versilia Mare erstreckt sich in einem gr\u00fcnen und gut ausgestatteten Gebiet, etwas mehr als 500 Meter entfernt. von der K\u00fcste.<\/h2>\t\t\t\t<\/div>\n\t\t\t\t<\/div>\n\t\t\t\t<div class=\"elementor-element elementor-element-35818ba elementor-widget elementor-widget-text-editor\" data-id=\"35818ba\" data-element_type=\"widget\" data-e-type=\"widget\" data-widget_type=\"text-editor.default\">\n\t\t\t\t<div class=\"elementor-widget-container\">\n\t\t\t\t\t\t\t\t\t<p><b>Eine Open-Air-Touristenanlage in der Stadt und in einem Gebiet, das viele M\u00f6glichkeiten bietet: Meer, Spa\u00df, gutes Essen, Kunst und Natur.<\/b>\u00a0Eine gro\u00dfe Auswahl zwischen begrenzten und unabh\u00e4ngigen Stellpl\u00e4tzen, die mit Steckdosen und Waschbecken sowie komfortablen und gastfreundlichen Bungalows ausgestattet sind.<\/p><p>Die verschiedenen Arten von Bungalows bieten Platz f\u00fcr 2 bis 5 Personen, je nach Umgebung. Dienstleistungen, Unterhaltung und Aktivit\u00e4ten finden rund um den Essbereich, Schwimmb\u00e4der und Sportger\u00e4te f\u00fcr Tennis, Fu\u00dfball und den Entspannungsbereich statt.<\/p><p><b>Das Lido di Camaiore mit seinem goldenen Strand liegt zwischen den St\u00e4dten Pietrasanta und Viareggio<\/b>\u00a0mit einem h\u00fcgeligen Hinterland dahinter, das sich bis in die nahe gelegenen Berge erstreckt. Das bewohnte Zentrum ist gekennzeichnet durch<b>\u00a0Gehen Sie zum Meer bis zum charakteristischen Pier, von Dienstleistungen, Unterhaltung und Veranstaltungen<\/b>\u00a0nicht nur im Sommer, sondern das ganze Jahr \u00fcber.<\/p><p><b>Bemerkenswert ist, dass das Vorhandensein eines langen Radwegs, der das Zentrum durchquert und von Viareggio aus Forte dei Marmi erreicht<\/b>\u00a0und der freie Strandabschnitt mit Duschen, Toiletten. Lido di Camaiore liegt aufgrund seiner Lage in der N\u00e4he vieler Kunstst\u00e4dte und Touristenzentren der Toskana und Liguriens.<\/p>\t\t\t\t\t\t\t\t<\/div>\n\t\t\t\t<\/div>\n\t\t\t\t<div class=\"elementor-element elementor-element-67cd673 elementor-widget elementor-widget-video\" data-id=\"67cd673\" data-element_type=\"widget\" data-e-type=\"widget\" data-settings=\"{&quot;youtube_url&quot;:&quot;https:\\\/\\\/youtu.be\\\/CxGyUjB97GQ&quot;,&quot;yt_privacy&quot;:&quot;yes&quot;,&quot;lazy_load&quot;:&quot;yes&quot;,&quot;video_type&quot;:&quot;youtube&quot;,&quot;controls&quot;:&quot;yes&quot;}\" data-widget_type=\"video.default\">\n\t\t\t\t<div class=\"elementor-widget-container\">\n\t\t\t\t\t\t\t<div class=\"elementor-wrapper elementor-open-inline\">\n\t\t\t<div class=\"elementor-video\"><\/div>\t\t<\/div>\n\t\t\t\t\t\t<\/div>\n\t\t\t\t<\/div>\n\t\t\t\t\t<\/div>\n\t\t<\/div>\n\t\t\t\t\t<\/div>\n\t\t<\/section>\n\t\t\t\t<\/div>","protected":false},"excerpt":{"rendered":"<p>DER CAMPINGPLATZ Der Campingplatz Versilia Mare erstreckt sich in einem gr\u00fcnen und gut ausgestatteten Bereich, etwas mehr als 500 Meter vom Meer entfernt. Eine touristische Anlage unter freiem Himmel, mitten im Stadtzentrum und in einer Gegend, die viele M\u00f6glichkeiten bietet: Meer, Spa\u00df, gutes Essen, Kunst und Natur. Eine gro\u00dfe Auswahl an markierten Stellpl\u00e4tzen \u2026 <a href=\"https:\/\/www.campingversiliamare.it\/de\/il-campeggio-versilia-mare\/\" class=\"hover:text-pink-700\">Lesen Sie alles<\/a><\/p>","protected":false},"author":1,"featured_media":0,"parent":0,"menu_order":0,"comment_status":"closed","ping_status":"closed","template":"","meta":{"_acf_changed":false,"footnotes":""},"class_list":["post-33","page","type-page","status-publish","hentry"],"acf":[],"yoast_head":"<!-- This site is optimized with the Yoast SEO plugin v27.4 - https:\/\/yoast.com\/product\/yoast-seo-wordpress\/ -->\n<title>Il campeggio Versilia Mare - Camping Versilia Mare<\/title>\n<meta name=\"robots\" content=\"index, follow, max-snippet:-1, max-image-preview:large, max-video-preview:-1\" \/>\n<link rel=\"canonical\" href=\"https:\/\/www.campingversiliamare.it\/de\/der-versilia-strandcampingplatz\/\" \/>\n<meta property=\"og:locale\" content=\"de_DE\" \/>\n<meta property=\"og:type\" content=\"article\" \/>\n<meta property=\"og:title\" content=\"Il campeggio Versilia Mare - Camping Versilia Mare\" \/>\n<meta property=\"og:description\" content=\"IL CAMPING Il Campeggio Versilia Mare si estende in un\u2019area verde e attrezzata a poco pi\u00f9 di 500 mt. dal lungomare. Una struttura turistica all\u2019aria aperta, all\u2019interno del centro abitato e in un territorio che offre tante opportunit\u00e0: il mare, il divertimento, il buon cibo, l\u2019arte e la natura.\u00a0Una vasta scelta tra le piazzole delimitate &hellip; Leggi tutto\" \/>\n<meta property=\"og:url\" content=\"https:\/\/www.campingversiliamare.it\/de\/der-versilia-strandcampingplatz\/\" \/>\n<meta property=\"og:site_name\" content=\"Camping Versilia Mare\" \/>\n<meta property=\"article:modified_time\" content=\"2022-07-12T16:06:36+00:00\" \/>\n<meta name=\"twitter:card\" content=\"summary_large_image\" \/>\n<meta name=\"twitter:label1\" content=\"Gesch\u00e4tzte Lesezeit\" \/>\n\t<meta name=\"twitter:data1\" content=\"2\u00a0Minuten\" \/>\n<script type=\"application\/ld+json\" class=\"yoast-schema-graph\">{\"@context\":\"https:\\\/\\\/schema.org\",\"@graph\":[{\"@type\":\"WebPage\",\"@id\":\"https:\\\/\\\/www.campingversiliamare.it\\\/il-campeggio-versilia-mare\\\/\",\"url\":\"https:\\\/\\\/www.campingversiliamare.it\\\/il-campeggio-versilia-mare\\\/\",\"name\":\"Il campeggio Versilia Mare - Camping Versilia Mare\",\"isPartOf\":{\"@id\":\"https:\\\/\\\/www.campingversiliamare.it\\\/ru\\\/#website\"},\"datePublished\":\"2020-07-22T10:16:01+00:00\",\"dateModified\":\"2022-07-12T16:06:36+00:00\",\"breadcrumb\":{\"@id\":\"https:\\\/\\\/www.campingversiliamare.it\\\/il-campeggio-versilia-mare\\\/#breadcrumb\"},\"inLanguage\":\"de\",\"potentialAction\":[{\"@type\":\"ReadAction\",\"target\":[\"https:\\\/\\\/www.campingversiliamare.it\\\/il-campeggio-versilia-mare\\\/\"]}]},{\"@type\":\"BreadcrumbList\",\"@id\":\"https:\\\/\\\/www.campingversiliamare.it\\\/il-campeggio-versilia-mare\\\/#breadcrumb\",\"itemListElement\":[{\"@type\":\"ListItem\",\"position\":1,\"name\":\"Home\",\"item\":\"https:\\\/\\\/www.campingversiliamare.it\\\/\"},{\"@type\":\"ListItem\",\"position\":2,\"name\":\"Il campeggio Versilia Mare\"}]},{\"@type\":\"WebSite\",\"@id\":\"https:\\\/\\\/www.campingversiliamare.it\\\/ru\\\/#website\",\"url\":\"https:\\\/\\\/www.campingversiliamare.it\\\/ru\\\/\",\"name\":\"Camping Versilia Mare\",\"description\":\"La tua vacanza in Versilia\",\"potentialAction\":[{\"@type\":\"SearchAction\",\"target\":{\"@type\":\"EntryPoint\",\"urlTemplate\":\"https:\\\/\\\/www.campingversiliamare.it\\\/ru\\\/?s={search_term_string}\"},\"query-input\":{\"@type\":\"PropertyValueSpecification\",\"valueRequired\":true,\"valueName\":\"search_term_string\"}}],\"inLanguage\":\"de\"}]}<\/script>\n<!-- \/ Yoast SEO plugin. -->","yoast_head_json":{"title":"Der Campingplatz Versilia Mare - Camping Versilia Mare","robots":{"index":"index","follow":"follow","max-snippet":"max-snippet:-1","max-image-preview":"max-image-preview:large","max-video-preview":"max-video-preview:-1"},"canonical":"https:\/\/www.campingversiliamare.it\/de\/der-versilia-strandcampingplatz\/","og_locale":"de_DE","og_type":"article","og_title":"Il campeggio Versilia Mare - Camping Versilia Mare","og_description":"IL CAMPING Il Campeggio Versilia Mare si estende in un\u2019area verde e attrezzata a poco pi\u00f9 di 500 mt. dal lungomare. Una struttura turistica all\u2019aria aperta, all\u2019interno del centro abitato e in un territorio che offre tante opportunit\u00e0: il mare, il divertimento, il buon cibo, l\u2019arte e la natura.\u00a0Una vasta scelta tra le piazzole delimitate &hellip; Leggi tutto","og_url":"https:\/\/www.campingversiliamare.it\/de\/der-versilia-strandcampingplatz\/","og_site_name":"Camping Versilia Mare","article_modified_time":"2022-07-12T16:06:36+00:00","twitter_card":"summary_large_image","twitter_misc":{"Gesch\u00e4tzte Lesezeit":"2\u00a0Minuten"},"schema":{"@context":"https:\/\/schema.org","@graph":[{"@type":"WebPage","@id":"https:\/\/www.campingversiliamare.it\/il-campeggio-versilia-mare\/","url":"https:\/\/www.campingversiliamare.it\/il-campeggio-versilia-mare\/","name":"Der Campingplatz Versilia Mare - Camping Versilia Mare","isPartOf":{"@id":"https:\/\/www.campingversiliamare.it\/ru\/#website"},"datePublished":"2020-07-22T10:16:01+00:00","dateModified":"2022-07-12T16:06:36+00:00","breadcrumb":{"@id":"https:\/\/www.campingversiliamare.it\/il-campeggio-versilia-mare\/#breadcrumb"},"inLanguage":"de","potentialAction":[{"@type":"ReadAction","target":["https:\/\/www.campingversiliamare.it\/il-campeggio-versilia-mare\/"]}]},{"@type":"BreadcrumbList","@id":"https:\/\/www.campingversiliamare.it\/il-campeggio-versilia-mare\/#breadcrumb","itemListElement":[{"@type":"ListItem","position":1,"name":"Home","item":"https:\/\/www.campingversiliamare.it\/"},{"@type":"ListItem","position":2,"name":"Il campeggio Versilia Mare"}]},{"@type":"WebSite","@id":"https:\/\/www.campingversiliamare.it\/ru\/#website","url":"https:\/\/www.campingversiliamare.it\/ru\/","name":"Camping Versilia Mare","description":"Ihr Urlaub in Versilia","potentialAction":[{"@type":"SearchAction","target":{"@type":"EntryPoint","urlTemplate":"https:\/\/www.campingversiliamare.it\/ru\/?s={search_term_string}"},"query-input":{"@type":"PropertyValueSpecification","valueRequired":true,"valueName":"search_term_string"}}],"inLanguage":"de"}]}},"_links":{"self":[{"href":"https:\/\/www.campingversiliamare.it\/de\/wp-json\/wp\/v2\/pages\/33","targetHints":{"allow":["GET"]}}],"collection":[{"href":"https:\/\/www.campingversiliamare.it\/de\/wp-json\/wp\/v2\/pages"}],"about":[{"href":"https:\/\/www.campingversiliamare.it\/de\/wp-json\/wp\/v2\/types\/page"}],"author":[{"embeddable":true,"href":"https:\/\/www.campingversiliamare.it\/de\/wp-json\/wp\/v2\/users\/1"}],"replies":[{"embeddable":true,"href":"https:\/\/www.campingversiliamare.it\/de\/wp-json\/wp\/v2\/comments?post=33"}],"version-history":[{"count":0,"href":"https:\/\/www.campingversiliamare.it\/de\/wp-json\/wp\/v2\/pages\/33\/revisions"}],"wp:attachment":[{"href":"https:\/\/www.campingversiliamare.it\/de\/wp-json\/wp\/v2\/media?parent=33"}],"curies":[{"name":"wp","href":"https:\/\/api.w.org\/{rel}","templated":true}]}}