{"id":11201,"date":"2026-03-11T10:26:06","date_gmt":"2026-03-11T09:26:06","guid":{"rendered":"https:\/\/www.campingversiliamare.it\/?page_id=11201"},"modified":"2026-03-11T10:26:06","modified_gmt":"2026-03-11T09:26:06","slug":"amazing-lucca-x-camping-versilia-mare","status":"publish","type":"page","link":"https:\/\/www.campingversiliamare.it\/de\/amazing-lucca-x-camping-versilia-mare\/","title":{"rendered":"Amazing Lucca x Camping Versilia Mare"},"content":{"rendered":"<div data-elementor-type=\"wp-page\" data-elementor-id=\"11201\" class=\"elementor elementor-11201\">\n\t\t\t\t\t\t<section class=\"elementor-section elementor-top-section elementor-element elementor-element-6f54e11 elementor-section-stretched elementor-section-boxed elementor-section-height-default elementor-section-height-default\" data-id=\"6f54e11\" data-element_type=\"section\" data-e-type=\"section\" data-settings=\"{&quot;stretch_section&quot;:&quot;section-stretched&quot;,&quot;background_background&quot;:&quot;classic&quot;}\">\n\t\t\t\t\t\t\t<div class=\"elementor-background-overlay\"><\/div>\n\t\t\t\t\t\t\t<div class=\"elementor-container elementor-column-gap-default\">\n\t\t\t\t\t<div class=\"elementor-column elementor-col-100 elementor-top-column elementor-element elementor-element-a6acc77\" data-id=\"a6acc77\" data-element_type=\"column\" data-e-type=\"column\">\n\t\t\t<div class=\"elementor-widget-wrap elementor-element-populated\">\n\t\t\t\t\t\t<div class=\"elementor-element elementor-element-936c07d elementor-widget elementor-widget-heading\" data-id=\"936c07d\" data-element_type=\"widget\" data-e-type=\"widget\" data-widget_type=\"heading.default\">\n\t\t\t\t<div class=\"elementor-widget-container\">\n\t\t\t\t\t<h1 class=\"elementor-heading-title elementor-size-default\">Amazing Lucca x Camping Versilia Mare\u200b<\/h1>\t\t\t\t<\/div>\n\t\t\t\t<\/div>\n\t\t\t\t\t<\/div>\n\t\t<\/div>\n\t\t\t\t\t<\/div>\n\t\t<\/section>\n\t\t\t\t<section class=\"elementor-section elementor-top-section elementor-element elementor-element-f0db389 elementor-section-boxed elementor-section-height-default elementor-section-height-default\" data-id=\"f0db389\" data-element_type=\"section\" data-e-type=\"section\">\n\t\t\t\t\t\t<div class=\"elementor-container elementor-column-gap-default\">\n\t\t\t\t\t<div class=\"elementor-column elementor-col-50 elementor-top-column elementor-element elementor-element-348cef2\" data-id=\"348cef2\" data-element_type=\"column\" data-e-type=\"column\">\n\t\t\t<div class=\"elementor-widget-wrap elementor-element-populated\">\n\t\t\t\t\t\t<div class=\"elementor-element elementor-element-e864c39 elementor-widget elementor-widget-text-editor\" data-id=\"e864c39\" data-element_type=\"widget\" data-e-type=\"widget\" data-widget_type=\"text-editor.default\">\n\t\t\t\t<div class=\"elementor-widget-container\">\n\t\t\t\t\t\t\t\t\t<p>Professionelle Outdoor-Erlebnisse, die das Beste der Region pr\u00e4sentieren und sich auf Natur und ikonische Landschaften konzentrieren.<\/p><p><strong>Fremdenf\u00fchrer<\/strong>Alessandro Nicoletti \u2013 Erstaunliches Lucca<\/p><h2>Aktivit\u00e4tsmerkmale<\/h2><ul><li><b>Zertifizierter Umweltwanderf\u00fchrer<\/b>Erfahrungen auf Englisch.<\/li><li>Gruppen von <b>Mindestens 6 und maximal 10 Personen<\/b> um Sicherheit und Qualit\u00e4t zu gew\u00e4hrleisten.<\/li><li><b>Kinder \u00fcber 8 Jahre<\/b>.<\/li><li>Treffpunkt ist um 10:30 Uhr an den jeweiligen Ausgangspunkten der Ausfl\u00fcge.<\/li><li>Die Aktivit\u00e4t endet gegen 15:00 Uhr.<\/li><li><b>Lunchpaket<\/b> von den Teilnehmern<\/li><li><b>Reservierung erforderlich<\/b> im voraus<\/li><\/ul><p>Die Preise k\u00f6nnen je nach Teilnehmerzahl variieren. Die Preisspanne f\u00fcr die Aktivit\u00e4ten liegt zwischen 35,00 \u20ac und 55,00 \u20ac pro Person.<\/p><ul><li>Gruppen ab 6 Personen: 55,00 Euro pro Person<\/li><li>Gruppe von 8 Personen: 45,00 Euro pro Person<\/li><li>Gruppe von 10 Personen: 35,00 Euro pro Person<\/li><\/ul>\t\t\t\t\t\t\t\t<\/div>\n\t\t\t\t<\/div>\n\t\t\t\t\t<\/div>\n\t\t<\/div>\n\t\t\t\t<div class=\"elementor-column elementor-col-50 elementor-top-column elementor-element elementor-element-22b910b\" data-id=\"22b910b\" data-element_type=\"column\" data-e-type=\"column\" data-settings=\"{&quot;background_background&quot;:&quot;classic&quot;}\">\n\t\t\t<div class=\"elementor-widget-wrap elementor-element-populated\">\n\t\t\t\t\t\t<div class=\"elementor-element elementor-element-7e71fb7 elementor-widget elementor-widget-heading\" data-id=\"7e71fb7\" data-element_type=\"widget\" data-e-type=\"widget\" data-widget_type=\"heading.default\">\n\t\t\t\t<div class=\"elementor-widget-container\">\n\t\t\t\t\t<h2 class=\"elementor-heading-title elementor-size-default\">Aktivit\u00e4tenkalender<\/h2>\t\t\t\t<\/div>\n\t\t\t\t<\/div>\n\t\t\t\t<div class=\"elementor-element elementor-element-db4435c elementor-widget elementor-widget-heading\" data-id=\"db4435c\" data-element_type=\"widget\" data-e-type=\"widget\" data-widget_type=\"heading.default\">\n\t\t\t\t<div class=\"elementor-widget-container\">\n\t\t\t\t\t<span class=\"elementor-heading-title elementor-size-default\">Ausfl\u00fcge mittleren Schwierigkeitsgrades, die eine gute k\u00f6rperliche Verfassung und festes Schuhwerk erfordern.<\/span>\t\t\t\t<\/div>\n\t\t\t\t<\/div>\n\t\t\t\t<div class=\"elementor-element elementor-element-fcc3ba1 elementor-widget elementor-widget-text-editor\" data-id=\"fcc3ba1\" data-element_type=\"widget\" data-e-type=\"widget\" data-widget_type=\"text-editor.default\">\n\t\t\t\t<div class=\"elementor-widget-container\">\n\t\t\t\t\t\t\t\t\t<p><strong>11. Juni 2026 | Montemarcello-Ring \u2013 Punta Bianca.<br \/>Typologie<\/strong>Wandern und Tauchen im Meer.<br \/><strong>Planen<\/strong>Der Charme Liguriens und das Schwimmen in kristallklarem Wasser.<\/p>\t\t\t\t\t\t\t\t<\/div>\n\t\t\t\t<\/div>\n\t\t\t\t<div class=\"elementor-element elementor-element-ad90761 elementor-widget elementor-widget-text-editor\" data-id=\"ad90761\" data-element_type=\"widget\" data-e-type=\"widget\" data-widget_type=\"text-editor.default\">\n\t\t\t\t<div class=\"elementor-widget-container\">\n\t\t\t\t\t\t\t\t\t<p><strong>18. Juni 2026 | Lucca Water Ring<\/strong><br \/><strong>Typologie<\/strong>Historisch-naturwissenschaftliches Trekking<br \/><strong>Planen<\/strong>Das Aqu\u00e4dukt aus dem 19. Jahrhundert und die historischen Villen von Lucca.<\/p>\t\t\t\t\t\t\t\t<\/div>\n\t\t\t\t<\/div>\n\t\t\t\t<div class=\"elementor-element elementor-element-b177923 elementor-widget elementor-widget-text-editor\" data-id=\"b177923\" data-element_type=\"widget\" data-e-type=\"widget\" data-widget_type=\"text-editor.default\">\n\t\t\t\t<div class=\"elementor-widget-container\">\n\t\t\t\t\t\t\t\t\t<p><strong>25. Juni 2026 | Grotta all&#039;Onda Ring<\/strong><br \/><strong>Typologie<\/strong>Am Fu\u00dfe der Apuanischen Alpen<br \/><strong>Planen<\/strong>Ein Spaziergang durch K\u00fcnstlerd\u00f6rfer, vorbei an kristallklaren Gew\u00e4ssern und legend\u00e4ren H\u00f6hlen.<\/p>\t\t\t\t\t\t\t\t<\/div>\n\t\t\t\t<\/div>\n\t\t\t\t<div class=\"elementor-element elementor-element-0a07063 elementor-widget elementor-widget-text-editor\" data-id=\"0a07063\" data-element_type=\"widget\" data-e-type=\"widget\" data-widget_type=\"text-editor.default\">\n\t\t\t\t<div class=\"elementor-widget-container\">\n\t\t\t\t\t\t\t\t\t<p><strong>2. Juli 2026 | Candalla, Casoli und Metato<\/strong><br \/><strong>Typologie<\/strong>Wasserwanderung &amp; D\u00f6rfer<br \/><strong>Planen<\/strong>: Absolute K\u00fchle, Flusswasser und die ber\u00fchmten \u201eCasoli Sgraffiti\u201c.<\/p>\t\t\t\t\t\t\t\t<\/div>\n\t\t\t\t<\/div>\n\t\t\t\t\t<\/div>\n\t\t<\/div>\n\t\t\t\t\t<\/div>\n\t\t<\/section>\n\t\t\t\t<\/div>","protected":false},"excerpt":{"rendered":"<p>Amazing Lucca x Camping Versilia Mare \u2013 Professionelle Outdoor-Erlebnisse, die die Highlights der Region pr\u00e4sentieren und sich auf Natur und atemberaubende Ausblicke konzentrieren. Reiseleitung: Alessandro Nicoletti \u2013 Amazing Lucca. Leistungen: Zertifizierter Naturwanderf\u00fchrer, F\u00fchrungen auf Englisch. Die Gruppen sind auf 6 bis 10 Personen begrenzt, um Sicherheit und Qualit\u00e4t zu gew\u00e4hrleisten. <a href=\"https:\/\/www.campingversiliamare.it\/de\/amazing-lucca-x-camping-versilia-mare\/\" class=\"hover:text-pink-700\">Lesen Sie alles<\/a><\/p>","protected":false},"author":1,"featured_media":10608,"parent":0,"menu_order":0,"comment_status":"closed","ping_status":"closed","template":"","meta":{"_acf_changed":false,"footnotes":""},"class_list":["post-11201","page","type-page","status-publish","has-post-thumbnail","hentry"],"acf":[],"yoast_head":"<!-- This site is optimized with the Yoast SEO plugin v27.4 - https:\/\/yoast.com\/product\/yoast-seo-wordpress\/ -->\n<title>Amazing Lucca x Camping Versilia Mare - Camping Versilia Mare<\/title>\n<meta name=\"robots\" content=\"index, follow, max-snippet:-1, max-image-preview:large, max-video-preview:-1\" \/>\n<link rel=\"canonical\" href=\"https:\/\/www.campingversiliamare.it\/de\/fantastisches-lucca-x-camping-versilia-mare\/\" \/>\n<meta property=\"og:locale\" content=\"de_DE\" \/>\n<meta property=\"og:type\" content=\"article\" \/>\n<meta property=\"og:title\" content=\"Amazing Lucca x Camping Versilia Mare - Camping Versilia Mare\" \/>\n<meta property=\"og:description\" content=\"Amazing Lucca x Camping Versilia Mare\u200b Esperienze outdoor professionali per mostrare il meglio del territorio con focus su natura e panorami iconici. Guida turistica: Alessandro Nicoletti &#8211; Amazing Lucca Caratteristiche delle attivit\u00e0 Guida Ambientale Escursionistica certificata, esperienze in lingua inglese. Gruppi di minimo 6 persone e massimo di 10 persone per garantire sicurezza e qualit\u00e0. &hellip; Leggi tutto\" \/>\n<meta property=\"og:url\" content=\"https:\/\/www.campingversiliamare.it\/de\/fantastisches-lucca-x-camping-versilia-mare\/\" \/>\n<meta property=\"og:site_name\" content=\"Camping Versilia Mare\" \/>\n<meta property=\"og:image\" content=\"https:\/\/www.campingversiliamare.it\/wp-content\/uploads\/2024\/03\/pexels-timur-saglambilek-87224-scaled.jpg\" \/>\n\t<meta property=\"og:image:width\" content=\"2560\" \/>\n\t<meta property=\"og:image:height\" content=\"1707\" \/>\n\t<meta property=\"og:image:type\" content=\"image\/jpeg\" \/>\n<meta name=\"twitter:card\" content=\"summary_large_image\" \/>\n<meta name=\"twitter:label1\" content=\"Gesch\u00e4tzte Lesezeit\" \/>\n\t<meta name=\"twitter:data1\" content=\"2\u00a0Minuten\" \/>\n<script type=\"application\/ld+json\" class=\"yoast-schema-graph\">{\"@context\":\"https:\\\/\\\/schema.org\",\"@graph\":[{\"@type\":\"WebPage\",\"@id\":\"https:\\\/\\\/www.campingversiliamare.it\\\/amazing-lucca-x-camping-versilia-mare\\\/\",\"url\":\"https:\\\/\\\/www.campingversiliamare.it\\\/amazing-lucca-x-camping-versilia-mare\\\/\",\"name\":\"Amazing Lucca x Camping Versilia Mare - Camping Versilia Mare\",\"isPartOf\":{\"@id\":\"https:\\\/\\\/www.campingversiliamare.it\\\/ru\\\/#website\"},\"primaryImageOfPage\":{\"@id\":\"https:\\\/\\\/www.campingversiliamare.it\\\/amazing-lucca-x-camping-versilia-mare\\\/#primaryimage\"},\"image\":{\"@id\":\"https:\\\/\\\/www.campingversiliamare.it\\\/amazing-lucca-x-camping-versilia-mare\\\/#primaryimage\"},\"thumbnailUrl\":\"https:\\\/\\\/www.campingversiliamare.it\\\/wp-content\\\/uploads\\\/2024\\\/03\\\/pexels-timur-saglambilek-87224-scaled.jpg\",\"datePublished\":\"2026-03-11T09:26:06+00:00\",\"breadcrumb\":{\"@id\":\"https:\\\/\\\/www.campingversiliamare.it\\\/amazing-lucca-x-camping-versilia-mare\\\/#breadcrumb\"},\"inLanguage\":\"de\",\"potentialAction\":[{\"@type\":\"ReadAction\",\"target\":[\"https:\\\/\\\/www.campingversiliamare.it\\\/amazing-lucca-x-camping-versilia-mare\\\/\"]}]},{\"@type\":\"ImageObject\",\"inLanguage\":\"de\",\"@id\":\"https:\\\/\\\/www.campingversiliamare.it\\\/amazing-lucca-x-camping-versilia-mare\\\/#primaryimage\",\"url\":\"https:\\\/\\\/www.campingversiliamare.it\\\/wp-content\\\/uploads\\\/2024\\\/03\\\/pexels-timur-saglambilek-87224-scaled.jpg\",\"contentUrl\":\"https:\\\/\\\/www.campingversiliamare.it\\\/wp-content\\\/uploads\\\/2024\\\/03\\\/pexels-timur-saglambilek-87224-scaled.jpg\",\"width\":2560,\"height\":1707},{\"@type\":\"BreadcrumbList\",\"@id\":\"https:\\\/\\\/www.campingversiliamare.it\\\/amazing-lucca-x-camping-versilia-mare\\\/#breadcrumb\",\"itemListElement\":[{\"@type\":\"ListItem\",\"position\":1,\"name\":\"Home\",\"item\":\"https:\\\/\\\/www.campingversiliamare.it\\\/\"},{\"@type\":\"ListItem\",\"position\":2,\"name\":\"Amazing Lucca x Camping Versilia Mare\"}]},{\"@type\":\"WebSite\",\"@id\":\"https:\\\/\\\/www.campingversiliamare.it\\\/ru\\\/#website\",\"url\":\"https:\\\/\\\/www.campingversiliamare.it\\\/ru\\\/\",\"name\":\"Camping Versilia Mare\",\"description\":\"La tua vacanza in Versilia\",\"potentialAction\":[{\"@type\":\"SearchAction\",\"target\":{\"@type\":\"EntryPoint\",\"urlTemplate\":\"https:\\\/\\\/www.campingversiliamare.it\\\/ru\\\/?s={search_term_string}\"},\"query-input\":{\"@type\":\"PropertyValueSpecification\",\"valueRequired\":true,\"valueName\":\"search_term_string\"}}],\"inLanguage\":\"de\"}]}<\/script>\n<!-- \/ Yoast SEO plugin. -->","yoast_head_json":{"title":"Amazing Lucca x Camping Versilia Mare - Camping Versilia Mare","robots":{"index":"index","follow":"follow","max-snippet":"max-snippet:-1","max-image-preview":"max-image-preview:large","max-video-preview":"max-video-preview:-1"},"canonical":"https:\/\/www.campingversiliamare.it\/de\/fantastisches-lucca-x-camping-versilia-mare\/","og_locale":"de_DE","og_type":"article","og_title":"Amazing Lucca x Camping Versilia Mare - Camping Versilia Mare","og_description":"Amazing Lucca x Camping Versilia Mare\u200b Esperienze outdoor professionali per mostrare il meglio del territorio con focus su natura e panorami iconici. Guida turistica: Alessandro Nicoletti &#8211; Amazing Lucca Caratteristiche delle attivit\u00e0 Guida Ambientale Escursionistica certificata, esperienze in lingua inglese. Gruppi di minimo 6 persone e massimo di 10 persone per garantire sicurezza e qualit\u00e0. &hellip; Leggi tutto","og_url":"https:\/\/www.campingversiliamare.it\/de\/fantastisches-lucca-x-camping-versilia-mare\/","og_site_name":"Camping Versilia Mare","og_image":[{"width":2560,"height":1707,"url":"https:\/\/www.campingversiliamare.it\/wp-content\/uploads\/2024\/03\/pexels-timur-saglambilek-87224-scaled.jpg","type":"image\/jpeg"}],"twitter_card":"summary_large_image","twitter_misc":{"Gesch\u00e4tzte Lesezeit":"2\u00a0Minuten"},"schema":{"@context":"https:\/\/schema.org","@graph":[{"@type":"WebPage","@id":"https:\/\/www.campingversiliamare.it\/amazing-lucca-x-camping-versilia-mare\/","url":"https:\/\/www.campingversiliamare.it\/amazing-lucca-x-camping-versilia-mare\/","name":"Amazing Lucca x Camping Versilia Mare - Camping Versilia Mare","isPartOf":{"@id":"https:\/\/www.campingversiliamare.it\/ru\/#website"},"primaryImageOfPage":{"@id":"https:\/\/www.campingversiliamare.it\/amazing-lucca-x-camping-versilia-mare\/#primaryimage"},"image":{"@id":"https:\/\/www.campingversiliamare.it\/amazing-lucca-x-camping-versilia-mare\/#primaryimage"},"thumbnailUrl":"https:\/\/www.campingversiliamare.it\/wp-content\/uploads\/2024\/03\/pexels-timur-saglambilek-87224-scaled.jpg","datePublished":"2026-03-11T09:26:06+00:00","breadcrumb":{"@id":"https:\/\/www.campingversiliamare.it\/amazing-lucca-x-camping-versilia-mare\/#breadcrumb"},"inLanguage":"de","potentialAction":[{"@type":"ReadAction","target":["https:\/\/www.campingversiliamare.it\/amazing-lucca-x-camping-versilia-mare\/"]}]},{"@type":"ImageObject","inLanguage":"de","@id":"https:\/\/www.campingversiliamare.it\/amazing-lucca-x-camping-versilia-mare\/#primaryimage","url":"https:\/\/www.campingversiliamare.it\/wp-content\/uploads\/2024\/03\/pexels-timur-saglambilek-87224-scaled.jpg","contentUrl":"https:\/\/www.campingversiliamare.it\/wp-content\/uploads\/2024\/03\/pexels-timur-saglambilek-87224-scaled.jpg","width":2560,"height":1707},{"@type":"BreadcrumbList","@id":"https:\/\/www.campingversiliamare.it\/amazing-lucca-x-camping-versilia-mare\/#breadcrumb","itemListElement":[{"@type":"ListItem","position":1,"name":"Home","item":"https:\/\/www.campingversiliamare.it\/"},{"@type":"ListItem","position":2,"name":"Amazing Lucca x Camping Versilia Mare"}]},{"@type":"WebSite","@id":"https:\/\/www.campingversiliamare.it\/ru\/#website","url":"https:\/\/www.campingversiliamare.it\/ru\/","name":"Camping Versilia Mare","description":"Ihr Urlaub in Versilia","potentialAction":[{"@type":"SearchAction","target":{"@type":"EntryPoint","urlTemplate":"https:\/\/www.campingversiliamare.it\/ru\/?s={search_term_string}"},"query-input":{"@type":"PropertyValueSpecification","valueRequired":true,"valueName":"search_term_string"}}],"inLanguage":"de"}]}},"_links":{"self":[{"href":"https:\/\/www.campingversiliamare.it\/de\/wp-json\/wp\/v2\/pages\/11201","targetHints":{"allow":["GET"]}}],"collection":[{"href":"https:\/\/www.campingversiliamare.it\/de\/wp-json\/wp\/v2\/pages"}],"about":[{"href":"https:\/\/www.campingversiliamare.it\/de\/wp-json\/wp\/v2\/types\/page"}],"author":[{"embeddable":true,"href":"https:\/\/www.campingversiliamare.it\/de\/wp-json\/wp\/v2\/users\/1"}],"replies":[{"embeddable":true,"href":"https:\/\/www.campingversiliamare.it\/de\/wp-json\/wp\/v2\/comments?post=11201"}],"version-history":[{"count":1,"href":"https:\/\/www.campingversiliamare.it\/de\/wp-json\/wp\/v2\/pages\/11201\/revisions"}],"predecessor-version":[{"id":11203,"href":"https:\/\/www.campingversiliamare.it\/de\/wp-json\/wp\/v2\/pages\/11201\/revisions\/11203"}],"wp:featuredmedia":[{"embeddable":true,"href":"https:\/\/www.campingversiliamare.it\/de\/wp-json\/wp\/v2\/media\/10608"}],"wp:attachment":[{"href":"https:\/\/www.campingversiliamare.it\/de\/wp-json\/wp\/v2\/media?parent=11201"}],"curies":[{"name":"wp","href":"https:\/\/api.w.org\/{rel}","templated":true}]}}