{"id":11173,"date":"2026-03-11T10:06:04","date_gmt":"2026-03-11T09:06:04","guid":{"rendered":"https:\/\/www.campingversiliamare.it\/?page_id=11173"},"modified":"2026-03-11T10:33:49","modified_gmt":"2026-03-11T09:33:49","slug":"fahrradtour","status":"publish","type":"page","link":"https:\/\/www.campingversiliamare.it\/de\/bike-tour\/","title":{"rendered":"Fahrradtour"},"content":{"rendered":"<div data-elementor-type=\"wp-page\" data-elementor-id=\"11173\" class=\"elementor elementor-11173\">\n\t\t\t\t\t\t<section class=\"elementor-section elementor-top-section elementor-element elementor-element-6f54e11 elementor-section-stretched elementor-section-boxed elementor-section-height-default elementor-section-height-default\" data-id=\"6f54e11\" data-element_type=\"section\" data-e-type=\"section\" data-settings=\"{&quot;stretch_section&quot;:&quot;section-stretched&quot;,&quot;background_background&quot;:&quot;classic&quot;}\">\n\t\t\t\t\t\t\t<div class=\"elementor-background-overlay\"><\/div>\n\t\t\t\t\t\t\t<div class=\"elementor-container elementor-column-gap-default\">\n\t\t\t\t\t<div class=\"elementor-column elementor-col-100 elementor-top-column elementor-element elementor-element-a6acc77\" data-id=\"a6acc77\" data-element_type=\"column\" data-e-type=\"column\">\n\t\t\t<div class=\"elementor-widget-wrap elementor-element-populated\">\n\t\t\t\t\t\t<div class=\"elementor-element elementor-element-936c07d elementor-widget elementor-widget-heading\" data-id=\"936c07d\" data-element_type=\"widget\" data-e-type=\"widget\" data-widget_type=\"heading.default\">\n\t\t\t\t<div class=\"elementor-widget-container\">\n\t\t\t\t\t<h1 class=\"elementor-heading-title elementor-size-default\">Fahrradtour<\/h1>\t\t\t\t<\/div>\n\t\t\t\t<\/div>\n\t\t\t\t\t<\/div>\n\t\t<\/div>\n\t\t\t\t\t<\/div>\n\t\t<\/section>\n\t\t\t\t<section class=\"elementor-section elementor-top-section elementor-element elementor-element-f0db389 elementor-section-boxed elementor-section-height-default elementor-section-height-default\" data-id=\"f0db389\" data-element_type=\"section\" data-e-type=\"section\">\n\t\t\t\t\t\t<div class=\"elementor-container elementor-column-gap-default\">\n\t\t\t\t\t<div class=\"elementor-column elementor-col-50 elementor-top-column elementor-element elementor-element-348cef2\" data-id=\"348cef2\" data-element_type=\"column\" data-e-type=\"column\">\n\t\t\t<div class=\"elementor-widget-wrap elementor-element-populated\">\n\t\t\t\t\t\t<div class=\"elementor-element elementor-element-e864c39 elementor-widget elementor-widget-text-editor\" data-id=\"e864c39\" data-element_type=\"widget\" data-e-type=\"widget\" data-widget_type=\"text-editor.default\">\n\t\t\t\t<div class=\"elementor-widget-container\">\n\t\t\t\t\t\t\t\t\t<h2>Aktivit\u00e4tsmerkmale<\/h2><ul><li>Nachmittags-Radtour<\/li><li>Gruppen von <b>Mindestens 6 und maximal 10 Personen<\/b> um Sicherheit und Qualit\u00e4t zu gew\u00e4hrleisten.<\/li><li><b>Kinder \u00fcber 8 Jahre<\/b>.<\/li><li>M\u00f6glichkeit zur eigenst\u00e4ndigen Integration des Camping Versilia Mare-Fahrradverleihs<\/li><li>Treffpunkt ist um 16:00 Uhr auf dem Campingplatz.<\/li><li>Die Aktivit\u00e4t endet gegen 18:30 Uhr.<\/li><\/ul><p>Die Preise k\u00f6nnen je nach Teilnehmerzahl variieren. Die Preise f\u00fcr die Aktivit\u00e4ten liegen zwischen 20,00 \u20ac und 30,00 \u20ac pro Person.<\/p><ul><li>Gruppen ab 6 Personen: 30,00 Euro pro Person<\/li><li>Gruppe von 8 Personen: 25,00 Euro pro Person<\/li><li>Gruppe von 10 Personen: 20,00 Euro pro Person<\/li><li>Zus\u00e4tzlicher Fahrradverleih<\/li><\/ul>\t\t\t\t\t\t\t\t<\/div>\n\t\t\t\t<\/div>\n\t\t\t\t\t<\/div>\n\t\t<\/div>\n\t\t\t\t<div class=\"elementor-column elementor-col-50 elementor-top-column elementor-element elementor-element-22b910b\" data-id=\"22b910b\" data-element_type=\"column\" data-e-type=\"column\" data-settings=\"{&quot;background_background&quot;:&quot;classic&quot;}\">\n\t\t\t<div class=\"elementor-widget-wrap elementor-element-populated\">\n\t\t\t\t\t\t<div class=\"elementor-element elementor-element-7e71fb7 elementor-widget elementor-widget-heading\" data-id=\"7e71fb7\" data-element_type=\"widget\" data-e-type=\"widget\" data-widget_type=\"heading.default\">\n\t\t\t\t<div class=\"elementor-widget-container\">\n\t\t\t\t\t<h2 class=\"elementor-heading-title elementor-size-default\">Aktivit\u00e4tenkalender<\/h2>\t\t\t\t<\/div>\n\t\t\t\t<\/div>\n\t\t\t\t<div class=\"elementor-element elementor-element-fcc3ba1 elementor-widget elementor-widget-text-editor\" data-id=\"fcc3ba1\" data-element_type=\"widget\" data-e-type=\"widget\" data-widget_type=\"text-editor.default\">\n\t\t\t\t<div class=\"elementor-widget-container\">\n\t\t\t\t\t\t\t\t\t<p><strong>23. Juni 2026 | Viareggio-Radtour<\/strong><br \/><strong>Typologie<\/strong>Fahrradtour zwischen Liberty und Salmastro<br \/><strong>Planen<\/strong>Entspannte Tour durch die monumentalen Alleen, historischen Caf\u00e9s und die charakteristischsten Orte von Viareggio.<\/p>\t\t\t\t\t\t\t\t<\/div>\n\t\t\t\t<\/div>\n\t\t\t\t\t<\/div>\n\t\t<\/div>\n\t\t\t\t\t<\/div>\n\t\t<\/section>\n\t\t\t\t<\/div>","protected":false},"excerpt":{"rendered":"<p>Aktivit\u00e4tenbeschreibung: Nachmittags-Radtour. Gruppen m\u00fcssen aus mindestens 6 und maximal 10 Personen bestehen, um Sicherheit und Qualit\u00e4t zu gew\u00e4hrleisten. Kinder ab 8 Jahren sind willkommen. Optional kann ein Leihfahrrad hinzugebucht werden. Treffpunkt: 16:00 Uhr am Campingplatz. Die Tour endet gegen 18:30 Uhr. Preis\u00e4nderungen vorbehalten. <a href=\"https:\/\/www.campingversiliamare.it\/de\/bike-tour\/\" class=\"hover:text-pink-700\">Lesen Sie alles<\/a><\/p>","protected":false},"author":1,"featured_media":10608,"parent":0,"menu_order":0,"comment_status":"closed","ping_status":"closed","template":"","meta":{"_acf_changed":false,"footnotes":""},"class_list":["post-11173","page","type-page","status-publish","has-post-thumbnail","hentry"],"acf":[],"yoast_head":"<!-- This site is optimized with the Yoast SEO plugin v27.4 - https:\/\/yoast.com\/product\/yoast-seo-wordpress\/ -->\n<title>Bike Tour - Camping Versilia Mare<\/title>\n<meta name=\"robots\" content=\"index, follow, max-snippet:-1, max-image-preview:large, max-video-preview:-1\" \/>\n<link rel=\"canonical\" href=\"https:\/\/www.campingversiliamare.it\/de\/fahrradtour\/\" \/>\n<meta property=\"og:locale\" content=\"de_DE\" \/>\n<meta property=\"og:type\" content=\"article\" \/>\n<meta property=\"og:title\" content=\"Bike Tour - Camping Versilia Mare\" \/>\n<meta property=\"og:description\" content=\"Bike Tour Caratteristiche delle attivit\u00e0 Cicloturismo pomeridiano Gruppi di minimo 6 persone e massimo di 10 persone per garantire sicurezza e qualit\u00e0. Bambini sopra gli 8 anni. Possibilit\u00e0 di integrare in autonomia il noleggio bici del Camping Versilia Mare Ritrovo ore 16:00 presso il Camping. Termite dell\u2019attivit\u00e0 alle ore 18:30 circa Il tariffario \u00e8 soggetto &hellip; Leggi tutto\" \/>\n<meta property=\"og:url\" content=\"https:\/\/www.campingversiliamare.it\/de\/fahrradtour\/\" \/>\n<meta property=\"og:site_name\" content=\"Camping Versilia Mare\" \/>\n<meta property=\"article:modified_time\" content=\"2026-03-11T09:33:49+00:00\" \/>\n<meta property=\"og:image\" content=\"https:\/\/www.campingversiliamare.it\/wp-content\/uploads\/2024\/03\/pexels-timur-saglambilek-87224-scaled.jpg\" \/>\n\t<meta property=\"og:image:width\" content=\"2560\" \/>\n\t<meta property=\"og:image:height\" content=\"1707\" \/>\n\t<meta property=\"og:image:type\" content=\"image\/jpeg\" \/>\n<meta name=\"twitter:card\" content=\"summary_large_image\" \/>\n<meta name=\"twitter:label1\" content=\"Gesch\u00e4tzte Lesezeit\" \/>\n\t<meta name=\"twitter:data1\" content=\"1\u00a0Minute\" \/>\n<script type=\"application\/ld+json\" class=\"yoast-schema-graph\">{\"@context\":\"https:\\\/\\\/schema.org\",\"@graph\":[{\"@type\":\"WebPage\",\"@id\":\"https:\\\/\\\/www.campingversiliamare.it\\\/bike-tour\\\/\",\"url\":\"https:\\\/\\\/www.campingversiliamare.it\\\/bike-tour\\\/\",\"name\":\"Bike Tour - Camping Versilia Mare\",\"isPartOf\":{\"@id\":\"https:\\\/\\\/www.campingversiliamare.it\\\/ru\\\/#website\"},\"primaryImageOfPage\":{\"@id\":\"https:\\\/\\\/www.campingversiliamare.it\\\/bike-tour\\\/#primaryimage\"},\"image\":{\"@id\":\"https:\\\/\\\/www.campingversiliamare.it\\\/bike-tour\\\/#primaryimage\"},\"thumbnailUrl\":\"https:\\\/\\\/www.campingversiliamare.it\\\/wp-content\\\/uploads\\\/2024\\\/03\\\/pexels-timur-saglambilek-87224-scaled.jpg\",\"datePublished\":\"2026-03-11T09:06:04+00:00\",\"dateModified\":\"2026-03-11T09:33:49+00:00\",\"breadcrumb\":{\"@id\":\"https:\\\/\\\/www.campingversiliamare.it\\\/bike-tour\\\/#breadcrumb\"},\"inLanguage\":\"de\",\"potentialAction\":[{\"@type\":\"ReadAction\",\"target\":[\"https:\\\/\\\/www.campingversiliamare.it\\\/bike-tour\\\/\"]}]},{\"@type\":\"ImageObject\",\"inLanguage\":\"de\",\"@id\":\"https:\\\/\\\/www.campingversiliamare.it\\\/bike-tour\\\/#primaryimage\",\"url\":\"https:\\\/\\\/www.campingversiliamare.it\\\/wp-content\\\/uploads\\\/2024\\\/03\\\/pexels-timur-saglambilek-87224-scaled.jpg\",\"contentUrl\":\"https:\\\/\\\/www.campingversiliamare.it\\\/wp-content\\\/uploads\\\/2024\\\/03\\\/pexels-timur-saglambilek-87224-scaled.jpg\",\"width\":2560,\"height\":1707},{\"@type\":\"BreadcrumbList\",\"@id\":\"https:\\\/\\\/www.campingversiliamare.it\\\/bike-tour\\\/#breadcrumb\",\"itemListElement\":[{\"@type\":\"ListItem\",\"position\":1,\"name\":\"Home\",\"item\":\"https:\\\/\\\/www.campingversiliamare.it\\\/\"},{\"@type\":\"ListItem\",\"position\":2,\"name\":\"Bike Tour\"}]},{\"@type\":\"WebSite\",\"@id\":\"https:\\\/\\\/www.campingversiliamare.it\\\/ru\\\/#website\",\"url\":\"https:\\\/\\\/www.campingversiliamare.it\\\/ru\\\/\",\"name\":\"Camping Versilia Mare\",\"description\":\"La tua vacanza in Versilia\",\"potentialAction\":[{\"@type\":\"SearchAction\",\"target\":{\"@type\":\"EntryPoint\",\"urlTemplate\":\"https:\\\/\\\/www.campingversiliamare.it\\\/ru\\\/?s={search_term_string}\"},\"query-input\":{\"@type\":\"PropertyValueSpecification\",\"valueRequired\":true,\"valueName\":\"search_term_string\"}}],\"inLanguage\":\"de\"}]}<\/script>\n<!-- \/ Yoast SEO plugin. -->","yoast_head_json":{"title":"Fahrradtour - Camping Versilia Mare","robots":{"index":"index","follow":"follow","max-snippet":"max-snippet:-1","max-image-preview":"max-image-preview:large","max-video-preview":"max-video-preview:-1"},"canonical":"https:\/\/www.campingversiliamare.it\/de\/fahrradtour\/","og_locale":"de_DE","og_type":"article","og_title":"Bike Tour - Camping Versilia Mare","og_description":"Bike Tour Caratteristiche delle attivit\u00e0 Cicloturismo pomeridiano Gruppi di minimo 6 persone e massimo di 10 persone per garantire sicurezza e qualit\u00e0. Bambini sopra gli 8 anni. Possibilit\u00e0 di integrare in autonomia il noleggio bici del Camping Versilia Mare Ritrovo ore 16:00 presso il Camping. Termite dell\u2019attivit\u00e0 alle ore 18:30 circa Il tariffario \u00e8 soggetto &hellip; Leggi tutto","og_url":"https:\/\/www.campingversiliamare.it\/de\/fahrradtour\/","og_site_name":"Camping Versilia Mare","article_modified_time":"2026-03-11T09:33:49+00:00","og_image":[{"width":2560,"height":1707,"url":"https:\/\/www.campingversiliamare.it\/wp-content\/uploads\/2024\/03\/pexels-timur-saglambilek-87224-scaled.jpg","type":"image\/jpeg"}],"twitter_card":"summary_large_image","twitter_misc":{"Gesch\u00e4tzte Lesezeit":"1\u00a0Minute"},"schema":{"@context":"https:\/\/schema.org","@graph":[{"@type":"WebPage","@id":"https:\/\/www.campingversiliamare.it\/bike-tour\/","url":"https:\/\/www.campingversiliamare.it\/bike-tour\/","name":"Fahrradtour - Camping Versilia Mare","isPartOf":{"@id":"https:\/\/www.campingversiliamare.it\/ru\/#website"},"primaryImageOfPage":{"@id":"https:\/\/www.campingversiliamare.it\/bike-tour\/#primaryimage"},"image":{"@id":"https:\/\/www.campingversiliamare.it\/bike-tour\/#primaryimage"},"thumbnailUrl":"https:\/\/www.campingversiliamare.it\/wp-content\/uploads\/2024\/03\/pexels-timur-saglambilek-87224-scaled.jpg","datePublished":"2026-03-11T09:06:04+00:00","dateModified":"2026-03-11T09:33:49+00:00","breadcrumb":{"@id":"https:\/\/www.campingversiliamare.it\/bike-tour\/#breadcrumb"},"inLanguage":"de","potentialAction":[{"@type":"ReadAction","target":["https:\/\/www.campingversiliamare.it\/bike-tour\/"]}]},{"@type":"ImageObject","inLanguage":"de","@id":"https:\/\/www.campingversiliamare.it\/bike-tour\/#primaryimage","url":"https:\/\/www.campingversiliamare.it\/wp-content\/uploads\/2024\/03\/pexels-timur-saglambilek-87224-scaled.jpg","contentUrl":"https:\/\/www.campingversiliamare.it\/wp-content\/uploads\/2024\/03\/pexels-timur-saglambilek-87224-scaled.jpg","width":2560,"height":1707},{"@type":"BreadcrumbList","@id":"https:\/\/www.campingversiliamare.it\/bike-tour\/#breadcrumb","itemListElement":[{"@type":"ListItem","position":1,"name":"Home","item":"https:\/\/www.campingversiliamare.it\/"},{"@type":"ListItem","position":2,"name":"Bike Tour"}]},{"@type":"WebSite","@id":"https:\/\/www.campingversiliamare.it\/ru\/#website","url":"https:\/\/www.campingversiliamare.it\/ru\/","name":"Camping Versilia Mare","description":"Ihr Urlaub in Versilia","potentialAction":[{"@type":"SearchAction","target":{"@type":"EntryPoint","urlTemplate":"https:\/\/www.campingversiliamare.it\/ru\/?s={search_term_string}"},"query-input":{"@type":"PropertyValueSpecification","valueRequired":true,"valueName":"search_term_string"}}],"inLanguage":"de"}]}},"_links":{"self":[{"href":"https:\/\/www.campingversiliamare.it\/de\/wp-json\/wp\/v2\/pages\/11173","targetHints":{"allow":["GET"]}}],"collection":[{"href":"https:\/\/www.campingversiliamare.it\/de\/wp-json\/wp\/v2\/pages"}],"about":[{"href":"https:\/\/www.campingversiliamare.it\/de\/wp-json\/wp\/v2\/types\/page"}],"author":[{"embeddable":true,"href":"https:\/\/www.campingversiliamare.it\/de\/wp-json\/wp\/v2\/users\/1"}],"replies":[{"embeddable":true,"href":"https:\/\/www.campingversiliamare.it\/de\/wp-json\/wp\/v2\/comments?post=11173"}],"version-history":[{"count":32,"href":"https:\/\/www.campingversiliamare.it\/de\/wp-json\/wp\/v2\/pages\/11173\/revisions"}],"predecessor-version":[{"id":11211,"href":"https:\/\/www.campingversiliamare.it\/de\/wp-json\/wp\/v2\/pages\/11173\/revisions\/11211"}],"wp:featuredmedia":[{"embeddable":true,"href":"https:\/\/www.campingversiliamare.it\/de\/wp-json\/wp\/v2\/media\/10608"}],"wp:attachment":[{"href":"https:\/\/www.campingversiliamare.it\/de\/wp-json\/wp\/v2\/media?parent=11173"}],"curies":[{"name":"wp","href":"https:\/\/api.w.org\/{rel}","templated":true}]}}