{"id":11144,"date":"2026-03-10T17:23:35","date_gmt":"2026-03-10T16:23:35","guid":{"rendered":"https:\/\/www.campingversiliamare.it\/?page_id=11144"},"modified":"2026-03-10T17:34:22","modified_gmt":"2026-03-10T16:34:22","slug":"prenota-in-anticipo-sconti-entro-il-30-marzo","status":"publish","type":"page","link":"https:\/\/www.campingversiliamare.it\/de\/laufende-aktionen\/reservierung\/","title":{"rendered":"Buchen Sie fr\u00fchzeitig und sichern Sie sich bis zum 30. M\u00e4rz Rabatte."},"content":{"rendered":"<div data-elementor-type=\"wp-page\" data-elementor-id=\"11144\" class=\"elementor elementor-11144\">\n\t\t\t\t\t\t<section class=\"elementor-section elementor-top-section elementor-element elementor-element-efff33a elementor-section-boxed elementor-section-height-default elementor-section-height-default\" data-id=\"efff33a\" data-element_type=\"section\" data-settings=\"{&quot;background_background&quot;:&quot;gradient&quot;}\">\n\t\t\t\t\t\t<div class=\"elementor-container elementor-column-gap-wider\">\n\t\t\t\t\t<div class=\"elementor-column elementor-col-100 elementor-top-column elementor-element elementor-element-54e28f4\" data-id=\"54e28f4\" data-element_type=\"column\">\n\t\t\t<div class=\"elementor-widget-wrap elementor-element-populated\">\n\t\t\t\t\t\t<section class=\"elementor-section elementor-inner-section elementor-element elementor-element-8a38ea9 elementor-section-content-middle elementor-section-boxed elementor-section-height-default elementor-section-height-default\" data-id=\"8a38ea9\" data-element_type=\"section\">\n\t\t\t\t\t\t<div class=\"elementor-container elementor-column-gap-default\">\n\t\t\t\t\t<div class=\"elementor-column elementor-col-50 elementor-inner-column elementor-element elementor-element-f269d37\" data-id=\"f269d37\" data-element_type=\"column\">\n\t\t\t<div class=\"elementor-widget-wrap elementor-element-populated\">\n\t\t\t\t\t\t<div class=\"elementor-element elementor-element-3de9dea elementor-widget elementor-widget-image\" data-id=\"3de9dea\" data-element_type=\"widget\" data-widget_type=\"image.default\">\n\t\t\t\t<div class=\"elementor-widget-container\">\n\t\t\t\t\t\t\t\t\t\t\t\t\t\t\t\t<a href=\"\/de\/\">\n\t\t\t\t\t\t\t<img decoding=\"async\" width=\"289\" height=\"136\" src=\"https:\/\/www.campingversiliamare.it\/wp-content\/uploads\/2020\/07\/logo.png\" class=\"attachment-large size-large wp-image-7\" alt=\"\" srcset=\"https:\/\/www.campingversiliamare.it\/wp-content\/uploads\/2020\/07\/logo.png 289w, https:\/\/www.campingversiliamare.it\/wp-content\/uploads\/2020\/07\/logo-18x8.png 18w, https:\/\/www.campingversiliamare.it\/wp-content\/uploads\/2020\/07\/logo-150x71.png 150w\" sizes=\"(max-width: 289px) 100vw, 289px\" \/>\t\t\t\t\t\t\t\t<\/a>\n\t\t\t\t\t\t\t\t\t\t\t\t\t\t\t<\/div>\n\t\t\t\t<\/div>\n\t\t\t\t\t<\/div>\n\t\t<\/div>\n\t\t\t\t<div class=\"elementor-column elementor-col-50 elementor-inner-column elementor-element elementor-element-004c4c5\" data-id=\"004c4c5\" data-element_type=\"column\">\n\t\t\t<div class=\"elementor-widget-wrap elementor-element-populated\">\n\t\t\t\t\t\t<div class=\"elementor-element elementor-element-490e57c elementor-align-right elementor-widget elementor-widget-button\" data-id=\"490e57c\" data-element_type=\"widget\" data-widget_type=\"button.default\">\n\t\t\t\t<div class=\"elementor-widget-container\">\n\t\t\t\t\t\t\t\t\t<div class=\"elementor-button-wrapper\">\n\t\t\t\t\t<a class=\"elementor-button elementor-button-link elementor-size-sm\" href=\"https:\/\/booking.campingversiliamare.it\/\" target=\"_blank\">\n\t\t\t\t\t\t<span class=\"elementor-button-content-wrapper\">\n\t\t\t\t\t\t\t\t\t<span class=\"elementor-button-text\">Buche online<\/span>\n\t\t\t\t\t<\/span>\n\t\t\t\t\t<\/a>\n\t\t\t\t<\/div>\n\t\t\t\t\t\t\t\t<\/div>\n\t\t\t\t<\/div>\n\t\t\t\t\t<\/div>\n\t\t<\/div>\n\t\t\t\t\t<\/div>\n\t\t<\/section>\n\t\t\t\t<div class=\"elementor-element elementor-element-a7a0866 elementor-widget elementor-widget-spacer\" data-id=\"a7a0866\" data-element_type=\"widget\" data-widget_type=\"spacer.default\">\n\t\t\t\t<div class=\"elementor-widget-container\">\n\t\t\t\t\t\t\t<div class=\"elementor-spacer\">\n\t\t\t<div class=\"elementor-spacer-inner\"><\/div>\n\t\t<\/div>\n\t\t\t\t\t\t<\/div>\n\t\t\t\t<\/div>\n\t\t\t\t<div class=\"elementor-element elementor-element-637d3cc elementor-widget elementor-widget-heading\" data-id=\"637d3cc\" data-element_type=\"widget\" data-widget_type=\"heading.default\">\n\t\t\t\t<div class=\"elementor-widget-container\">\n\t\t\t\t\t<h1 class=\"elementor-heading-title elementor-size-xl\">Buchen Sie fr\u00fchzeitig und sichern Sie sich bis zum 30. M\u00e4rz Rabatte!<\/h1>\t\t\t\t<\/div>\n\t\t\t\t<\/div>\n\t\t\t\t<div class=\"elementor-element elementor-element-5f95f4a elementor-widget elementor-widget-spacer\" data-id=\"5f95f4a\" data-element_type=\"widget\" data-widget_type=\"spacer.default\">\n\t\t\t\t<div class=\"elementor-widget-container\">\n\t\t\t\t\t\t\t<div class=\"elementor-spacer\">\n\t\t\t<div class=\"elementor-spacer-inner\"><\/div>\n\t\t<\/div>\n\t\t\t\t\t\t<\/div>\n\t\t\t\t<\/div>\n\t\t\t\t<div class=\"elementor-element elementor-element-21a158b elementor-widget elementor-widget-image\" data-id=\"21a158b\" data-element_type=\"widget\" data-widget_type=\"image.default\">\n\t\t\t\t<div class=\"elementor-widget-container\">\n\t\t\t\t\t\t\t\t\t\t\t\t\t\t\t<img fetchpriority=\"high\" decoding=\"async\" width=\"1920\" height=\"1080\" src=\"https:\/\/www.campingversiliamare.it\/wp-content\/uploads\/2026\/03\/sea-lido.jpeg\" class=\"attachment-full size-full wp-image-11146\" alt=\"\" srcset=\"https:\/\/www.campingversiliamare.it\/wp-content\/uploads\/2026\/03\/sea-lido.jpeg 1920w, https:\/\/www.campingversiliamare.it\/wp-content\/uploads\/2026\/03\/sea-lido-300x169.jpeg 300w, https:\/\/www.campingversiliamare.it\/wp-content\/uploads\/2026\/03\/sea-lido-1024x576.jpeg 1024w, https:\/\/www.campingversiliamare.it\/wp-content\/uploads\/2026\/03\/sea-lido-768x432.jpeg 768w, https:\/\/www.campingversiliamare.it\/wp-content\/uploads\/2026\/03\/sea-lido-1536x864.jpeg 1536w, https:\/\/www.campingversiliamare.it\/wp-content\/uploads\/2026\/03\/sea-lido-18x10.jpeg 18w\" sizes=\"(max-width: 1920px) 100vw, 1920px\" \/>\t\t\t\t\t\t\t\t\t\t\t\t\t\t\t<\/div>\n\t\t\t\t<\/div>\n\t\t\t\t<div class=\"elementor-element elementor-element-99957e2 elementor-widget elementor-widget-spacer\" data-id=\"99957e2\" data-element_type=\"widget\" data-widget_type=\"spacer.default\">\n\t\t\t\t<div class=\"elementor-widget-container\">\n\t\t\t\t\t\t\t<div class=\"elementor-spacer\">\n\t\t\t<div class=\"elementor-spacer-inner\"><\/div>\n\t\t<\/div>\n\t\t\t\t\t\t<\/div>\n\t\t\t\t<\/div>\n\t\t\t\t<div class=\"elementor-element elementor-element-a5b038b elementor-widget elementor-widget-text-editor\" data-id=\"a5b038b\" data-element_type=\"widget\" data-widget_type=\"text-editor.default\">\n\t\t\t\t<div class=\"elementor-widget-container\">\n\t\t\t\t\t\t\t\t\t<ul>\n<li>Die Aktion ist g\u00fcltig vom 10. M\u00e4rz bis zum 30. M\u00e4rz 2026.<\/li>\n<li>Aktion g\u00fcltig f\u00fcr Aufenthalte von <b>Mindestaufenthalt 7 N\u00e4chte in den Monaten Juli und August<\/b>.<\/li>\n<li><b>10% Rabatt <\/b>f\u00fcr Aufenthalte von 1 Woche<\/li>\n<li><b>15% Rabatt <\/b>f\u00fcr Aufenthalte von 2, 3 und 4 Wochen&nbsp;<\/li>\n<\/ul>\t\t\t\t\t\t\t\t<\/div>\n\t\t\t\t<\/div>\n\t\t\t\t<div class=\"elementor-element elementor-element-2c87694 elementor-widget elementor-widget-spacer\" data-id=\"2c87694\" data-element_type=\"widget\" data-widget_type=\"spacer.default\">\n\t\t\t\t<div class=\"elementor-widget-container\">\n\t\t\t\t\t\t\t<div class=\"elementor-spacer\">\n\t\t\t<div class=\"elementor-spacer-inner\"><\/div>\n\t\t<\/div>\n\t\t\t\t\t\t<\/div>\n\t\t\t\t<\/div>\n\t\t\t\t<div class=\"elementor-element elementor-element-63605fd elementor-align-left elementor-widget elementor-widget-button\" data-id=\"63605fd\" data-element_type=\"widget\" data-widget_type=\"button.default\">\n\t\t\t\t<div class=\"elementor-widget-container\">\n\t\t\t\t\t\t\t\t\t<div class=\"elementor-button-wrapper\">\n\t\t\t\t\t<a class=\"elementor-button elementor-button-link elementor-size-sm\" href=\"https:\/\/booking.campingversiliamare.it\/\" target=\"_blank\">\n\t\t\t\t\t\t<span class=\"elementor-button-content-wrapper\">\n\t\t\t\t\t\t\t\t\t<span class=\"elementor-button-text\">Buche online<\/span>\n\t\t\t\t\t<\/span>\n\t\t\t\t\t<\/a>\n\t\t\t\t<\/div>\n\t\t\t\t\t\t\t\t<\/div>\n\t\t\t\t<\/div>\n\t\t\t\t<div class=\"elementor-element elementor-element-073246d elementor-widget elementor-widget-spacer\" data-id=\"073246d\" data-element_type=\"widget\" data-widget_type=\"spacer.default\">\n\t\t\t\t<div class=\"elementor-widget-container\">\n\t\t\t\t\t\t\t<div class=\"elementor-spacer\">\n\t\t\t<div class=\"elementor-spacer-inner\"><\/div>\n\t\t<\/div>\n\t\t\t\t\t\t<\/div>\n\t\t\t\t<\/div>\n\t\t\t\t<div class=\"elementor-element elementor-element-921922c elementor-widget elementor-widget-heading\" data-id=\"921922c\" data-element_type=\"widget\" data-widget_type=\"heading.default\">\n\t\t\t\t<div class=\"elementor-widget-container\">\n\t\t\t\t\t<h3 class=\"elementor-heading-title elementor-size-large\">Warum das Camping Versilia Mare w\u00e4hlen?<\/h3>\t\t\t\t<\/div>\n\t\t\t\t<\/div>\n\t\t\t\t<div class=\"elementor-element elementor-element-a9af2bf elementor-widget elementor-widget-spacer\" data-id=\"a9af2bf\" data-element_type=\"widget\" data-widget_type=\"spacer.default\">\n\t\t\t\t<div class=\"elementor-widget-container\">\n\t\t\t\t\t\t\t<div class=\"elementor-spacer\">\n\t\t\t<div class=\"elementor-spacer-inner\"><\/div>\n\t\t<\/div>\n\t\t\t\t\t\t<\/div>\n\t\t\t\t<\/div>\n\t\t\t\t<div class=\"elementor-element elementor-element-166eed8 elementor-icon-list--layout-traditional elementor-list-item-link-full_width elementor-widget elementor-widget-icon-list\" data-id=\"166eed8\" data-element_type=\"widget\" data-widget_type=\"icon-list.default\">\n\t\t\t\t<div class=\"elementor-widget-container\">\n\t\t\t\t\t\t\t<ul class=\"elementor-icon-list-items\">\n\t\t\t\t\t\t\t<li class=\"elementor-icon-list-item\">\n\t\t\t\t\t\t\t\t\t\t\t<span class=\"elementor-icon-list-icon\">\n\t\t\t\t\t\t\t<i aria-hidden=\"true\" class=\"fas fa-check\"><\/i>\t\t\t\t\t\t<\/span>\n\t\t\t\t\t\t\t\t\t\t<span class=\"elementor-icon-list-text\">Wir sind die <b>Campingplatz in Strandn\u00e4he <\/b>vom Lido di Camaiore, nur 500 Meter entfernt.<\/span>\n\t\t\t\t\t\t\t\t\t<\/li>\n\t\t\t\t\t\t\t\t<li class=\"elementor-icon-list-item\">\n\t\t\t\t\t\t\t\t\t\t\t<span class=\"elementor-icon-list-icon\">\n\t\t\t\t\t\t\t<i aria-hidden=\"true\" class=\"fas fa-check\"><\/i>\t\t\t\t\t\t<\/span>\n\t\t\t\t\t\t\t\t\t\t<span class=\"elementor-icon-list-text\">Greifen Sie auf die <b>Radweg, der direkt mit dem Zentrum verbunden ist<\/b>.<\/span>\n\t\t\t\t\t\t\t\t\t<\/li>\n\t\t\t\t\t\t\t\t<li class=\"elementor-icon-list-item\">\n\t\t\t\t\t\t\t\t\t\t\t<span class=\"elementor-icon-list-icon\">\n\t\t\t\t\t\t\t<i aria-hidden=\"true\" class=\"fas fa-check\"><\/i>\t\t\t\t\t\t<\/span>\n\t\t\t\t\t\t\t\t\t\t<span class=\"elementor-icon-list-text\">Wir befinden uns in der <b>Herz der Versilia <\/b>Und man kann sch\u00f6ne Spazierg\u00e4nge machen, nach Herzenslust shoppen gehen und das Nachtleben genie\u00dfen.<\/span>\n\t\t\t\t\t\t\t\t\t<\/li>\n\t\t\t\t\t\t\t\t<li class=\"elementor-icon-list-item\">\n\t\t\t\t\t\t\t\t\t\t\t<span class=\"elementor-icon-list-icon\">\n\t\t\t\t\t\t\t<i aria-hidden=\"true\" class=\"fas fa-check\"><\/i>\t\t\t\t\t\t<\/span>\n\t\t\t\t\t\t\t\t\t\t<span class=\"elementor-icon-list-text\">Aktivit\u00e4t<\/span>\n\t\t\t\t\t\t\t\t\t<\/li>\n\t\t\t\t\t\t<\/ul>\n\t\t\t\t\t\t<\/div>\n\t\t\t\t<\/div>\n\t\t\t\t<div class=\"elementor-element elementor-element-7cf002c elementor-widget elementor-widget-spacer\" data-id=\"7cf002c\" data-element_type=\"widget\" data-widget_type=\"spacer.default\">\n\t\t\t\t<div class=\"elementor-widget-container\">\n\t\t\t\t\t\t\t<div class=\"elementor-spacer\">\n\t\t\t<div class=\"elementor-spacer-inner\"><\/div>\n\t\t<\/div>\n\t\t\t\t\t\t<\/div>\n\t\t\t\t<\/div>\n\t\t\t\t<div class=\"elementor-element elementor-element-8b4585d elementor-align-left elementor-widget elementor-widget-button\" data-id=\"8b4585d\" data-element_type=\"widget\" data-widget_type=\"button.default\">\n\t\t\t\t<div class=\"elementor-widget-container\">\n\t\t\t\t\t\t\t\t\t<div class=\"elementor-button-wrapper\">\n\t\t\t\t\t<a class=\"elementor-button elementor-button-link elementor-size-sm\" href=\"https:\/\/booking.campingversiliamare.it\/\" target=\"_blank\">\n\t\t\t\t\t\t<span class=\"elementor-button-content-wrapper\">\n\t\t\t\t\t\t\t\t\t<span class=\"elementor-button-text\">Buche online<\/span>\n\t\t\t\t\t<\/span>\n\t\t\t\t\t<\/a>\n\t\t\t\t<\/div>\n\t\t\t\t\t\t\t\t<\/div>\n\t\t\t\t<\/div>\n\t\t\t\t\t<\/div>\n\t\t<\/div>\n\t\t\t\t\t<\/div>\n\t\t<\/section>\n\t\t\t\t<\/div>","protected":false},"excerpt":{"rendered":"<p>Online buchen! Sichern Sie sich bis zum 30. M\u00e4rz Rabatte! Angebot g\u00fcltig vom 10. bis 30. M\u00e4rz 2026. Gilt f\u00fcr Aufenthalte von mindestens 7 N\u00e4chten im Juli und August. 10% Rabatt bei 1-w\u00f6chigen Aufenthalten. 15% Rabatt bei 2-, 3- und 4-w\u00f6chigen Aufenthalten. Online buchen. Warum sollten Sie sich f\u00fcr uns entscheiden? <a href=\"https:\/\/www.campingversiliamare.it\/de\/laufende-aktionen\/reservierung\/\" class=\"hover:text-pink-700\">Lesen Sie alles<\/a><\/p>","protected":false},"author":1,"featured_media":0,"parent":6015,"menu_order":0,"comment_status":"closed","ping_status":"closed","template":"elementor_canvas","meta":{"_acf_changed":false,"footnotes":""},"class_list":["post-11144","page","type-page","status-publish","hentry"],"acf":[],"yoast_head":"<!-- This site is optimized with the Yoast SEO plugin v25.9 - https:\/\/yoast.com\/wordpress\/plugins\/seo\/ -->\n<title>Prenota in anticipo, sconti entro il 30 marzo - Camping Versilia Mare<\/title>\n<meta name=\"robots\" content=\"index, follow, max-snippet:-1, max-image-preview:large, max-video-preview:-1\" \/>\n<link rel=\"canonical\" href=\"https:\/\/www.campingversiliamare.it\/de\/laufende-aktionen\/reservierung\/\" \/>\n<meta property=\"og:locale\" content=\"de_DE\" \/>\n<meta property=\"og:type\" content=\"article\" \/>\n<meta property=\"og:title\" content=\"Prenota in anticipo, sconti entro il 30 marzo - Camping Versilia Mare\" \/>\n<meta property=\"og:description\" content=\"Prenota Online Prenota in anticipo, sconti entro il 30 marzo! Validit\u00e0 promozione 10 Marzo &#8211; 30 Marzo 2026 Promozione valida per soggiorni di minimo 7 notti nei mesi di Luglio e Agosto. 10% di sconto per soggiorni di 1 settimana 15% di sconto per soggiorni di 2,3 e 4 settimane&nbsp; Prenota Online Perch\u00e9 scegliere il &hellip; Leggi tutto\" \/>\n<meta property=\"og:url\" content=\"https:\/\/www.campingversiliamare.it\/de\/laufende-aktionen\/reservierung\/\" \/>\n<meta property=\"og:site_name\" content=\"Camping Versilia Mare\" \/>\n<meta property=\"article:modified_time\" content=\"2026-03-10T16:34:22+00:00\" \/>\n<meta property=\"og:image\" content=\"https:\/\/www.campingversiliamare.it\/wp-content\/uploads\/2020\/07\/logo.png\" \/>\n\t<meta property=\"og:image:width\" content=\"289\" \/>\n\t<meta property=\"og:image:height\" content=\"136\" \/>\n\t<meta property=\"og:image:type\" content=\"image\/png\" \/>\n<meta name=\"twitter:card\" content=\"summary_large_image\" \/>\n<meta name=\"twitter:label1\" content=\"Gesch\u00e4tzte Lesezeit\" \/>\n\t<meta name=\"twitter:data1\" content=\"1\u00a0Minute\" \/>\n<script type=\"application\/ld+json\" class=\"yoast-schema-graph\">{\"@context\":\"https:\/\/schema.org\",\"@graph\":[{\"@type\":\"WebPage\",\"@id\":\"https:\/\/www.campingversiliamare.it\/promozioni-in-corso\/prenota-in-anticipo-sconti-entro-il-30-marzo\/\",\"url\":\"https:\/\/www.campingversiliamare.it\/promozioni-in-corso\/prenota-in-anticipo-sconti-entro-il-30-marzo\/\",\"name\":\"Prenota in anticipo, sconti entro il 30 marzo - Camping Versilia Mare\",\"isPartOf\":{\"@id\":\"https:\/\/www.campingversiliamare.it\/ru\/#website\"},\"primaryImageOfPage\":{\"@id\":\"https:\/\/www.campingversiliamare.it\/promozioni-in-corso\/prenota-in-anticipo-sconti-entro-il-30-marzo\/#primaryimage\"},\"image\":{\"@id\":\"https:\/\/www.campingversiliamare.it\/promozioni-in-corso\/prenota-in-anticipo-sconti-entro-il-30-marzo\/#primaryimage\"},\"thumbnailUrl\":\"https:\/\/www.campingversiliamare.it\/wp-content\/uploads\/2020\/07\/logo.png\",\"datePublished\":\"2026-03-10T16:23:35+00:00\",\"dateModified\":\"2026-03-10T16:34:22+00:00\",\"breadcrumb\":{\"@id\":\"https:\/\/www.campingversiliamare.it\/promozioni-in-corso\/prenota-in-anticipo-sconti-entro-il-30-marzo\/#breadcrumb\"},\"inLanguage\":\"de\",\"potentialAction\":[{\"@type\":\"ReadAction\",\"target\":[\"https:\/\/www.campingversiliamare.it\/promozioni-in-corso\/prenota-in-anticipo-sconti-entro-il-30-marzo\/\"]}]},{\"@type\":\"ImageObject\",\"inLanguage\":\"de\",\"@id\":\"https:\/\/www.campingversiliamare.it\/promozioni-in-corso\/prenota-in-anticipo-sconti-entro-il-30-marzo\/#primaryimage\",\"url\":\"https:\/\/www.campingversiliamare.it\/wp-content\/uploads\/2020\/07\/logo.png\",\"contentUrl\":\"https:\/\/www.campingversiliamare.it\/wp-content\/uploads\/2020\/07\/logo.png\"},{\"@type\":\"BreadcrumbList\",\"@id\":\"https:\/\/www.campingversiliamare.it\/promozioni-in-corso\/prenota-in-anticipo-sconti-entro-il-30-marzo\/#breadcrumb\",\"itemListElement\":[{\"@type\":\"ListItem\",\"position\":1,\"name\":\"Home\",\"item\":\"https:\/\/www.campingversiliamare.it\/\"},{\"@type\":\"ListItem\",\"position\":2,\"name\":\"Promozioni in Corso\",\"item\":\"https:\/\/www.campingversiliamare.it\/promozioni-in-corso\/\"},{\"@type\":\"ListItem\",\"position\":3,\"name\":\"Prenota in anticipo, sconti entro il 30 marzo\"}]},{\"@type\":\"WebSite\",\"@id\":\"https:\/\/www.campingversiliamare.it\/ru\/#website\",\"url\":\"https:\/\/www.campingversiliamare.it\/ru\/\",\"name\":\"Camping Versilia Mare\",\"description\":\"La tua vacanza in Versilia\",\"potentialAction\":[{\"@type\":\"SearchAction\",\"target\":{\"@type\":\"EntryPoint\",\"urlTemplate\":\"https:\/\/www.campingversiliamare.it\/ru\/?s={search_term_string}\"},\"query-input\":{\"@type\":\"PropertyValueSpecification\",\"valueRequired\":true,\"valueName\":\"search_term_string\"}}],\"inLanguage\":\"de\"}]}<\/script>\n<!-- \/ Yoast SEO plugin. -->","yoast_head_json":{"title":"Fr\u00fch buchen, Rabatte bis zum 30. M\u00e4rz sichern \u2013 Camping Versilia Mare","robots":{"index":"index","follow":"follow","max-snippet":"max-snippet:-1","max-image-preview":"max-image-preview:large","max-video-preview":"max-video-preview:-1"},"canonical":"https:\/\/www.campingversiliamare.it\/de\/laufende-aktionen\/reservierung\/","og_locale":"de_DE","og_type":"article","og_title":"Prenota in anticipo, sconti entro il 30 marzo - Camping Versilia Mare","og_description":"Prenota Online Prenota in anticipo, sconti entro il 30 marzo! Validit\u00e0 promozione 10 Marzo &#8211; 30 Marzo 2026 Promozione valida per soggiorni di minimo 7 notti nei mesi di Luglio e Agosto. 10% di sconto per soggiorni di 1 settimana 15% di sconto per soggiorni di 2,3 e 4 settimane&nbsp; Prenota Online Perch\u00e9 scegliere il &hellip; Leggi tutto","og_url":"https:\/\/www.campingversiliamare.it\/de\/laufende-aktionen\/reservierung\/","og_site_name":"Camping Versilia Mare","article_modified_time":"2026-03-10T16:34:22+00:00","og_image":[{"width":289,"height":136,"url":"https:\/\/www.campingversiliamare.it\/wp-content\/uploads\/2020\/07\/logo.png","type":"image\/png"}],"twitter_card":"summary_large_image","twitter_misc":{"Gesch\u00e4tzte Lesezeit":"1\u00a0Minute"},"schema":{"@context":"https:\/\/schema.org","@graph":[{"@type":"WebPage","@id":"https:\/\/www.campingversiliamare.it\/promozioni-in-corso\/prenota-in-anticipo-sconti-entro-il-30-marzo\/","url":"https:\/\/www.campingversiliamare.it\/promozioni-in-corso\/prenota-in-anticipo-sconti-entro-il-30-marzo\/","name":"Fr\u00fch buchen, Rabatte bis zum 30. M\u00e4rz sichern \u2013 Camping Versilia Mare","isPartOf":{"@id":"https:\/\/www.campingversiliamare.it\/ru\/#website"},"primaryImageOfPage":{"@id":"https:\/\/www.campingversiliamare.it\/promozioni-in-corso\/prenota-in-anticipo-sconti-entro-il-30-marzo\/#primaryimage"},"image":{"@id":"https:\/\/www.campingversiliamare.it\/promozioni-in-corso\/prenota-in-anticipo-sconti-entro-il-30-marzo\/#primaryimage"},"thumbnailUrl":"https:\/\/www.campingversiliamare.it\/wp-content\/uploads\/2020\/07\/logo.png","datePublished":"2026-03-10T16:23:35+00:00","dateModified":"2026-03-10T16:34:22+00:00","breadcrumb":{"@id":"https:\/\/www.campingversiliamare.it\/promozioni-in-corso\/prenota-in-anticipo-sconti-entro-il-30-marzo\/#breadcrumb"},"inLanguage":"de","potentialAction":[{"@type":"ReadAction","target":["https:\/\/www.campingversiliamare.it\/promozioni-in-corso\/prenota-in-anticipo-sconti-entro-il-30-marzo\/"]}]},{"@type":"ImageObject","inLanguage":"de","@id":"https:\/\/www.campingversiliamare.it\/promozioni-in-corso\/prenota-in-anticipo-sconti-entro-il-30-marzo\/#primaryimage","url":"https:\/\/www.campingversiliamare.it\/wp-content\/uploads\/2020\/07\/logo.png","contentUrl":"https:\/\/www.campingversiliamare.it\/wp-content\/uploads\/2020\/07\/logo.png"},{"@type":"BreadcrumbList","@id":"https:\/\/www.campingversiliamare.it\/promozioni-in-corso\/prenota-in-anticipo-sconti-entro-il-30-marzo\/#breadcrumb","itemListElement":[{"@type":"ListItem","position":1,"name":"Home","item":"https:\/\/www.campingversiliamare.it\/"},{"@type":"ListItem","position":2,"name":"Promozioni in Corso","item":"https:\/\/www.campingversiliamare.it\/promozioni-in-corso\/"},{"@type":"ListItem","position":3,"name":"Prenota in anticipo, sconti entro il 30 marzo"}]},{"@type":"WebSite","@id":"https:\/\/www.campingversiliamare.it\/ru\/#website","url":"https:\/\/www.campingversiliamare.it\/ru\/","name":"Camping Versilia Mare","description":"Ihr Urlaub in Versilia","potentialAction":[{"@type":"SearchAction","target":{"@type":"EntryPoint","urlTemplate":"https:\/\/www.campingversiliamare.it\/ru\/?s={search_term_string}"},"query-input":{"@type":"PropertyValueSpecification","valueRequired":true,"valueName":"search_term_string"}}],"inLanguage":"de"}]}},"_links":{"self":[{"href":"https:\/\/www.campingversiliamare.it\/de\/wp-json\/wp\/v2\/pages\/11144","targetHints":{"allow":["GET"]}}],"collection":[{"href":"https:\/\/www.campingversiliamare.it\/de\/wp-json\/wp\/v2\/pages"}],"about":[{"href":"https:\/\/www.campingversiliamare.it\/de\/wp-json\/wp\/v2\/types\/page"}],"author":[{"embeddable":true,"href":"https:\/\/www.campingversiliamare.it\/de\/wp-json\/wp\/v2\/users\/1"}],"replies":[{"embeddable":true,"href":"https:\/\/www.campingversiliamare.it\/de\/wp-json\/wp\/v2\/comments?post=11144"}],"version-history":[{"count":10,"href":"https:\/\/www.campingversiliamare.it\/de\/wp-json\/wp\/v2\/pages\/11144\/revisions"}],"predecessor-version":[{"id":11158,"href":"https:\/\/www.campingversiliamare.it\/de\/wp-json\/wp\/v2\/pages\/11144\/revisions\/11158"}],"up":[{"embeddable":true,"href":"https:\/\/www.campingversiliamare.it\/de\/wp-json\/wp\/v2\/pages\/6015"}],"wp:attachment":[{"href":"https:\/\/www.campingversiliamare.it\/de\/wp-json\/wp\/v2\/media?parent=11144"}],"curies":[{"name":"wp","href":"https:\/\/api.w.org\/{rel}","templated":true}]}}