{"id":10667,"date":"2024-05-22T09:53:41","date_gmt":"2024-05-22T07:53:41","guid":{"rendered":"https:\/\/www.campingversiliamare.it\/?page_id=10667"},"modified":"2024-06-05T16:38:38","modified_gmt":"2024-06-05T14:38:38","slug":"empfohlene-landschaftlich-reizvolle-route","status":"publish","type":"page","link":"https:\/\/www.campingversiliamare.it\/de\/percorso-panoramico-consigliato\/","title":{"rendered":"Empfohlene malerische Route"},"content":{"rendered":"<div data-elementor-type=\"wp-page\" data-elementor-id=\"10667\" class=\"elementor elementor-10667\">\n\t\t\t\t\t\t<section class=\"elementor-section elementor-top-section elementor-element elementor-element-6f54e11 elementor-section-stretched elementor-section-boxed elementor-section-height-default elementor-section-height-default\" data-id=\"6f54e11\" data-element_type=\"section\" data-e-type=\"section\" data-settings=\"{&quot;stretch_section&quot;:&quot;section-stretched&quot;,&quot;background_background&quot;:&quot;classic&quot;}\">\n\t\t\t\t\t\t\t<div class=\"elementor-background-overlay\"><\/div>\n\t\t\t\t\t\t\t<div class=\"elementor-container elementor-column-gap-default\">\n\t\t\t\t\t<div class=\"elementor-column elementor-col-100 elementor-top-column elementor-element elementor-element-a6acc77\" data-id=\"a6acc77\" data-element_type=\"column\" data-e-type=\"column\">\n\t\t\t<div class=\"elementor-widget-wrap elementor-element-populated\">\n\t\t\t\t\t\t<div class=\"elementor-element elementor-element-c5a10c1 elementor-widget elementor-widget-heading\" data-id=\"c5a10c1\" data-element_type=\"widget\" data-e-type=\"widget\" data-widget_type=\"heading.default\">\n\t\t\t\t<div class=\"elementor-widget-container\">\n\t\t\t\t\t<span class=\"elementor-heading-title elementor-size-xl\">TREKKING-ROUTEN<\/span>\t\t\t\t<\/div>\n\t\t\t\t<\/div>\n\t\t\t\t\t<\/div>\n\t\t<\/div>\n\t\t\t\t\t<\/div>\n\t\t<\/section>\n\t\t\t\t<section class=\"elementor-section elementor-top-section elementor-element elementor-element-b1e96e5 elementor-section-boxed elementor-section-height-default elementor-section-height-default\" data-id=\"b1e96e5\" data-element_type=\"section\" data-e-type=\"section\">\n\t\t\t\t\t\t<div class=\"elementor-container elementor-column-gap-default\">\n\t\t\t\t\t<div class=\"elementor-column elementor-col-100 elementor-top-column elementor-element elementor-element-cb8ef39\" data-id=\"cb8ef39\" data-element_type=\"column\" data-e-type=\"column\">\n\t\t\t<div class=\"elementor-widget-wrap elementor-element-populated\">\n\t\t\t\t\t\t<div class=\"elementor-element elementor-element-936c07d elementor-widget elementor-widget-heading\" data-id=\"936c07d\" data-element_type=\"widget\" data-e-type=\"widget\" data-widget_type=\"heading.default\">\n\t\t\t\t<div class=\"elementor-widget-container\">\n\t\t\t\t\t<h1 class=\"elementor-heading-title elementor-size-default\">Empfohlene malerische Route<\/h1>\t\t\t\t<\/div>\n\t\t\t\t<\/div>\n\t\t\t\t<div class=\"elementor-element elementor-element-f0e4a1d elementor-widget elementor-widget-heading\" data-id=\"f0e4a1d\" data-element_type=\"widget\" data-e-type=\"widget\" data-widget_type=\"heading.default\">\n\t\t\t\t<div class=\"elementor-widget-container\">\n\t\t\t\t\t<h2 class=\"elementor-heading-title elementor-size-default\">Von Lido nach Montigiano, um eine unvergessliche Aussicht zu genie\u00dfen<\/h2>\t\t\t\t<\/div>\n\t\t\t\t<\/div>\n\t\t\t\t<div class=\"elementor-element elementor-element-86e78bb elementor-widget elementor-widget-text-editor\" data-id=\"86e78bb\" data-element_type=\"widget\" data-e-type=\"widget\" data-widget_type=\"text-editor.default\">\n\t\t\t\t<div class=\"elementor-widget-container\">\n\t\t\t\t\t\t\t\t\t<p>Von VERSILIA MARE aus steigen Sie den H\u00fcgel hinauf nach Montigiano auf einer H\u00f6he von 433 Metern \u00fcber dem Meeresspiegel, um ein fantastisches Panorama zu genie\u00dfen, und beginnen dann, sanft in die Ebene abzusteigen.<\/p>\t\t\t\t\t\t\t\t<\/div>\n\t\t\t\t<\/div>\n\t\t\t\t<div class=\"elementor-element elementor-element-7daef17 elementor-widget elementor-widget-heading\" data-id=\"7daef17\" data-element_type=\"widget\" data-e-type=\"widget\" data-widget_type=\"heading.default\">\n\t\t\t\t<div class=\"elementor-widget-container\">\n\t\t\t\t\t<h3 class=\"elementor-heading-title elementor-size-default\">Einzelheiten<\/h3>\t\t\t\t<\/div>\n\t\t\t\t<\/div>\n\t\t\t\t<div class=\"elementor-element elementor-element-a4527c7 elementor-widget elementor-widget-text-editor\" data-id=\"a4527c7\" data-element_type=\"widget\" data-e-type=\"widget\" data-widget_type=\"text-editor.default\">\n\t\t\t\t<div class=\"elementor-widget-container\">\n\t\t\t\t\t\t\t\t\t<ul><li>Dauer: 3.30 \/ 4.00 Stunden inklusive Stopps<\/li><li>Entfernung: ca. 42 km<\/li><li>Schwierigkeitsgrad: anspruchsvoll, geeignet f\u00fcr einen erfahrenen F\u00fchrer<\/li><li>Mindestens 4 Personen f\u00fcr die Organisation der Route.<\/li><\/ul><p><strong>Anmeldegeb\u00fchr: 50 \u20ac pro Person und beinhaltet:<\/strong><\/p><ul><li>1 Trekking-E-Bike pro Person<\/li><li>1 Korb zum Fr\u00fchst\u00fcck oder Snack mit einem Getr\u00e4nk Ihrer Wahl, alles zubereitet vom K\u00fcchenchef des Restaurants VERSILIA MARE.<\/li><li><span style=\"color: var(--tw-prose-body); font-size: 1rem; font-family: ui-sans-serif, system-ui, -apple-system, BlinkMacSystemFont, 'Segoe UI', Roboto, 'Helvetica Neue', Arial, 'Noto Sans', sans-serif, 'Apple Color Emoji', 'Segoe UI Emoji', 'Segoe UI Symbol', 'Noto Color Emoji';\">Ein unprofessioneller F\u00fchrer<\/span><\/li><li>Ein Begleitfahrzeug f\u00fcr jeden Bedarf<\/li><\/ul>\t\t\t\t\t\t\t\t<\/div>\n\t\t\t\t<\/div>\n\t\t\t\t<div class=\"elementor-element elementor-element-731c197 elementor-widget elementor-widget-image\" data-id=\"731c197\" data-element_type=\"widget\" data-e-type=\"widget\" data-widget_type=\"image.default\">\n\t\t\t\t<div class=\"elementor-widget-container\">\n\t\t\t\t\t\t\t\t\t\t\t\t\t\t\t<img fetchpriority=\"high\" decoding=\"async\" width=\"1024\" height=\"768\" src=\"https:\/\/www.campingversiliamare.it\/wp-content\/uploads\/2024\/05\/Chiesa_di_Santa_Lucia_Montigiano_01-1024x768.jpeg\" class=\"attachment-large size-large wp-image-10672\" alt=\"\" srcset=\"https:\/\/www.campingversiliamare.it\/wp-content\/uploads\/2024\/05\/Chiesa_di_Santa_Lucia_Montigiano_01-1024x768.jpeg 1024w, https:\/\/www.campingversiliamare.it\/wp-content\/uploads\/2024\/05\/Chiesa_di_Santa_Lucia_Montigiano_01-300x225.jpeg 300w, https:\/\/www.campingversiliamare.it\/wp-content\/uploads\/2024\/05\/Chiesa_di_Santa_Lucia_Montigiano_01-768x576.jpeg 768w, https:\/\/www.campingversiliamare.it\/wp-content\/uploads\/2024\/05\/Chiesa_di_Santa_Lucia_Montigiano_01-1536x1152.jpeg 1536w, https:\/\/www.campingversiliamare.it\/wp-content\/uploads\/2024\/05\/Chiesa_di_Santa_Lucia_Montigiano_01-16x12.jpeg 16w, https:\/\/www.campingversiliamare.it\/wp-content\/uploads\/2024\/05\/Chiesa_di_Santa_Lucia_Montigiano_01.jpeg 2048w\" sizes=\"(max-width: 1024px) 100vw, 1024px\" \/>\t\t\t\t\t\t\t\t\t\t\t\t\t\t\t<\/div>\n\t\t\t\t<\/div>\n\t\t\t\t<div class=\"elementor-element elementor-element-8207696 elementor-widget elementor-widget-heading\" data-id=\"8207696\" data-element_type=\"widget\" data-e-type=\"widget\" data-widget_type=\"heading.default\">\n\t\t\t\t<div class=\"elementor-widget-container\">\n\t\t\t\t\t<span class=\"elementor-heading-title elementor-size-default\">Bild von I, Sailko, CC BY 2.5, https:\/\/commons.wikimedia.org\/w\/index.php?curid=4563438<\/span>\t\t\t\t<\/div>\n\t\t\t\t<\/div>\n\t\t\t\t<div class=\"elementor-element elementor-element-c24601c elementor-widget elementor-widget-heading\" data-id=\"c24601c\" data-element_type=\"widget\" data-e-type=\"widget\" data-widget_type=\"heading.default\">\n\t\t\t\t<div class=\"elementor-widget-container\">\n\t\t\t\t\t<h3 class=\"elementor-heading-title elementor-size-default\">Die Karte<\/h3>\t\t\t\t<\/div>\n\t\t\t\t<\/div>\n\t\t\t\t<div class=\"elementor-element elementor-element-ad97141 elementor-widget elementor-widget-image\" data-id=\"ad97141\" data-element_type=\"widget\" data-e-type=\"widget\" data-widget_type=\"image.default\">\n\t\t\t\t<div class=\"elementor-widget-container\">\n\t\t\t\t\t\t\t\t\t\t\t\t\t\t\t<img decoding=\"async\" width=\"1024\" height=\"629\" src=\"https:\/\/www.campingversiliamare.it\/wp-content\/uploads\/2024\/06\/percorso-panoramico-1024x629.webp\" class=\"attachment-large size-large wp-image-10703\" alt=\"\" srcset=\"https:\/\/www.campingversiliamare.it\/wp-content\/uploads\/2024\/06\/percorso-panoramico-1024x629.webp 1024w, https:\/\/www.campingversiliamare.it\/wp-content\/uploads\/2024\/06\/percorso-panoramico-300x184.webp 300w, https:\/\/www.campingversiliamare.it\/wp-content\/uploads\/2024\/06\/percorso-panoramico-768x472.webp 768w, https:\/\/www.campingversiliamare.it\/wp-content\/uploads\/2024\/06\/percorso-panoramico-1536x944.webp 1536w, https:\/\/www.campingversiliamare.it\/wp-content\/uploads\/2024\/06\/percorso-panoramico-2048x1259.webp 2048w, https:\/\/www.campingversiliamare.it\/wp-content\/uploads\/2024\/06\/percorso-panoramico-18x12.webp 18w\" sizes=\"(max-width: 1024px) 100vw, 1024px\" \/>\t\t\t\t\t\t\t\t\t\t\t\t\t\t\t<\/div>\n\t\t\t\t<\/div>\n\t\t\t\t\t<\/div>\n\t\t<\/div>\n\t\t\t\t\t<\/div>\n\t\t<\/section>\n\t\t\t\t<\/div>","protected":false},"excerpt":{"rendered":"<p>TREKKINGROUTEN Empfohlene Panoramaroute Von Lido nach Montigiano f\u00fcr ein unvergessliches Panorama. Von VERSILIA MARE aus geht es den H\u00fcgel hinauf nach Montigiano auf 433 Meter \u00fcber dem Meeresspiegel, um ein fantastisches Panorama zu bewundern. Anschlie\u00dfend beginnt der sanfte Abstieg in die Ebene. Details Dauer: 3,30 \u2026 <a href=\"https:\/\/www.campingversiliamare.it\/de\/percorso-panoramico-consigliato\/\" class=\"hover:text-pink-700\">Lesen Sie alles<\/a><\/p>","protected":false},"author":1,"featured_media":10608,"parent":0,"menu_order":0,"comment_status":"closed","ping_status":"closed","template":"","meta":{"_acf_changed":false,"footnotes":""},"class_list":["post-10667","page","type-page","status-publish","has-post-thumbnail","hentry"],"acf":[],"yoast_head":"<!-- This site is optimized with the Yoast SEO plugin v27.4 - https:\/\/yoast.com\/product\/yoast-seo-wordpress\/ -->\n<title>Percorso Panoramico Consigliato - Camping Versilia Mare<\/title>\n<meta name=\"robots\" content=\"index, follow, max-snippet:-1, max-image-preview:large, max-video-preview:-1\" \/>\n<link rel=\"canonical\" href=\"https:\/\/www.campingversiliamare.it\/de\/empfohlene-landschaftlich-reizvolle-route\/\" \/>\n<meta property=\"og:locale\" content=\"de_DE\" \/>\n<meta property=\"og:type\" content=\"article\" \/>\n<meta property=\"og:title\" content=\"Percorso Panoramico Consigliato - Camping Versilia Mare\" \/>\n<meta property=\"og:description\" content=\"PERCORSI TREKKING Percorso Panoramico Consigliato Da Lido a Montigiano per godere di un panorama indimenticabile Partendo dal VERSILIA MARE si sale in collina fino a Montigiano ad una altezza di 433 metri sopra il livello del mare, per poter ammirare un panorama fantastico, per poi cominciare a scendere dolcemente fino alla pianura. Dettagli Durata: 3,30 &hellip; Leggi tutto\" \/>\n<meta property=\"og:url\" content=\"https:\/\/www.campingversiliamare.it\/de\/empfohlene-landschaftlich-reizvolle-route\/\" \/>\n<meta property=\"og:site_name\" content=\"Camping Versilia Mare\" \/>\n<meta property=\"article:modified_time\" content=\"2024-06-05T14:38:38+00:00\" \/>\n<meta property=\"og:image\" content=\"https:\/\/www.campingversiliamare.it\/wp-content\/uploads\/2024\/03\/pexels-timur-saglambilek-87224-scaled.jpg\" \/>\n\t<meta property=\"og:image:width\" content=\"2560\" \/>\n\t<meta property=\"og:image:height\" content=\"1707\" \/>\n\t<meta property=\"og:image:type\" content=\"image\/jpeg\" \/>\n<meta name=\"twitter:card\" content=\"summary_large_image\" \/>\n<meta name=\"twitter:label1\" content=\"Gesch\u00e4tzte Lesezeit\" \/>\n\t<meta name=\"twitter:data1\" content=\"2\u00a0Minuten\" \/>\n<script type=\"application\/ld+json\" class=\"yoast-schema-graph\">{\"@context\":\"https:\\\/\\\/schema.org\",\"@graph\":[{\"@type\":\"WebPage\",\"@id\":\"https:\\\/\\\/www.campingversiliamare.it\\\/percorso-panoramico-consigliato\\\/\",\"url\":\"https:\\\/\\\/www.campingversiliamare.it\\\/percorso-panoramico-consigliato\\\/\",\"name\":\"Percorso Panoramico Consigliato - Camping Versilia Mare\",\"isPartOf\":{\"@id\":\"https:\\\/\\\/www.campingversiliamare.it\\\/ru\\\/#website\"},\"primaryImageOfPage\":{\"@id\":\"https:\\\/\\\/www.campingversiliamare.it\\\/percorso-panoramico-consigliato\\\/#primaryimage\"},\"image\":{\"@id\":\"https:\\\/\\\/www.campingversiliamare.it\\\/percorso-panoramico-consigliato\\\/#primaryimage\"},\"thumbnailUrl\":\"https:\\\/\\\/www.campingversiliamare.it\\\/wp-content\\\/uploads\\\/2024\\\/03\\\/pexels-timur-saglambilek-87224-scaled.jpg\",\"datePublished\":\"2024-05-22T07:53:41+00:00\",\"dateModified\":\"2024-06-05T14:38:38+00:00\",\"breadcrumb\":{\"@id\":\"https:\\\/\\\/www.campingversiliamare.it\\\/percorso-panoramico-consigliato\\\/#breadcrumb\"},\"inLanguage\":\"de\",\"potentialAction\":[{\"@type\":\"ReadAction\",\"target\":[\"https:\\\/\\\/www.campingversiliamare.it\\\/percorso-panoramico-consigliato\\\/\"]}]},{\"@type\":\"ImageObject\",\"inLanguage\":\"de\",\"@id\":\"https:\\\/\\\/www.campingversiliamare.it\\\/percorso-panoramico-consigliato\\\/#primaryimage\",\"url\":\"https:\\\/\\\/www.campingversiliamare.it\\\/wp-content\\\/uploads\\\/2024\\\/03\\\/pexels-timur-saglambilek-87224-scaled.jpg\",\"contentUrl\":\"https:\\\/\\\/www.campingversiliamare.it\\\/wp-content\\\/uploads\\\/2024\\\/03\\\/pexels-timur-saglambilek-87224-scaled.jpg\",\"width\":2560,\"height\":1707},{\"@type\":\"BreadcrumbList\",\"@id\":\"https:\\\/\\\/www.campingversiliamare.it\\\/percorso-panoramico-consigliato\\\/#breadcrumb\",\"itemListElement\":[{\"@type\":\"ListItem\",\"position\":1,\"name\":\"Home\",\"item\":\"https:\\\/\\\/www.campingversiliamare.it\\\/\"},{\"@type\":\"ListItem\",\"position\":2,\"name\":\"Percorso Panoramico Consigliato\"}]},{\"@type\":\"WebSite\",\"@id\":\"https:\\\/\\\/www.campingversiliamare.it\\\/ru\\\/#website\",\"url\":\"https:\\\/\\\/www.campingversiliamare.it\\\/ru\\\/\",\"name\":\"Camping Versilia Mare\",\"description\":\"La tua vacanza in Versilia\",\"potentialAction\":[{\"@type\":\"SearchAction\",\"target\":{\"@type\":\"EntryPoint\",\"urlTemplate\":\"https:\\\/\\\/www.campingversiliamare.it\\\/ru\\\/?s={search_term_string}\"},\"query-input\":{\"@type\":\"PropertyValueSpecification\",\"valueRequired\":true,\"valueName\":\"search_term_string\"}}],\"inLanguage\":\"de\"}]}<\/script>\n<!-- \/ Yoast SEO plugin. -->","yoast_head_json":{"title":"Empfohlene malerische Route \u2013 Camping Versilia Mare","robots":{"index":"index","follow":"follow","max-snippet":"max-snippet:-1","max-image-preview":"max-image-preview:large","max-video-preview":"max-video-preview:-1"},"canonical":"https:\/\/www.campingversiliamare.it\/de\/empfohlene-landschaftlich-reizvolle-route\/","og_locale":"de_DE","og_type":"article","og_title":"Percorso Panoramico Consigliato - Camping Versilia Mare","og_description":"PERCORSI TREKKING Percorso Panoramico Consigliato Da Lido a Montigiano per godere di un panorama indimenticabile Partendo dal VERSILIA MARE si sale in collina fino a Montigiano ad una altezza di 433 metri sopra il livello del mare, per poter ammirare un panorama fantastico, per poi cominciare a scendere dolcemente fino alla pianura. Dettagli Durata: 3,30 &hellip; Leggi tutto","og_url":"https:\/\/www.campingversiliamare.it\/de\/empfohlene-landschaftlich-reizvolle-route\/","og_site_name":"Camping Versilia Mare","article_modified_time":"2024-06-05T14:38:38+00:00","og_image":[{"width":2560,"height":1707,"url":"https:\/\/www.campingversiliamare.it\/wp-content\/uploads\/2024\/03\/pexels-timur-saglambilek-87224-scaled.jpg","type":"image\/jpeg"}],"twitter_card":"summary_large_image","twitter_misc":{"Gesch\u00e4tzte Lesezeit":"2\u00a0Minuten"},"schema":{"@context":"https:\/\/schema.org","@graph":[{"@type":"WebPage","@id":"https:\/\/www.campingversiliamare.it\/percorso-panoramico-consigliato\/","url":"https:\/\/www.campingversiliamare.it\/percorso-panoramico-consigliato\/","name":"Empfohlene malerische Route \u2013 Camping Versilia Mare","isPartOf":{"@id":"https:\/\/www.campingversiliamare.it\/ru\/#website"},"primaryImageOfPage":{"@id":"https:\/\/www.campingversiliamare.it\/percorso-panoramico-consigliato\/#primaryimage"},"image":{"@id":"https:\/\/www.campingversiliamare.it\/percorso-panoramico-consigliato\/#primaryimage"},"thumbnailUrl":"https:\/\/www.campingversiliamare.it\/wp-content\/uploads\/2024\/03\/pexels-timur-saglambilek-87224-scaled.jpg","datePublished":"2024-05-22T07:53:41+00:00","dateModified":"2024-06-05T14:38:38+00:00","breadcrumb":{"@id":"https:\/\/www.campingversiliamare.it\/percorso-panoramico-consigliato\/#breadcrumb"},"inLanguage":"de","potentialAction":[{"@type":"ReadAction","target":["https:\/\/www.campingversiliamare.it\/percorso-panoramico-consigliato\/"]}]},{"@type":"ImageObject","inLanguage":"de","@id":"https:\/\/www.campingversiliamare.it\/percorso-panoramico-consigliato\/#primaryimage","url":"https:\/\/www.campingversiliamare.it\/wp-content\/uploads\/2024\/03\/pexels-timur-saglambilek-87224-scaled.jpg","contentUrl":"https:\/\/www.campingversiliamare.it\/wp-content\/uploads\/2024\/03\/pexels-timur-saglambilek-87224-scaled.jpg","width":2560,"height":1707},{"@type":"BreadcrumbList","@id":"https:\/\/www.campingversiliamare.it\/percorso-panoramico-consigliato\/#breadcrumb","itemListElement":[{"@type":"ListItem","position":1,"name":"Home","item":"https:\/\/www.campingversiliamare.it\/"},{"@type":"ListItem","position":2,"name":"Percorso Panoramico Consigliato"}]},{"@type":"WebSite","@id":"https:\/\/www.campingversiliamare.it\/ru\/#website","url":"https:\/\/www.campingversiliamare.it\/ru\/","name":"Camping Versilia Mare","description":"Ihr Urlaub in Versilia","potentialAction":[{"@type":"SearchAction","target":{"@type":"EntryPoint","urlTemplate":"https:\/\/www.campingversiliamare.it\/ru\/?s={search_term_string}"},"query-input":{"@type":"PropertyValueSpecification","valueRequired":true,"valueName":"search_term_string"}}],"inLanguage":"de"}]}},"_links":{"self":[{"href":"https:\/\/www.campingversiliamare.it\/de\/wp-json\/wp\/v2\/pages\/10667","targetHints":{"allow":["GET"]}}],"collection":[{"href":"https:\/\/www.campingversiliamare.it\/de\/wp-json\/wp\/v2\/pages"}],"about":[{"href":"https:\/\/www.campingversiliamare.it\/de\/wp-json\/wp\/v2\/types\/page"}],"author":[{"embeddable":true,"href":"https:\/\/www.campingversiliamare.it\/de\/wp-json\/wp\/v2\/users\/1"}],"replies":[{"embeddable":true,"href":"https:\/\/www.campingversiliamare.it\/de\/wp-json\/wp\/v2\/comments?post=10667"}],"version-history":[{"count":8,"href":"https:\/\/www.campingversiliamare.it\/de\/wp-json\/wp\/v2\/pages\/10667\/revisions"}],"predecessor-version":[{"id":10706,"href":"https:\/\/www.campingversiliamare.it\/de\/wp-json\/wp\/v2\/pages\/10667\/revisions\/10706"}],"wp:featuredmedia":[{"embeddable":true,"href":"https:\/\/www.campingversiliamare.it\/de\/wp-json\/wp\/v2\/media\/10608"}],"wp:attachment":[{"href":"https:\/\/www.campingversiliamare.it\/de\/wp-json\/wp\/v2\/media?parent=10667"}],"curies":[{"name":"wp","href":"https:\/\/api.w.org\/{rel}","templated":true}]}}