{"id":10624,"date":"2024-03-11T12:36:17","date_gmt":"2024-03-11T11:36:17","guid":{"rendered":"https:\/\/www.campingversiliamare.it\/?page_id=10624"},"modified":"2024-03-11T12:37:17","modified_gmt":"2024-03-11T11:37:17","slug":"archaologischer-lehrpfad","status":"publish","type":"page","link":"https:\/\/www.campingversiliamare.it\/de\/percorso-naturalistico-archeologico\/","title":{"rendered":"Naturalistische arch\u00e4ologische Route"},"content":{"rendered":"<div data-elementor-type=\"wp-page\" data-elementor-id=\"10624\" class=\"elementor elementor-10624\">\n\t\t\t\t\t\t<section class=\"elementor-section elementor-top-section elementor-element elementor-element-92224db elementor-section-stretched elementor-section-boxed elementor-section-height-default elementor-section-height-default\" data-id=\"92224db\" data-element_type=\"section\" data-e-type=\"section\" data-settings=\"{&quot;stretch_section&quot;:&quot;section-stretched&quot;,&quot;background_background&quot;:&quot;classic&quot;}\">\n\t\t\t\t\t\t\t<div class=\"elementor-background-overlay\"><\/div>\n\t\t\t\t\t\t\t<div class=\"elementor-container elementor-column-gap-default\">\n\t\t\t\t\t<div class=\"elementor-column elementor-col-100 elementor-top-column elementor-element elementor-element-1a17477\" data-id=\"1a17477\" data-element_type=\"column\" data-e-type=\"column\">\n\t\t\t<div class=\"elementor-widget-wrap elementor-element-populated\">\n\t\t\t\t\t\t<div class=\"elementor-element elementor-element-6f225fc elementor-widget elementor-widget-heading\" data-id=\"6f225fc\" data-element_type=\"widget\" data-e-type=\"widget\" data-widget_type=\"heading.default\">\n\t\t\t\t<div class=\"elementor-widget-container\">\n\t\t\t\t\t<span class=\"elementor-heading-title elementor-size-xl\">TREKKING-ROUTEN<\/span>\t\t\t\t<\/div>\n\t\t\t\t<\/div>\n\t\t\t\t<div class=\"elementor-element elementor-element-ad5cc26 elementor-widget elementor-widget-heading\" data-id=\"ad5cc26\" data-element_type=\"widget\" data-e-type=\"widget\" data-widget_type=\"heading.default\">\n\t\t\t\t<div class=\"elementor-widget-container\">\n\t\t\t\t\t<span class=\"elementor-heading-title elementor-size-default\">Foto von <a href=\"https:\/\/pixabay.com\/it\/users\/albertouganelli-15516367\/?utm_source=link-attribution&amp;utm_medium=referral&amp;utm_campaign=image&amp;utm_content=6104616\">Alberto Uganelli<\/a> aus <a href=\"https:\/\/pixabay.com\/it\/\/?utm_source=link-attribution&amp;utm_medium=referral&amp;utm_campaign=image&amp;utm_content=6104616\">Pixabay<\/a><\/span>\t\t\t\t<\/div>\n\t\t\t\t<\/div>\n\t\t\t\t\t<\/div>\n\t\t<\/div>\n\t\t\t\t\t<\/div>\n\t\t<\/section>\n\t\t\t\t<section class=\"elementor-section elementor-top-section elementor-element elementor-element-2b4e5d8 elementor-section-boxed elementor-section-height-default elementor-section-height-default\" data-id=\"2b4e5d8\" data-element_type=\"section\" data-e-type=\"section\">\n\t\t\t\t\t\t<div class=\"elementor-container elementor-column-gap-default\">\n\t\t\t\t\t<div class=\"elementor-column elementor-col-100 elementor-top-column elementor-element elementor-element-0ff9bcb\" data-id=\"0ff9bcb\" data-element_type=\"column\" data-e-type=\"column\">\n\t\t\t<div class=\"elementor-widget-wrap elementor-element-populated\">\n\t\t\t\t\t\t<div class=\"elementor-element elementor-element-9cdaab7 elementor-widget elementor-widget-heading\" data-id=\"9cdaab7\" data-element_type=\"widget\" data-e-type=\"widget\" data-widget_type=\"heading.default\">\n\t\t\t\t<div class=\"elementor-widget-container\">\n\t\t\t\t\t<h1 class=\"elementor-heading-title elementor-size-default\">Naturalistische arch\u00e4ologische Route<\/h1>\t\t\t\t<\/div>\n\t\t\t\t<\/div>\n\t\t\t\t<div class=\"elementor-element elementor-element-246b3f6 elementor-widget elementor-widget-heading\" data-id=\"246b3f6\" data-element_type=\"widget\" data-e-type=\"widget\" data-widget_type=\"heading.default\">\n\t\t\t\t<div class=\"elementor-widget-container\">\n\t\t\t\t\t<h2 class=\"elementor-heading-title elementor-size-default\">Diese ziemlich lange, aber leicht zu befolgende Route ist f\u00fcr Natur- und Arch\u00e4ologieliebhaber gedacht.<\/h2>\t\t\t\t<\/div>\n\t\t\t\t<\/div>\n\t\t\t\t<div class=\"elementor-element elementor-element-1a2e854 elementor-widget elementor-widget-text-editor\" data-id=\"1a2e854\" data-element_type=\"widget\" data-e-type=\"widget\" data-widget_type=\"text-editor.default\">\n\t\t\t\t<div class=\"elementor-widget-container\">\n\t\t\t\t\t\t\t\t\t<p>W\u00e4hrend des Ausflugs besuchen wir die LIPU-Naturoase Massaciuccoli und wandern entlang der Spazierwege des gleichnamigen Sees bis zu den Beobachtungsh\u00fctten am Ufer.\u00a0<span style=\"color: var(--tw-prose-body); font-size: 1rem; font-family: ui-sans-serif, system-ui, -apple-system, BlinkMacSystemFont, 'Segoe UI', Roboto, 'Helvetica Neue', Arial, 'Noto Sans', sans-serif, 'Apple Color Emoji', 'Segoe UI Emoji', 'Segoe UI Symbol', 'Noto Color Emoji';\">Mit etwas Gl\u00fcck kann man die typischen Wasserv\u00f6gel der Gegend in ihrem nat\u00fcrlichen Lebensraum bewundern.<\/span><\/p><p>Anschlie\u00dfend machen wir uns wieder auf den Weg in Richtung der Stadt Massaciuccoli, machen einen arch\u00e4ologischen Stopp in einem Gebiet der Gemeinde Massarosa, wo es Spuren einer gut erhaltenen und gepflegten r\u00f6mischen Villa gibt, und kehren dann zum Camping Village zur\u00fcck Versilia Stute.<\/p>\t\t\t\t\t\t\t\t<\/div>\n\t\t\t\t<\/div>\n\t\t\t\t<div class=\"elementor-element elementor-element-1d151a4 elementor-widget elementor-widget-heading\" data-id=\"1d151a4\" data-element_type=\"widget\" data-e-type=\"widget\" data-widget_type=\"heading.default\">\n\t\t\t\t<div class=\"elementor-widget-container\">\n\t\t\t\t\t<h3 class=\"elementor-heading-title elementor-size-default\">Einzelheiten<\/h3>\t\t\t\t<\/div>\n\t\t\t\t<\/div>\n\t\t\t\t<div class=\"elementor-element elementor-element-eca82bd elementor-widget elementor-widget-text-editor\" data-id=\"eca82bd\" data-element_type=\"widget\" data-e-type=\"widget\" data-widget_type=\"text-editor.default\">\n\t\t\t\t<div class=\"elementor-widget-container\">\n\t\t\t\t\t\t\t\t\t<ul><li>Dauer: ca. 4 Stunden inklusive Stopps<\/li><li>Entfernung: ca. 50 km<\/li><li>Schwierigkeit: leicht, f\u00fcr jedermann geeignet und flach<\/li><li>Mindestens 4 Personen f\u00fcr die Organisation der Route.<\/li><\/ul><p><strong>Anmeldegeb\u00fchr: 50 \u20ac pro Person und beinhaltet:<\/strong><\/p><ul><li>1 Trekking-E-Bike pro Person<\/li><li>1 Fr\u00fchst\u00fccks- oder Snackkorb, zubereitet vom K\u00fcchenchef des Restaurants Versilia Mare, mit 1 Getr\u00e4nk Ihrer Wahl<\/li><li><span style=\"color: var(--tw-prose-body); font-size: 1rem; font-family: ui-sans-serif, system-ui, -apple-system, BlinkMacSystemFont, 'Segoe UI', Roboto, 'Helvetica Neue', Arial, 'Noto Sans', sans-serif, 'Apple Color Emoji', 'Segoe UI Emoji', 'Segoe UI Symbol', 'Noto Color Emoji';\">Ein unprofessioneller F\u00fchrer<\/span><\/li><li>Ein Begleitfahrzeug f\u00fcr jeden Bedarf<\/li><\/ul>\t\t\t\t\t\t\t\t<\/div>\n\t\t\t\t<\/div>\n\t\t\t\t<div class=\"elementor-element elementor-element-d1114b0 elementor-widget elementor-widget-heading\" data-id=\"d1114b0\" data-element_type=\"widget\" data-e-type=\"widget\" data-widget_type=\"heading.default\">\n\t\t\t\t<div class=\"elementor-widget-container\">\n\t\t\t\t\t<span class=\"elementor-heading-title elementor-size-default\">Bilder von PGMedia.it \u2013 www.pgmedia.it, CC BY-SA 4.0, https:\/\/commons.wikimedia.org\/w\/index.php?curid=61346871<\/span>\t\t\t\t<\/div>\n\t\t\t\t<\/div>\n\t\t\t\t<div class=\"elementor-element elementor-element-263177f elementor-widget elementor-widget-heading\" data-id=\"263177f\" data-element_type=\"widget\" data-e-type=\"widget\" data-widget_type=\"heading.default\">\n\t\t\t\t<div class=\"elementor-widget-container\">\n\t\t\t\t\t<h3 class=\"elementor-heading-title elementor-size-default\">Die Karte<\/h3>\t\t\t\t<\/div>\n\t\t\t\t<\/div>\n\t\t\t\t<div class=\"elementor-element elementor-element-dbff28a elementor-widget elementor-widget-image\" data-id=\"dbff28a\" data-element_type=\"widget\" data-e-type=\"widget\" data-widget_type=\"image.default\">\n\t\t\t\t<div class=\"elementor-widget-container\">\n\t\t\t\t\t\t\t\t\t\t\t\t\t\t\t<img fetchpriority=\"high\" decoding=\"async\" width=\"1024\" height=\"614\" src=\"https:\/\/www.campingversiliamare.it\/wp-content\/uploads\/2024\/03\/percorso-archeologico-1024x614.webp\" class=\"attachment-large size-large wp-image-10626\" alt=\"\" srcset=\"https:\/\/www.campingversiliamare.it\/wp-content\/uploads\/2024\/03\/percorso-archeologico-1024x614.webp 1024w, https:\/\/www.campingversiliamare.it\/wp-content\/uploads\/2024\/03\/percorso-archeologico-300x180.webp 300w, https:\/\/www.campingversiliamare.it\/wp-content\/uploads\/2024\/03\/percorso-archeologico-768x461.webp 768w, https:\/\/www.campingversiliamare.it\/wp-content\/uploads\/2024\/03\/percorso-archeologico-1536x922.webp 1536w, https:\/\/www.campingversiliamare.it\/wp-content\/uploads\/2024\/03\/percorso-archeologico-2048x1229.webp 2048w, https:\/\/www.campingversiliamare.it\/wp-content\/uploads\/2024\/03\/percorso-archeologico-18x12.webp 18w\" sizes=\"(max-width: 1024px) 100vw, 1024px\" \/>\t\t\t\t\t\t\t\t\t\t\t\t\t\t\t<\/div>\n\t\t\t\t<\/div>\n\t\t\t\t\t<\/div>\n\t\t<\/div>\n\t\t\t\t\t<\/div>\n\t\t<\/section>\n\t\t\t\t<\/div>","protected":false},"excerpt":{"rendered":"<p>TREKKINGROUTEN Foto von Alberto Uganelli von Pixabay Naturalistisch-arch\u00e4ologische Route Diese recht lange, aber einfache Route ist f\u00fcr Natur- und Arch\u00e4ologieliebhaber gedacht. W\u00e4hrend der Exkursion besuchen wir die LIPU-Naturoase Massaciuccoli und wandern entlang der Gehwege des gleichnamigen Sees bis zu den Beobachtungsh\u00fctten am Ufer. Mit etwas Geschick ist es m\u00f6glich \u2026 <a href=\"https:\/\/www.campingversiliamare.it\/de\/percorso-naturalistico-archeologico\/\" class=\"hover:text-pink-700\">Lesen Sie alles<\/a><\/p>","protected":false},"author":1,"featured_media":0,"parent":0,"menu_order":0,"comment_status":"closed","ping_status":"closed","template":"","meta":{"_acf_changed":false,"footnotes":""},"class_list":["post-10624","page","type-page","status-publish","hentry"],"acf":[],"yoast_head":"<!-- This site is optimized with the Yoast SEO plugin v27.4 - https:\/\/yoast.com\/product\/yoast-seo-wordpress\/ -->\n<title>Percorso Naturalistico Archeologico - Camping Versilia Mare<\/title>\n<meta name=\"robots\" content=\"index, follow, max-snippet:-1, max-image-preview:large, max-video-preview:-1\" \/>\n<link rel=\"canonical\" href=\"https:\/\/www.campingversiliamare.it\/de\/archaologischer-lehrpfad\/\" \/>\n<meta property=\"og:locale\" content=\"de_DE\" \/>\n<meta property=\"og:type\" content=\"article\" \/>\n<meta property=\"og:title\" content=\"Percorso Naturalistico Archeologico - Camping Versilia Mare\" \/>\n<meta property=\"og:description\" content=\"PERCORSI TREKKING Foto di alberto uganelli da Pixabay Percorso Naturalistico Archeologico Questo percorso abbastanza lungo ma di facile percorrenza \u00e8 pensato per gli amanti della natura e dell&#8217;archeologia. Durante l&#8217;escursione visiteremo l&#8217;oasi naturalistica LIPU di Massaciuccoli e passeggeremo lungo le passerelle dell&#8217;omonimo lago raggiungendo i capanni di osservazione presenti sulle sponde.\u00a0Sar\u00e0 possibile con un pizzico &hellip; Leggi tutto\" \/>\n<meta property=\"og:url\" content=\"https:\/\/www.campingversiliamare.it\/de\/archaologischer-lehrpfad\/\" \/>\n<meta property=\"og:site_name\" content=\"Camping Versilia Mare\" \/>\n<meta property=\"article:modified_time\" content=\"2024-03-11T11:37:17+00:00\" \/>\n<meta property=\"og:image\" content=\"https:\/\/www.campingversiliamare.it\/wp-content\/uploads\/2024\/03\/percorso-archeologico-1024x614.webp\" \/>\n<meta name=\"twitter:card\" content=\"summary_large_image\" \/>\n<meta name=\"twitter:label1\" content=\"Gesch\u00e4tzte Lesezeit\" \/>\n\t<meta name=\"twitter:data1\" content=\"2\u00a0Minuten\" \/>\n<script type=\"application\/ld+json\" class=\"yoast-schema-graph\">{\"@context\":\"https:\\\/\\\/schema.org\",\"@graph\":[{\"@type\":\"WebPage\",\"@id\":\"https:\\\/\\\/www.campingversiliamare.it\\\/percorso-naturalistico-archeologico\\\/\",\"url\":\"https:\\\/\\\/www.campingversiliamare.it\\\/percorso-naturalistico-archeologico\\\/\",\"name\":\"Percorso Naturalistico Archeologico - Camping Versilia Mare\",\"isPartOf\":{\"@id\":\"https:\\\/\\\/www.campingversiliamare.it\\\/ru\\\/#website\"},\"primaryImageOfPage\":{\"@id\":\"https:\\\/\\\/www.campingversiliamare.it\\\/percorso-naturalistico-archeologico\\\/#primaryimage\"},\"image\":{\"@id\":\"https:\\\/\\\/www.campingversiliamare.it\\\/percorso-naturalistico-archeologico\\\/#primaryimage\"},\"thumbnailUrl\":\"https:\\\/\\\/www.campingversiliamare.it\\\/wp-content\\\/uploads\\\/2024\\\/03\\\/percorso-archeologico-1024x614.webp\",\"datePublished\":\"2024-03-11T11:36:17+00:00\",\"dateModified\":\"2024-03-11T11:37:17+00:00\",\"breadcrumb\":{\"@id\":\"https:\\\/\\\/www.campingversiliamare.it\\\/percorso-naturalistico-archeologico\\\/#breadcrumb\"},\"inLanguage\":\"de\",\"potentialAction\":[{\"@type\":\"ReadAction\",\"target\":[\"https:\\\/\\\/www.campingversiliamare.it\\\/percorso-naturalistico-archeologico\\\/\"]}]},{\"@type\":\"ImageObject\",\"inLanguage\":\"de\",\"@id\":\"https:\\\/\\\/www.campingversiliamare.it\\\/percorso-naturalistico-archeologico\\\/#primaryimage\",\"url\":\"https:\\\/\\\/www.campingversiliamare.it\\\/wp-content\\\/uploads\\\/2024\\\/03\\\/percorso-archeologico-1024x614.webp\",\"contentUrl\":\"https:\\\/\\\/www.campingversiliamare.it\\\/wp-content\\\/uploads\\\/2024\\\/03\\\/percorso-archeologico-1024x614.webp\"},{\"@type\":\"BreadcrumbList\",\"@id\":\"https:\\\/\\\/www.campingversiliamare.it\\\/percorso-naturalistico-archeologico\\\/#breadcrumb\",\"itemListElement\":[{\"@type\":\"ListItem\",\"position\":1,\"name\":\"Home\",\"item\":\"https:\\\/\\\/www.campingversiliamare.it\\\/\"},{\"@type\":\"ListItem\",\"position\":2,\"name\":\"Percorso Naturalistico Archeologico\"}]},{\"@type\":\"WebSite\",\"@id\":\"https:\\\/\\\/www.campingversiliamare.it\\\/ru\\\/#website\",\"url\":\"https:\\\/\\\/www.campingversiliamare.it\\\/ru\\\/\",\"name\":\"Camping Versilia Mare\",\"description\":\"La tua vacanza in Versilia\",\"potentialAction\":[{\"@type\":\"SearchAction\",\"target\":{\"@type\":\"EntryPoint\",\"urlTemplate\":\"https:\\\/\\\/www.campingversiliamare.it\\\/ru\\\/?s={search_term_string}\"},\"query-input\":{\"@type\":\"PropertyValueSpecification\",\"valueRequired\":true,\"valueName\":\"search_term_string\"}}],\"inLanguage\":\"de\"}]}<\/script>\n<!-- \/ Yoast SEO plugin. -->","yoast_head_json":{"title":"Arch\u00e4ologische Naturroute - Camping Versilia Mare","robots":{"index":"index","follow":"follow","max-snippet":"max-snippet:-1","max-image-preview":"max-image-preview:large","max-video-preview":"max-video-preview:-1"},"canonical":"https:\/\/www.campingversiliamare.it\/de\/archaologischer-lehrpfad\/","og_locale":"de_DE","og_type":"article","og_title":"Percorso Naturalistico Archeologico - Camping Versilia Mare","og_description":"PERCORSI TREKKING Foto di alberto uganelli da Pixabay Percorso Naturalistico Archeologico Questo percorso abbastanza lungo ma di facile percorrenza \u00e8 pensato per gli amanti della natura e dell&#8217;archeologia. Durante l&#8217;escursione visiteremo l&#8217;oasi naturalistica LIPU di Massaciuccoli e passeggeremo lungo le passerelle dell&#8217;omonimo lago raggiungendo i capanni di osservazione presenti sulle sponde.\u00a0Sar\u00e0 possibile con un pizzico &hellip; Leggi tutto","og_url":"https:\/\/www.campingversiliamare.it\/de\/archaologischer-lehrpfad\/","og_site_name":"Camping Versilia Mare","article_modified_time":"2024-03-11T11:37:17+00:00","og_image":[{"url":"https:\/\/www.campingversiliamare.it\/wp-content\/uploads\/2024\/03\/percorso-archeologico-1024x614.webp","type":"","width":"","height":""}],"twitter_card":"summary_large_image","twitter_misc":{"Gesch\u00e4tzte Lesezeit":"2\u00a0Minuten"},"schema":{"@context":"https:\/\/schema.org","@graph":[{"@type":"WebPage","@id":"https:\/\/www.campingversiliamare.it\/percorso-naturalistico-archeologico\/","url":"https:\/\/www.campingversiliamare.it\/percorso-naturalistico-archeologico\/","name":"Arch\u00e4ologische Naturroute - Camping Versilia Mare","isPartOf":{"@id":"https:\/\/www.campingversiliamare.it\/ru\/#website"},"primaryImageOfPage":{"@id":"https:\/\/www.campingversiliamare.it\/percorso-naturalistico-archeologico\/#primaryimage"},"image":{"@id":"https:\/\/www.campingversiliamare.it\/percorso-naturalistico-archeologico\/#primaryimage"},"thumbnailUrl":"https:\/\/www.campingversiliamare.it\/wp-content\/uploads\/2024\/03\/percorso-archeologico-1024x614.webp","datePublished":"2024-03-11T11:36:17+00:00","dateModified":"2024-03-11T11:37:17+00:00","breadcrumb":{"@id":"https:\/\/www.campingversiliamare.it\/percorso-naturalistico-archeologico\/#breadcrumb"},"inLanguage":"de","potentialAction":[{"@type":"ReadAction","target":["https:\/\/www.campingversiliamare.it\/percorso-naturalistico-archeologico\/"]}]},{"@type":"ImageObject","inLanguage":"de","@id":"https:\/\/www.campingversiliamare.it\/percorso-naturalistico-archeologico\/#primaryimage","url":"https:\/\/www.campingversiliamare.it\/wp-content\/uploads\/2024\/03\/percorso-archeologico-1024x614.webp","contentUrl":"https:\/\/www.campingversiliamare.it\/wp-content\/uploads\/2024\/03\/percorso-archeologico-1024x614.webp"},{"@type":"BreadcrumbList","@id":"https:\/\/www.campingversiliamare.it\/percorso-naturalistico-archeologico\/#breadcrumb","itemListElement":[{"@type":"ListItem","position":1,"name":"Home","item":"https:\/\/www.campingversiliamare.it\/"},{"@type":"ListItem","position":2,"name":"Percorso Naturalistico Archeologico"}]},{"@type":"WebSite","@id":"https:\/\/www.campingversiliamare.it\/ru\/#website","url":"https:\/\/www.campingversiliamare.it\/ru\/","name":"Camping Versilia Mare","description":"Ihr Urlaub in Versilia","potentialAction":[{"@type":"SearchAction","target":{"@type":"EntryPoint","urlTemplate":"https:\/\/www.campingversiliamare.it\/ru\/?s={search_term_string}"},"query-input":{"@type":"PropertyValueSpecification","valueRequired":true,"valueName":"search_term_string"}}],"inLanguage":"de"}]}},"_links":{"self":[{"href":"https:\/\/www.campingversiliamare.it\/de\/wp-json\/wp\/v2\/pages\/10624","targetHints":{"allow":["GET"]}}],"collection":[{"href":"https:\/\/www.campingversiliamare.it\/de\/wp-json\/wp\/v2\/pages"}],"about":[{"href":"https:\/\/www.campingversiliamare.it\/de\/wp-json\/wp\/v2\/types\/page"}],"author":[{"embeddable":true,"href":"https:\/\/www.campingversiliamare.it\/de\/wp-json\/wp\/v2\/users\/1"}],"replies":[{"embeddable":true,"href":"https:\/\/www.campingversiliamare.it\/de\/wp-json\/wp\/v2\/comments?post=10624"}],"version-history":[{"count":5,"href":"https:\/\/www.campingversiliamare.it\/de\/wp-json\/wp\/v2\/pages\/10624\/revisions"}],"predecessor-version":[{"id":10631,"href":"https:\/\/www.campingversiliamare.it\/de\/wp-json\/wp\/v2\/pages\/10624\/revisions\/10631"}],"wp:attachment":[{"href":"https:\/\/www.campingversiliamare.it\/de\/wp-json\/wp\/v2\/media?parent=10624"}],"curies":[{"name":"wp","href":"https:\/\/api.w.org\/{rel}","templated":true}]}}