{"id":10602,"date":"2024-03-11T11:54:15","date_gmt":"2024-03-11T10:54:15","guid":{"rendered":"https:\/\/www.campingversiliamare.it\/?page_id=10602"},"modified":"2024-03-11T12:08:58","modified_gmt":"2024-03-11T11:08:58","slug":"kulturelle-essens-und-weinroute","status":"publish","type":"page","link":"https:\/\/www.campingversiliamare.it\/de\/percorso-culturale-enogastronomico\/","title":{"rendered":"Kulturelle Essens- und Weinroute"},"content":{"rendered":"<div data-elementor-type=\"wp-page\" data-elementor-id=\"10602\" class=\"elementor elementor-10602\">\n\t\t\t\t\t\t<section class=\"elementor-section elementor-top-section elementor-element elementor-element-6f54e11 elementor-section-stretched elementor-section-boxed elementor-section-height-default elementor-section-height-default\" data-id=\"6f54e11\" data-element_type=\"section\" data-e-type=\"section\" data-settings=\"{&quot;stretch_section&quot;:&quot;section-stretched&quot;,&quot;background_background&quot;:&quot;classic&quot;}\">\n\t\t\t\t\t\t\t<div class=\"elementor-background-overlay\"><\/div>\n\t\t\t\t\t\t\t<div class=\"elementor-container elementor-column-gap-default\">\n\t\t\t\t\t<div class=\"elementor-column elementor-col-100 elementor-top-column elementor-element elementor-element-a6acc77\" data-id=\"a6acc77\" data-element_type=\"column\" data-e-type=\"column\">\n\t\t\t<div class=\"elementor-widget-wrap elementor-element-populated\">\n\t\t\t\t\t\t<div class=\"elementor-element elementor-element-c5a10c1 elementor-widget elementor-widget-heading\" data-id=\"c5a10c1\" data-element_type=\"widget\" data-e-type=\"widget\" data-widget_type=\"heading.default\">\n\t\t\t\t<div class=\"elementor-widget-container\">\n\t\t\t\t\t<span class=\"elementor-heading-title elementor-size-xl\">TREKKING-ROUTEN<\/span>\t\t\t\t<\/div>\n\t\t\t\t<\/div>\n\t\t\t\t\t<\/div>\n\t\t<\/div>\n\t\t\t\t\t<\/div>\n\t\t<\/section>\n\t\t\t\t<section class=\"elementor-section elementor-top-section elementor-element elementor-element-b1e96e5 elementor-section-boxed elementor-section-height-default elementor-section-height-default\" data-id=\"b1e96e5\" data-element_type=\"section\" data-e-type=\"section\">\n\t\t\t\t\t\t<div class=\"elementor-container elementor-column-gap-default\">\n\t\t\t\t\t<div class=\"elementor-column elementor-col-100 elementor-top-column elementor-element elementor-element-cb8ef39\" data-id=\"cb8ef39\" data-element_type=\"column\" data-e-type=\"column\">\n\t\t\t<div class=\"elementor-widget-wrap elementor-element-populated\">\n\t\t\t\t\t\t<div class=\"elementor-element elementor-element-936c07d elementor-widget elementor-widget-heading\" data-id=\"936c07d\" data-element_type=\"widget\" data-e-type=\"widget\" data-widget_type=\"heading.default\">\n\t\t\t\t<div class=\"elementor-widget-container\">\n\t\t\t\t\t<h1 class=\"elementor-heading-title elementor-size-default\">Kulturelle Essens- und Weinroute<\/h1>\t\t\t\t<\/div>\n\t\t\t\t<\/div>\n\t\t\t\t<div class=\"elementor-element elementor-element-f0e4a1d elementor-widget elementor-widget-heading\" data-id=\"f0e4a1d\" data-element_type=\"widget\" data-e-type=\"widget\" data-widget_type=\"heading.default\">\n\t\t\t\t<div class=\"elementor-widget-container\">\n\t\t\t\t\t<h2 class=\"elementor-heading-title elementor-size-default\">Diese Route ist hinsichtlich Dauer, Distanz und Schwierigkeit anspruchsvoll, aber \u00e4u\u00dferst anregend.\n\n<\/h2>\t\t\t\t<\/div>\n\t\t\t\t<\/div>\n\t\t\t\t<div class=\"elementor-element elementor-element-86e78bb elementor-widget elementor-widget-text-editor\" data-id=\"86e78bb\" data-element_type=\"widget\" data-e-type=\"widget\" data-widget_type=\"text-editor.default\">\n\t\t\t\t<div class=\"elementor-widget-container\">\n\t\t\t\t\t\t\t\t\t<p>Die Abreise ist geplant von <strong>Camping Village Versilia Mare<\/strong> in Richtung Camaiore hinauf <strong>Montemagno<\/strong> und dann auf einer weitgehend ebenen Stra\u00dfe zum Ziel weiterfahren.<\/p>\n<p>W\u00e4hrend der Fahrt kommen wir an der vorbei <strong>K\u00f6nigliche Villa von Marlia<\/strong>, ber\u00fchmt und wundersch\u00f6n, erbaut von der Schwester Napoleon Bonapartes (nach vorheriger Vereinbarung ist es m\u00f6glich, einen Blick auf die ber\u00fchmten italienischen G\u00e4rten zu buchen oder sogar das Innere der Villa in Begleitung des Villenf\u00fchrers zu besichtigen).<\/p>\n<p>Unsere Reise geht weiter bis zum Bauernhof.<strong>La Badiola<\/strong>\u201d wo wir f\u00fcr die halten werden <strong>Mittagessen, zubereitet vom K\u00fcchenchef des Camping Village Versilia Mare, begleitet von einer Verkostung der hervorragenden Weine des Bauernhofs<\/strong>. Wir besichtigen den Keller und machen einen Spaziergang im Garten oder auf dem Anwesen.<\/p>\n<p>Gegen 16.00 Uhr Abfahrt zur R\u00fcckkehr zum Camping Village Versilia Mare, R\u00fcckfahrt auf der gleichen Stra\u00dfe wie bei der Hinfahrt<\/p>\t\t\t\t\t\t\t\t<\/div>\n\t\t\t\t<\/div>\n\t\t\t\t<div class=\"elementor-element elementor-element-7daef17 elementor-widget elementor-widget-heading\" data-id=\"7daef17\" data-element_type=\"widget\" data-e-type=\"widget\" data-widget_type=\"heading.default\">\n\t\t\t\t<div class=\"elementor-widget-container\">\n\t\t\t\t\t<h3 class=\"elementor-heading-title elementor-size-default\">Einzelheiten<\/h3>\t\t\t\t<\/div>\n\t\t\t\t<\/div>\n\t\t\t\t<div class=\"elementor-element elementor-element-a4527c7 elementor-widget elementor-widget-text-editor\" data-id=\"a4527c7\" data-element_type=\"widget\" data-e-type=\"widget\" data-widget_type=\"text-editor.default\">\n\t\t\t\t<div class=\"elementor-widget-container\">\n\t\t\t\t\t\t\t\t\t<ul>\n<li>Dauer: 6.30 \/ 7 Stunden<\/li>\n<li>Entfernung: ca. 82 km<\/li>\n<li>Schwierigkeitsgrad: anspruchsvoll, f\u00fcr eine ge\u00fcbte Person geeignet<\/li>\n<li>Mindestens 5 Personen f\u00fcr die Organisation der Route.<\/li>\n<\/ul>\n<p><strong>Anmeldegeb\u00fchr: 90 \u20ac pro Person und beinhaltet:<\/strong><\/p>\n<ul>\n<li>1 Trekking-E-Bike pro Person (ohne E-Bike reduziert sich die Anmeldegeb\u00fchr auf 60 \u20ac pro Person)<\/li>\n<li>1 Mittagskorb mit einem kalten Gericht, Sandwiches und verschiedenen Salaten und Desserts. Die Gerichte werden bei der Buchung der Tour bestellt und vom K\u00fcchenchef des Restaurants VERSILIA MARE zubereitet.<\/li>\n<li>Wasser und Wein vom Weingut \u201eLa Badiola\u201c, der Besitzer des Weinguts, ein erfahrener Sommelier, erkl\u00e4rt die zur Verkostung angebotenen Weine<\/li>\n<li>Ein unprofessioneller F\u00fchrer<\/li>\n<li>Ein Begleitfahrzeug f\u00fcr jeden Bedarf<\/li>\n<\/ul>\t\t\t\t\t\t\t\t<\/div>\n\t\t\t\t<\/div>\n\t\t\t\t<div class=\"elementor-element elementor-element-c8eef2b gallery-spacing-custom elementor-widget elementor-widget-image-gallery\" data-id=\"c8eef2b\" data-element_type=\"widget\" data-e-type=\"widget\" data-widget_type=\"image-gallery.default\">\n\t\t\t\t<div class=\"elementor-widget-container\">\n\t\t\t\t\t\t\t<div class=\"elementor-image-gallery\">\n\t\t\t<div id='gallery-1' class='gallery galleryid-10602 gallery-columns-3 gallery-size-medium_large'><figure class='gallery-item'>\n\t\t\t<div class='gallery-icon landscape'>\n\t\t\t\t<a data-elementor-open-lightbox=\"yes\" data-elementor-lightbox-slideshow=\"c8eef2b\" data-elementor-lightbox-title=\"Villa_Reale_dal_Teatro_dAcqua\" data-e-action-hash=\"#elementor-action%3Aaction%3Dlightbox%26settings%3DeyJpZCI6MTA2MDUsInVybCI6Imh0dHBzOlwvXC93d3cuY2FtcGluZ3ZlcnNpbGlhbWFyZS5pdFwvd3AtY29udGVudFwvdXBsb2Fkc1wvMjAyNFwvMDNcL1ZpbGxhX1JlYWxlX2RhbF9UZWF0cm9fZEFjcXVhLmpwZyIsInNsaWRlc2hvdyI6ImM4ZWVmMmIifQ%3D%3D\" href='https:\/\/www.campingversiliamare.it\/wp-content\/uploads\/2024\/03\/Villa_Reale_dal_Teatro_dAcqua.jpg'><img fetchpriority=\"high\" decoding=\"async\" width=\"768\" height=\"512\" src=\"https:\/\/www.campingversiliamare.it\/wp-content\/uploads\/2024\/03\/Villa_Reale_dal_Teatro_dAcqua-768x512.jpg\" class=\"attachment-medium_large size-medium_large\" alt=\"\" srcset=\"https:\/\/www.campingversiliamare.it\/wp-content\/uploads\/2024\/03\/Villa_Reale_dal_Teatro_dAcqua-768x512.jpg 768w, https:\/\/www.campingversiliamare.it\/wp-content\/uploads\/2024\/03\/Villa_Reale_dal_Teatro_dAcqua-300x200.jpg 300w, https:\/\/www.campingversiliamare.it\/wp-content\/uploads\/2024\/03\/Villa_Reale_dal_Teatro_dAcqua-1024x683.jpg 1024w, https:\/\/www.campingversiliamare.it\/wp-content\/uploads\/2024\/03\/Villa_Reale_dal_Teatro_dAcqua-1536x1025.jpg 1536w, https:\/\/www.campingversiliamare.it\/wp-content\/uploads\/2024\/03\/Villa_Reale_dal_Teatro_dAcqua-18x12.jpg 18w, https:\/\/www.campingversiliamare.it\/wp-content\/uploads\/2024\/03\/Villa_Reale_dal_Teatro_dAcqua.jpg 1680w\" sizes=\"(max-width: 768px) 100vw, 768px\" \/><\/a>\n\t\t\t<\/div><\/figure><figure class='gallery-item'>\n\t\t\t<div class='gallery-icon landscape'>\n\t\t\t\t<a data-elementor-open-lightbox=\"yes\" data-elementor-lightbox-slideshow=\"c8eef2b\" data-elementor-lightbox-title=\"Facciata_Reastaurata_di_Villa_Reale_-_Marlia_LUCCA\" data-e-action-hash=\"#elementor-action%3Aaction%3Dlightbox%26settings%3DeyJpZCI6MTA2MDQsInVybCI6Imh0dHBzOlwvXC93d3cuY2FtcGluZ3ZlcnNpbGlhbWFyZS5pdFwvd3AtY29udGVudFwvdXBsb2Fkc1wvMjAyNFwvMDNcL0ZhY2NpYXRhX1JlYXN0YXVyYXRhX2RpX1ZpbGxhX1JlYWxlXy1fTWFybGlhX0xVQ0NBLmpwZyIsInNsaWRlc2hvdyI6ImM4ZWVmMmIifQ%3D%3D\" href='https:\/\/www.campingversiliamare.it\/wp-content\/uploads\/2024\/03\/Facciata_Reastaurata_di_Villa_Reale_-_Marlia_LUCCA.jpg'><img decoding=\"async\" width=\"768\" height=\"512\" src=\"https:\/\/www.campingversiliamare.it\/wp-content\/uploads\/2024\/03\/Facciata_Reastaurata_di_Villa_Reale_-_Marlia_LUCCA-768x512.jpg\" class=\"attachment-medium_large size-medium_large\" alt=\"\" srcset=\"https:\/\/www.campingversiliamare.it\/wp-content\/uploads\/2024\/03\/Facciata_Reastaurata_di_Villa_Reale_-_Marlia_LUCCA-768x512.jpg 768w, https:\/\/www.campingversiliamare.it\/wp-content\/uploads\/2024\/03\/Facciata_Reastaurata_di_Villa_Reale_-_Marlia_LUCCA-300x200.jpg 300w, https:\/\/www.campingversiliamare.it\/wp-content\/uploads\/2024\/03\/Facciata_Reastaurata_di_Villa_Reale_-_Marlia_LUCCA-1024x683.jpg 1024w, https:\/\/www.campingversiliamare.it\/wp-content\/uploads\/2024\/03\/Facciata_Reastaurata_di_Villa_Reale_-_Marlia_LUCCA-1536x1025.jpg 1536w, https:\/\/www.campingversiliamare.it\/wp-content\/uploads\/2024\/03\/Facciata_Reastaurata_di_Villa_Reale_-_Marlia_LUCCA-18x12.jpg 18w, https:\/\/www.campingversiliamare.it\/wp-content\/uploads\/2024\/03\/Facciata_Reastaurata_di_Villa_Reale_-_Marlia_LUCCA.jpg 1680w\" sizes=\"(max-width: 768px) 100vw, 768px\" \/><\/a>\n\t\t\t<\/div><\/figure><figure class='gallery-item'>\n\t\t\t<div class='gallery-icon landscape'>\n\t\t\t\t<a data-elementor-open-lightbox=\"yes\" data-elementor-lightbox-slideshow=\"c8eef2b\" data-elementor-lightbox-title=\"Teatro_dAcqua_di_Villa_Reale_Marlia_LUCCA\" data-e-action-hash=\"#elementor-action%3Aaction%3Dlightbox%26settings%3DeyJpZCI6MTA2MDYsInVybCI6Imh0dHBzOlwvXC93d3cuY2FtcGluZ3ZlcnNpbGlhbWFyZS5pdFwvd3AtY29udGVudFwvdXBsb2Fkc1wvMjAyNFwvMDNcL1RlYXRyb19kQWNxdWFfZGlfVmlsbGFfUmVhbGVfTWFybGlhX0xVQ0NBLmpwZyIsInNsaWRlc2hvdyI6ImM4ZWVmMmIifQ%3D%3D\" href='https:\/\/www.campingversiliamare.it\/wp-content\/uploads\/2024\/03\/Teatro_dAcqua_di_Villa_Reale_Marlia_LUCCA.jpg'><img decoding=\"async\" width=\"768\" height=\"512\" src=\"https:\/\/www.campingversiliamare.it\/wp-content\/uploads\/2024\/03\/Teatro_dAcqua_di_Villa_Reale_Marlia_LUCCA-768x512.jpg\" class=\"attachment-medium_large size-medium_large\" alt=\"\" srcset=\"https:\/\/www.campingversiliamare.it\/wp-content\/uploads\/2024\/03\/Teatro_dAcqua_di_Villa_Reale_Marlia_LUCCA-768x512.jpg 768w, https:\/\/www.campingversiliamare.it\/wp-content\/uploads\/2024\/03\/Teatro_dAcqua_di_Villa_Reale_Marlia_LUCCA-300x200.jpg 300w, https:\/\/www.campingversiliamare.it\/wp-content\/uploads\/2024\/03\/Teatro_dAcqua_di_Villa_Reale_Marlia_LUCCA-1024x683.jpg 1024w, https:\/\/www.campingversiliamare.it\/wp-content\/uploads\/2024\/03\/Teatro_dAcqua_di_Villa_Reale_Marlia_LUCCA-1536x1025.jpg 1536w, https:\/\/www.campingversiliamare.it\/wp-content\/uploads\/2024\/03\/Teatro_dAcqua_di_Villa_Reale_Marlia_LUCCA-18x12.jpg 18w, https:\/\/www.campingversiliamare.it\/wp-content\/uploads\/2024\/03\/Teatro_dAcqua_di_Villa_Reale_Marlia_LUCCA.jpg 1680w\" sizes=\"(max-width: 768px) 100vw, 768px\" \/><\/a>\n\t\t\t<\/div><\/figure>\n\t\t<\/div>\n\t\t<\/div>\n\t\t\t\t\t\t<\/div>\n\t\t\t\t<\/div>\n\t\t\t\t<div class=\"elementor-element elementor-element-8207696 elementor-widget elementor-widget-heading\" data-id=\"8207696\" data-element_type=\"widget\" data-e-type=\"widget\" data-widget_type=\"heading.default\">\n\t\t\t\t<div class=\"elementor-widget-container\">\n\t\t\t\t\t<span class=\"elementor-heading-title elementor-size-default\">Bilder von PGMedia.it \u2013 www.pgmedia.it, CC BY-SA 4.0, https:\/\/commons.wikimedia.org\/w\/index.php?curid=61346871<\/span>\t\t\t\t<\/div>\n\t\t\t\t<\/div>\n\t\t\t\t<div class=\"elementor-element elementor-element-c24601c elementor-widget elementor-widget-heading\" data-id=\"c24601c\" data-element_type=\"widget\" data-e-type=\"widget\" data-widget_type=\"heading.default\">\n\t\t\t\t<div class=\"elementor-widget-container\">\n\t\t\t\t\t<h3 class=\"elementor-heading-title elementor-size-default\">Die Karte<\/h3>\t\t\t\t<\/div>\n\t\t\t\t<\/div>\n\t\t\t\t<div class=\"elementor-element elementor-element-ad97141 elementor-widget elementor-widget-image\" data-id=\"ad97141\" data-element_type=\"widget\" data-e-type=\"widget\" data-widget_type=\"image.default\">\n\t\t\t\t<div class=\"elementor-widget-container\">\n\t\t\t\t\t\t\t\t\t\t\t\t\t\t\t<img loading=\"lazy\" decoding=\"async\" width=\"1024\" height=\"614\" src=\"https:\/\/www.campingversiliamare.it\/wp-content\/uploads\/2024\/03\/mappa-percorso-culturale-enogastronomico-1024x614.webp\" class=\"attachment-large size-large wp-image-10603\" alt=\"\" srcset=\"https:\/\/www.campingversiliamare.it\/wp-content\/uploads\/2024\/03\/mappa-percorso-culturale-enogastronomico-1024x614.webp 1024w, https:\/\/www.campingversiliamare.it\/wp-content\/uploads\/2024\/03\/mappa-percorso-culturale-enogastronomico-300x180.webp 300w, https:\/\/www.campingversiliamare.it\/wp-content\/uploads\/2024\/03\/mappa-percorso-culturale-enogastronomico-768x461.webp 768w, https:\/\/www.campingversiliamare.it\/wp-content\/uploads\/2024\/03\/mappa-percorso-culturale-enogastronomico-1536x922.webp 1536w, https:\/\/www.campingversiliamare.it\/wp-content\/uploads\/2024\/03\/mappa-percorso-culturale-enogastronomico-2048x1229.webp 2048w, https:\/\/www.campingversiliamare.it\/wp-content\/uploads\/2024\/03\/mappa-percorso-culturale-enogastronomico-18x12.webp 18w\" sizes=\"(max-width: 1024px) 100vw, 1024px\" \/>\t\t\t\t\t\t\t\t\t\t\t\t\t\t\t<\/div>\n\t\t\t\t<\/div>\n\t\t\t\t\t<\/div>\n\t\t<\/div>\n\t\t\t\t\t<\/div>\n\t\t<\/section>\n\t\t\t\t<\/div>","protected":false},"excerpt":{"rendered":"<p>TREKKINGROUTEN Kulturelle Wein- und Gastronomieroute Diese Route ist anspruchsvoll in Bezug auf Dauer, Entfernung und Schwierigkeitsgrad, aber \u00e4u\u00dferst anregend. Abfahrt ist vom Camping Village Versilia Mare in Richtung Camaiore, hinauf nach Montemagno und dann auf \u00fcberwiegend ebener Stra\u00dfe zum Ziel. Unterwegs kommen wir an der K\u00f6niglichen Villa vorbei \u2026 <a href=\"https:\/\/www.campingversiliamare.it\/de\/percorso-culturale-enogastronomico\/\" class=\"hover:text-pink-700\">Lesen Sie alles<\/a><\/p>","protected":false},"author":1,"featured_media":10608,"parent":0,"menu_order":0,"comment_status":"closed","ping_status":"closed","template":"","meta":{"_acf_changed":false,"footnotes":""},"class_list":["post-10602","page","type-page","status-publish","has-post-thumbnail","hentry"],"acf":[],"yoast_head":"<!-- This site is optimized with the Yoast SEO plugin v27.4 - https:\/\/yoast.com\/product\/yoast-seo-wordpress\/ -->\n<title>Percorso Culturale Enogastronomico - Camping Versilia Mare<\/title>\n<meta name=\"robots\" content=\"index, follow, max-snippet:-1, max-image-preview:large, max-video-preview:-1\" \/>\n<link rel=\"canonical\" href=\"https:\/\/www.campingversiliamare.it\/de\/kulturelle-essens-und-weinroute\/\" \/>\n<meta property=\"og:locale\" content=\"de_DE\" \/>\n<meta property=\"og:type\" content=\"article\" \/>\n<meta property=\"og:title\" content=\"Percorso Culturale Enogastronomico - Camping Versilia Mare\" \/>\n<meta property=\"og:description\" content=\"PERCORSI TREKKING Percorso Culturale Enogastronomico Questo percorso impegnativo per la durata, la distanza e la difficolt\u00e0, ma estremamente stimolante. Partenza \u00e8 prevista dal Camping Village Versilia Mare in direzione Camaiore salendo fino a Montemagno per poi procedere fino alla destinazione su una strada in gran parte pianeggiante. Durante il percorso passeremo davanti alla Villa Reale &hellip; Leggi tutto\" \/>\n<meta property=\"og:url\" content=\"https:\/\/www.campingversiliamare.it\/de\/kulturelle-essens-und-weinroute\/\" \/>\n<meta property=\"og:site_name\" content=\"Camping Versilia Mare\" \/>\n<meta property=\"article:modified_time\" content=\"2024-03-11T11:08:58+00:00\" \/>\n<meta property=\"og:image\" content=\"https:\/\/www.campingversiliamare.it\/wp-content\/uploads\/2024\/03\/pexels-timur-saglambilek-87224-scaled.jpg\" \/>\n\t<meta property=\"og:image:width\" content=\"2560\" \/>\n\t<meta property=\"og:image:height\" content=\"1707\" \/>\n\t<meta property=\"og:image:type\" content=\"image\/jpeg\" \/>\n<meta name=\"twitter:card\" content=\"summary_large_image\" \/>\n<meta name=\"twitter:label1\" content=\"Gesch\u00e4tzte Lesezeit\" \/>\n\t<meta name=\"twitter:data1\" content=\"3\u00a0Minuten\" \/>\n<script type=\"application\/ld+json\" class=\"yoast-schema-graph\">{\"@context\":\"https:\\\/\\\/schema.org\",\"@graph\":[{\"@type\":\"WebPage\",\"@id\":\"https:\\\/\\\/www.campingversiliamare.it\\\/percorso-culturale-enogastronomico\\\/\",\"url\":\"https:\\\/\\\/www.campingversiliamare.it\\\/percorso-culturale-enogastronomico\\\/\",\"name\":\"Percorso Culturale Enogastronomico - Camping Versilia Mare\",\"isPartOf\":{\"@id\":\"https:\\\/\\\/www.campingversiliamare.it\\\/ru\\\/#website\"},\"primaryImageOfPage\":{\"@id\":\"https:\\\/\\\/www.campingversiliamare.it\\\/percorso-culturale-enogastronomico\\\/#primaryimage\"},\"image\":{\"@id\":\"https:\\\/\\\/www.campingversiliamare.it\\\/percorso-culturale-enogastronomico\\\/#primaryimage\"},\"thumbnailUrl\":\"https:\\\/\\\/www.campingversiliamare.it\\\/wp-content\\\/uploads\\\/2024\\\/03\\\/pexels-timur-saglambilek-87224-scaled.jpg\",\"datePublished\":\"2024-03-11T10:54:15+00:00\",\"dateModified\":\"2024-03-11T11:08:58+00:00\",\"breadcrumb\":{\"@id\":\"https:\\\/\\\/www.campingversiliamare.it\\\/percorso-culturale-enogastronomico\\\/#breadcrumb\"},\"inLanguage\":\"de\",\"potentialAction\":[{\"@type\":\"ReadAction\",\"target\":[\"https:\\\/\\\/www.campingversiliamare.it\\\/percorso-culturale-enogastronomico\\\/\"]}]},{\"@type\":\"ImageObject\",\"inLanguage\":\"de\",\"@id\":\"https:\\\/\\\/www.campingversiliamare.it\\\/percorso-culturale-enogastronomico\\\/#primaryimage\",\"url\":\"https:\\\/\\\/www.campingversiliamare.it\\\/wp-content\\\/uploads\\\/2024\\\/03\\\/pexels-timur-saglambilek-87224-scaled.jpg\",\"contentUrl\":\"https:\\\/\\\/www.campingversiliamare.it\\\/wp-content\\\/uploads\\\/2024\\\/03\\\/pexels-timur-saglambilek-87224-scaled.jpg\",\"width\":2560,\"height\":1707},{\"@type\":\"BreadcrumbList\",\"@id\":\"https:\\\/\\\/www.campingversiliamare.it\\\/percorso-culturale-enogastronomico\\\/#breadcrumb\",\"itemListElement\":[{\"@type\":\"ListItem\",\"position\":1,\"name\":\"Home\",\"item\":\"https:\\\/\\\/www.campingversiliamare.it\\\/\"},{\"@type\":\"ListItem\",\"position\":2,\"name\":\"Percorso Culturale Enogastronomico\"}]},{\"@type\":\"WebSite\",\"@id\":\"https:\\\/\\\/www.campingversiliamare.it\\\/ru\\\/#website\",\"url\":\"https:\\\/\\\/www.campingversiliamare.it\\\/ru\\\/\",\"name\":\"Camping Versilia Mare\",\"description\":\"La tua vacanza in Versilia\",\"potentialAction\":[{\"@type\":\"SearchAction\",\"target\":{\"@type\":\"EntryPoint\",\"urlTemplate\":\"https:\\\/\\\/www.campingversiliamare.it\\\/ru\\\/?s={search_term_string}\"},\"query-input\":{\"@type\":\"PropertyValueSpecification\",\"valueRequired\":true,\"valueName\":\"search_term_string\"}}],\"inLanguage\":\"de\"}]}<\/script>\n<!-- \/ Yoast SEO plugin. -->","yoast_head_json":{"title":"Kulturelle Essens- und Weinroute - Camping Versilia Mare","robots":{"index":"index","follow":"follow","max-snippet":"max-snippet:-1","max-image-preview":"max-image-preview:large","max-video-preview":"max-video-preview:-1"},"canonical":"https:\/\/www.campingversiliamare.it\/de\/kulturelle-essens-und-weinroute\/","og_locale":"de_DE","og_type":"article","og_title":"Percorso Culturale Enogastronomico - Camping Versilia Mare","og_description":"PERCORSI TREKKING Percorso Culturale Enogastronomico Questo percorso impegnativo per la durata, la distanza e la difficolt\u00e0, ma estremamente stimolante. Partenza \u00e8 prevista dal Camping Village Versilia Mare in direzione Camaiore salendo fino a Montemagno per poi procedere fino alla destinazione su una strada in gran parte pianeggiante. Durante il percorso passeremo davanti alla Villa Reale &hellip; Leggi tutto","og_url":"https:\/\/www.campingversiliamare.it\/de\/kulturelle-essens-und-weinroute\/","og_site_name":"Camping Versilia Mare","article_modified_time":"2024-03-11T11:08:58+00:00","og_image":[{"width":2560,"height":1707,"url":"https:\/\/www.campingversiliamare.it\/wp-content\/uploads\/2024\/03\/pexels-timur-saglambilek-87224-scaled.jpg","type":"image\/jpeg"}],"twitter_card":"summary_large_image","twitter_misc":{"Gesch\u00e4tzte Lesezeit":"3\u00a0Minuten"},"schema":{"@context":"https:\/\/schema.org","@graph":[{"@type":"WebPage","@id":"https:\/\/www.campingversiliamare.it\/percorso-culturale-enogastronomico\/","url":"https:\/\/www.campingversiliamare.it\/percorso-culturale-enogastronomico\/","name":"Kulturelle Essens- und Weinroute - Camping Versilia Mare","isPartOf":{"@id":"https:\/\/www.campingversiliamare.it\/ru\/#website"},"primaryImageOfPage":{"@id":"https:\/\/www.campingversiliamare.it\/percorso-culturale-enogastronomico\/#primaryimage"},"image":{"@id":"https:\/\/www.campingversiliamare.it\/percorso-culturale-enogastronomico\/#primaryimage"},"thumbnailUrl":"https:\/\/www.campingversiliamare.it\/wp-content\/uploads\/2024\/03\/pexels-timur-saglambilek-87224-scaled.jpg","datePublished":"2024-03-11T10:54:15+00:00","dateModified":"2024-03-11T11:08:58+00:00","breadcrumb":{"@id":"https:\/\/www.campingversiliamare.it\/percorso-culturale-enogastronomico\/#breadcrumb"},"inLanguage":"de","potentialAction":[{"@type":"ReadAction","target":["https:\/\/www.campingversiliamare.it\/percorso-culturale-enogastronomico\/"]}]},{"@type":"ImageObject","inLanguage":"de","@id":"https:\/\/www.campingversiliamare.it\/percorso-culturale-enogastronomico\/#primaryimage","url":"https:\/\/www.campingversiliamare.it\/wp-content\/uploads\/2024\/03\/pexels-timur-saglambilek-87224-scaled.jpg","contentUrl":"https:\/\/www.campingversiliamare.it\/wp-content\/uploads\/2024\/03\/pexels-timur-saglambilek-87224-scaled.jpg","width":2560,"height":1707},{"@type":"BreadcrumbList","@id":"https:\/\/www.campingversiliamare.it\/percorso-culturale-enogastronomico\/#breadcrumb","itemListElement":[{"@type":"ListItem","position":1,"name":"Home","item":"https:\/\/www.campingversiliamare.it\/"},{"@type":"ListItem","position":2,"name":"Percorso Culturale Enogastronomico"}]},{"@type":"WebSite","@id":"https:\/\/www.campingversiliamare.it\/ru\/#website","url":"https:\/\/www.campingversiliamare.it\/ru\/","name":"Camping Versilia Mare","description":"Ihr Urlaub in Versilia","potentialAction":[{"@type":"SearchAction","target":{"@type":"EntryPoint","urlTemplate":"https:\/\/www.campingversiliamare.it\/ru\/?s={search_term_string}"},"query-input":{"@type":"PropertyValueSpecification","valueRequired":true,"valueName":"search_term_string"}}],"inLanguage":"de"}]}},"_links":{"self":[{"href":"https:\/\/www.campingversiliamare.it\/de\/wp-json\/wp\/v2\/pages\/10602","targetHints":{"allow":["GET"]}}],"collection":[{"href":"https:\/\/www.campingversiliamare.it\/de\/wp-json\/wp\/v2\/pages"}],"about":[{"href":"https:\/\/www.campingversiliamare.it\/de\/wp-json\/wp\/v2\/types\/page"}],"author":[{"embeddable":true,"href":"https:\/\/www.campingversiliamare.it\/de\/wp-json\/wp\/v2\/users\/1"}],"replies":[{"embeddable":true,"href":"https:\/\/www.campingversiliamare.it\/de\/wp-json\/wp\/v2\/comments?post=10602"}],"version-history":[{"count":5,"href":"https:\/\/www.campingversiliamare.it\/de\/wp-json\/wp\/v2\/pages\/10602\/revisions"}],"predecessor-version":[{"id":10614,"href":"https:\/\/www.campingversiliamare.it\/de\/wp-json\/wp\/v2\/pages\/10602\/revisions\/10614"}],"wp:featuredmedia":[{"embeddable":true,"href":"https:\/\/www.campingversiliamare.it\/de\/wp-json\/wp\/v2\/media\/10608"}],"wp:attachment":[{"href":"https:\/\/www.campingversiliamare.it\/de\/wp-json\/wp\/v2\/media?parent=10602"}],"curies":[{"name":"wp","href":"https:\/\/api.w.org\/{rel}","templated":true}]}}